{"id":5391,"date":"2020-01-30T14:56:36","date_gmt":"2020-01-30T13:56:36","guid":{"rendered":"https:\/\/www.botek.de\/?post_type=product&#038;p=5275"},"modified":"2020-01-30T15:34:30","modified_gmt":"2020-01-30T14:34:30","slug":"verbund-dichtscheibe-fuer-zweilippenbohrer-o-10000-11299-mm","status":"publish","type":"product","link":"https:\/\/www.botek.de\/fr\/produkt\/verbund-dichtscheibe-fuer-zweilippenbohrer-o-10000-11299-mm\/","title":{"rendered":"Disque d&#8217;\u00e9tanch\u00e9it\u00e9 renforc\u00e9 pour foret deux l\u00e8vres \u00d8&nbsp;10,000&nbsp;&#8211;&nbsp;11,299&nbsp;mm"},"content":{"rendered":"<h4>Autres dimensions:<\/h4>\n\n<div class=\"wpdt-c wdt-skin-light\">\n    \n    <input type=\"hidden\" id=\"wdtNonceFrontendServerSide_111\" name=\"wdtNonceFrontendServerSide_111\" value=\"cb3369ae08\" \/><input type=\"hidden\" name=\"_wp_http_referer\" value=\"\/fr\/wp-json\/wp\/v2\/product\/5391\" \/>    <input type=\"hidden\" id=\"table_1_desc\"\n           value='{\"tableId\":\"table_1\",\"tableType\":\"manual\",\"selector\":\"#table_1\",\"responsive\":true,\"responsiveAction\":\"icon\",\"editable\":false,\"inlineEditing\":false,\"infoBlock\":false,\"pagination_top\":0,\"pagination\":true,\"paginationAlign\":\"right\",\"paginationLayout\":\"full_numbers\",\"paginationLayoutMobile\":\"simple\",\"file_location\":\"\",\"tableSkin\":\"light\",\"table_wcag\":0,\"simple_template_id\":0,\"scrollable\":true,\"fixedLayout\":false,\"globalSearch\":false,\"showRowsPerPage\":false,\"popoverTools\":false,\"loader\":\"1\",\"showCartInformation\":1,\"hideBeforeLoad\":true,\"number_format\":1,\"decimalPlaces\":2,\"spinnerSrc\":\"https:\\\/\\\/www.botek.de\\\/wp-content\\\/plugins\\\/wpdatatables\\\/assets\\\/\\\/img\\\/spinner.gif\",\"index_column\":0,\"groupingEnabled\":false,\"tableWpId\":111,\"dataTableParams\":{\"sDom\":\"BT\\u003C\\u0027clear\\u0027\\u003E\\u003C\\u0027wdtscroll\\u0027t\\u003Ep\",\"bSortCellsTop\":false,\"bFilter\":true,\"bPaginate\":true,\"sPaginationType\":\"full_numbers\",\"aLengthMenu\":[[1,5,10,25,50,100,-1],[1,5,10,25,50,100,\"Tout\"]],\"iDisplayLength\":-1,\"columnDefs\":[{\"sType\":\"formatted-num\",\"wdtType\":\"int\",\"bVisible\":false,\"orderable\":true,\"searchable\":true,\"InputType\":\"text\",\"name\":\"wdt_ID\",\"origHeader\":\"wdt_ID\",\"notNull\":false,\"conditionalFormattingRules\":[],\"transformValueRules\":\"\",\"className\":\"numdata integer  column-wdt_id\",\"aTargets\":[0]},{\"sType\":\"string\",\"wdtType\":\"string\",\"bVisible\":true,\"orderable\":true,\"searchable\":true,\"InputType\":\"text\",\"name\":\"bohrerovonbis\",\"origHeader\":\"bohrerovonbis\",\"notNull\":false,\"conditionalFormattingRules\":[],\"transformValueRules\":\"\",\"className\":\"text-right column-bohrerovonbis\",\"aTargets\":[1]},{\"sType\":\"string\",\"wdtType\":\"link\",\"bVisible\":true,\"orderable\":true,\"searchable\":true,\"InputType\":\"link\",\"name\":\"artikelnummer\",\"origHeader\":\"artikelnummer\",\"notNull\":false,\"conditionalFormattingRules\":[],\"transformValueRules\":\"\",\"className\":\" column-artikelnummer\",\"aTargets\":[2]}],\"bAutoWidth\":false,\"order\":[[0,\"asc\"]],\"ordering\":false,\"fixedHeader\":{\"header\":false,\"headerOffset\":0},\"fixedColumns\":false,\"oLanguage\":{\"sProcessing\":\"Bitte warten...\",\"sLengthMenu\":\"_MENU_ Eintr\\u00e4ge anzeigen\",\"sZeroRecords\":\"Keine Eintr\\u00e4ge vorhanden.\",\"sInfo\":\"_START_ bis _END_ von _TOTAL_ Eintr\\u00e4gen\",\"sInfoEmpty\":\"0 bis 0 von 0 Eintr\\u00e4gen\",\"sInfoFiltered\":\"(gefiltert von _MAX_  Eintr\\u00e4gen)\",\"sInfoPostFix\":\"\",\"sSearch\":\"Suchen\",\"sSearchPlaceholder\":\"\",\"sUrl\":\"\",\"oPaginate\":{\"sFirst\":\"Erster\",\"sPrevious\":\"Zur\\u00fcck\",\"sNext\":\"N\\u00e4chster\",\"sLast\":\"Letzter\"}},\"buttons\":[],\"bProcessing\":false,\"serverSide\":true,\"ajax\":{\"url\":\"https:\\\/\\\/www.botek.de\\\/wp-admin\\\/admin-ajax.php?action=get_wdtable&table_id=111\",\"type\":\"POST\"},\"oSearch\":{\"bSmart\":false,\"bRegex\":false,\"sSearch\":\"\"}},\"customRowDisplay\":\"\",\"tabletWidth\":\"1260\",\"mobileWidth\":\"780\",\"renderFilter\":\"footer\",\"advancedFilterEnabled\":false,\"serverSide\":true,\"autoRefreshInterval\":0,\"processing\":true,\"fnServerData\":true,\"columnsFixed\":0,\"sumFunctionsLabel\":\"\",\"avgFunctionsLabel\":\"\",\"minFunctionsLabel\":\"\",\"maxFunctionsLabel\":\"SuperAdministrator\",\"columnsDecimalPlaces\":{\"wdt_ID\":-1,\"bohrerovonbis\":-1,\"artikelnummer\":-1},\"columnsThousandsSeparator\":{\"wdt_ID\":0},\"sumColumns\":[],\"avgColumns\":[],\"sumAvgColumns\":[],\"timeFormat\":\"H:i\",\"datepickFormat\":\"mm.dd.yy\"}'\/>\n\n    <table id=\"table_1\"\n           class=\" scroll responsive display nowrap wdt-no-display data-t data-t wpDataTable wpDataTableID-111 \"\n           style=\"display: none; \"\n           data-described-by='table_1_desc'\n           data-wpdatatable_id=\"111\">\n        \n        <!-- Table header -->\n        \n<thead>\n<tr>\n                    <th\n                        class=\" wdtheader sort numdata integer \"\n        style=\"\">        wdt_ID<\/th>        <th\n        data-class=\"expand\"                class=\" wdtheader sort text-right\"\n        style=\"\">        Foret-\u00d8 de- \u00e0<\/th>        <th\n                        class=\" wdtheader sort \"\n        style=\"\">        Num\u00e9ro de commande<\/th>    <\/tr>\n<\/thead>\n        <!-- \/Table header -->\n\n        <!-- Table body -->\n        \n<tbody>\n<!-- Table body -->\n<div data-id=\"111\"\n     class=\"wdt-timeline-item wdt-timeline-table_1\"\n     style=\"\">\n    <div class=\"wdt-table-loader\">\n        <div class=\"wdt-table-loader-row wdt-table-loader-header\">\n            <div class=\"wdt-table-loader-header-cell wdt-animated-background\"><\/div>\n            <div class=\"wdt-table-loader-header-cell wdt-animated-background\"><\/div>\n            <div class=\"wdt-table-loader-header-cell wdt-animated-background\"><\/div>\n        <\/div>\n                    <div class=\"wdt-table-loader-row\">\n                <div class=\"wdt-table-loader-cell wdt-animated-background\"><\/div>\n                <div class=\"wdt-table-loader-cell wdt-animated-background\"><\/div>\n                <div class=\"wdt-table-loader-cell wdt-animated-background\"><\/div>\n            <\/div>\n                    <div class=\"wdt-table-loader-row\">\n                <div class=\"wdt-table-loader-cell wdt-animated-background\"><\/div>\n                <div class=\"wdt-table-loader-cell wdt-animated-background\"><\/div>\n                <div class=\"wdt-table-loader-cell wdt-animated-background\"><\/div>\n            <\/div>\n                    <div class=\"wdt-table-loader-row\">\n                <div class=\"wdt-table-loader-cell wdt-animated-background\"><\/div>\n                <div class=\"wdt-table-loader-cell wdt-animated-background\"><\/div>\n                <div class=\"wdt-table-loader-cell wdt-animated-background\"><\/div>\n            <\/div>\n                    <div class=\"wdt-table-loader-row\">\n                <div class=\"wdt-table-loader-cell wdt-animated-background\"><\/div>\n                <div class=\"wdt-table-loader-cell wdt-animated-background\"><\/div>\n                <div class=\"wdt-table-loader-cell wdt-animated-background\"><\/div>\n            <\/div>\n                    <div class=\"wdt-table-loader-row\">\n                <div class=\"wdt-table-loader-cell wdt-animated-background\"><\/div>\n                <div class=\"wdt-table-loader-cell wdt-animated-background\"><\/div>\n                <div class=\"wdt-table-loader-cell wdt-animated-background\"><\/div>\n            <\/div>\n                    <div class=\"wdt-table-loader-row\">\n                <div class=\"wdt-table-loader-cell wdt-animated-background\"><\/div>\n                <div class=\"wdt-table-loader-cell wdt-animated-background\"><\/div>\n                <div class=\"wdt-table-loader-cell wdt-animated-background\"><\/div>\n            <\/div>\n                    <div class=\"wdt-table-loader-row\">\n                <div class=\"wdt-table-loader-cell wdt-animated-background\"><\/div>\n                <div class=\"wdt-table-loader-cell wdt-animated-background\"><\/div>\n                <div class=\"wdt-table-loader-cell wdt-animated-background\"><\/div>\n            <\/div>\n                    <div class=\"wdt-table-loader-row\">\n                <div class=\"wdt-table-loader-cell wdt-animated-background\"><\/div>\n                <div class=\"wdt-table-loader-cell wdt-animated-background\"><\/div>\n                <div class=\"wdt-table-loader-cell wdt-animated-background\"><\/div>\n            <\/div>\n                    <div class=\"wdt-table-loader-row\">\n                <div class=\"wdt-table-loader-cell wdt-animated-background\"><\/div>\n                <div class=\"wdt-table-loader-cell wdt-animated-background\"><\/div>\n                <div class=\"wdt-table-loader-cell wdt-animated-background\"><\/div>\n            <\/div>\n                    <div class=\"wdt-table-loader-row\">\n                <div class=\"wdt-table-loader-cell wdt-animated-background\"><\/div>\n                <div class=\"wdt-table-loader-cell wdt-animated-background\"><\/div>\n                <div class=\"wdt-table-loader-cell wdt-animated-background\"><\/div>\n            <\/div>\n                    <div class=\"wdt-table-loader-row\">\n                <div class=\"wdt-table-loader-cell wdt-animated-background\"><\/div>\n                <div class=\"wdt-table-loader-cell wdt-animated-background\"><\/div>\n                <div class=\"wdt-table-loader-cell wdt-animated-background\"><\/div>\n            <\/div>\n                    <div class=\"wdt-table-loader-row\">\n                <div class=\"wdt-table-loader-cell wdt-animated-background\"><\/div>\n                <div class=\"wdt-table-loader-cell wdt-animated-background\"><\/div>\n                <div class=\"wdt-table-loader-cell wdt-animated-background\"><\/div>\n            <\/div>\n                    <div class=\"wdt-table-loader-row\">\n                <div class=\"wdt-table-loader-cell wdt-animated-background\"><\/div>\n                <div class=\"wdt-table-loader-cell wdt-animated-background\"><\/div>\n                <div class=\"wdt-table-loader-cell wdt-animated-background\"><\/div>\n            <\/div>\n                    <div class=\"wdt-table-loader-row\">\n                <div class=\"wdt-table-loader-cell wdt-animated-background\"><\/div>\n                <div class=\"wdt-table-loader-cell wdt-animated-background\"><\/div>\n                <div class=\"wdt-table-loader-cell wdt-animated-background\"><\/div>\n            <\/div>\n                    <div class=\"wdt-table-loader-row\">\n                <div class=\"wdt-table-loader-cell wdt-animated-background\"><\/div>\n                <div class=\"wdt-table-loader-cell wdt-animated-background\"><\/div>\n                <div class=\"wdt-table-loader-cell wdt-animated-background\"><\/div>\n            <\/div>\n            <\/div>\n<\/div><!-- \/Table body -->\n                    <tr id=\"table_111_row_0\"\n            data-row-index=\"0\">\n                            <td style=\"\">1<\/td>\n                            <td style=\"\">5,000 - 5,749 mm<\/td>\n                            <td style=\"\"><a data-content='792000527-A' href='https:\/\/www.botek.de\/fr\/product\/verbund-dichtscheibe-fuer-zweilippenbohrer-o-5000-5749-mm\/' rel='' target='_self'>792000527-A<\/a><\/td>\n                    <\/tr>\n                            <tr id=\"table_111_row_1\"\n            data-row-index=\"1\">\n                            <td style=\"\">2<\/td>\n                            <td style=\"\">5,750 - 6,749 mm<\/td>\n                            <td style=\"\"><a data-content='792000527-B' href='https:\/\/www.botek.de\/fr\/product\/verbund-dichtscheibe-fuer-zweilippenbohrer-o-5750-6749-mm\/' rel='' target='_self'>792000527-B<\/a><\/td>\n                    <\/tr>\n                            <tr id=\"table_111_row_2\"\n            data-row-index=\"2\">\n                            <td style=\"\">3<\/td>\n                            <td style=\"\">6,750 - 7,599 mm<\/td>\n                            <td style=\"\"><a data-content='792000527-C' href='https:\/\/www.botek.de\/fr\/product\/verbund-dichtscheibe-fuer-zweilippenbohrer-o-6750-7599-mm\/' rel='' target='_self'>792000527-C<\/a><\/td>\n                    <\/tr>\n                            <tr id=\"table_111_row_3\"\n            data-row-index=\"3\">\n                            <td style=\"\">4<\/td>\n                            <td style=\"\">7,600 - 8,699 mm<\/td>\n                            <td style=\"\"><a data-content='792000527-D' href='https:\/\/www.botek.de\/fr\/product\/verbund-dichtscheibe-fuer-zweilippenbohrer-o-7600-8699-mm\/' rel='' target='_self'>792000527-D<\/a><\/td>\n                    <\/tr>\n                            <tr id=\"table_111_row_4\"\n            data-row-index=\"4\">\n                            <td style=\"\">5<\/td>\n                            <td style=\"\">8,700 - 9,999 mm<\/td>\n                            <td style=\"\"><a data-content='792000527-E' href='https:\/\/www.botek.de\/fr\/product\/verbund-dichtscheibe-fuer-zweilippenbohrer-o-8700-9999-mm\/' rel='' target='_self'>792000527-E<\/a><\/td>\n                    <\/tr>\n                            <tr id=\"table_111_row_5\"\n            data-row-index=\"5\">\n                            <td style=\"\">6<\/td>\n                            <td style=\"\">10,000 - 11,299 mm<\/td>\n                            <td style=\"\"><a data-content='792000527-F' href='https:\/\/www.botek.de\/fr\/product\/verbund-dichtscheibe-fuer-zweilippenbohrer-o-10000-11299-mm\/' rel='' target='_self'>792000527-F<\/a><\/td>\n                    <\/tr>\n                            <tr id=\"table_111_row_6\"\n            data-row-index=\"6\">\n                            <td style=\"\">7<\/td>\n                            <td style=\"\">11,300 - 12,899 mm<\/td>\n                            <td style=\"\"><a data-content='792000527-G' href='https:\/\/www.botek.de\/fr\/product\/verbund-dichtscheibe-fuer-zweilippenbohrer-o-11300-12899-mm\/' rel='' target='_self'>792000527-G<\/a><\/td>\n                    <\/tr>\n                            <tr id=\"table_111_row_7\"\n            data-row-index=\"7\">\n                            <td style=\"\">8<\/td>\n                            <td style=\"\">12,900 - 14,399 mm<\/td>\n                            <td style=\"\"><a data-content='792000527-H' href='https:\/\/www.botek.de\/fr\/product\/verbund-dichtscheibe-fuer-zweilippenbohrer-o-12900-14399-mm\/' rel='' target='_self'>792000527-H<\/a><\/td>\n                    <\/tr>\n                            <tr id=\"table_111_row_8\"\n            data-row-index=\"8\">\n                            <td style=\"\">9<\/td>\n                            <td style=\"\">14,400 - 16,399 mm<\/td>\n                            <td style=\"\"><a data-content='792000527-I' href='https:\/\/www.botek.de\/fr\/product\/verbund-dichtscheibe-fuer-zweilippenbohrer-o-14400-16399-mm\/' rel='' target='_self'>792000527-I<\/a><\/td>\n                    <\/tr>\n                            <tr id=\"table_111_row_9\"\n            data-row-index=\"9\">\n                            <td style=\"\">10<\/td>\n                            <td style=\"\">16,400 - 17,899 mm<\/td>\n                            <td style=\"\"><a data-content='792000528-A' href='https:\/\/www.botek.de\/fr\/product\/verbund-dichtscheibe-fuer-zweilippenbohrer-o-16400-17899-mm\/' rel='' target='_self'>792000528-A<\/a><\/td>\n                    <\/tr>\n                            <tr id=\"table_111_row_10\"\n            data-row-index=\"10\">\n                            <td style=\"\">11<\/td>\n                            <td style=\"\">17,900 - 20,799 mm<\/td>\n                            <td style=\"\"><a data-content='792000528-B' href='https:\/\/www.botek.de\/fr\/product\/verbund-dichtscheibe-fuer-zweilippenbohrer-o-17900-20799-mm\/' rel='' target='_self'>792000528-B<\/a><\/td>\n                    <\/tr>\n                            <tr id=\"table_111_row_11\"\n            data-row-index=\"11\">\n                            <td style=\"\">12<\/td>\n                            <td style=\"\">20,800 - 22,899 mm<\/td>\n                            <td style=\"\"><a data-content='792000528-C' href='https:\/\/www.botek.de\/fr\/product\/verbund-dichtscheibe-fuer-zweilippenbohrer-o-20800-22899-mm\/' rel='' target='_self'>792000528-C<\/a><\/td>\n                    <\/tr>\n                            <tr id=\"table_111_row_12\"\n            data-row-index=\"12\">\n                            <td style=\"\">13<\/td>\n                            <td style=\"\">22,900 - 24,899 mm<\/td>\n                            <td style=\"\"><a data-content='792000528-D' href='https:\/\/www.botek.de\/fr\/product\/verbund-dichtscheibe-fuer-zweilippenbohrer-o-22900-24899-mm\/' rel='' target='_self'>792000528-D<\/a><\/td>\n                    <\/tr>\n                            <tr id=\"table_111_row_13\"\n            data-row-index=\"13\">\n                            <td style=\"\">14<\/td>\n                            <td style=\"\">24.900 - 27,000 mm<\/td>\n                            <td style=\"\"><a data-content='792000528-E' href='https:\/\/www.botek.de\/fr\/product\/verbund-dichtscheibe-fuer-zweilippenbohrer-o-24900-27000-mm\/' rel='' target='_self'>792000528-E<\/a><\/td>\n                    <\/tr>\n            <\/tbody>        <!-- \/Table body -->\n\n        <!-- Table footer -->\n        \n        <!-- \/Table footer -->\n    <\/table>\n\n<\/div><style>\n.columnValue {\n    display:block;\n    white-space: normal;\n}\n.columnValue > img {\n    width: 80%;\n}\n\n.row-detail > td > ul {\n    padding: 0 0 20px 10px;\n}\n\n.wpDataTable img {\n    max-width: 250px;\n}\n.wpDataTable .table-image {\n    min-width: 250px;\n}\n\na > button {\n    padding: 5px 0;\n    max-width: 220px !important;\n    height: auto !important;\n    margin: 5px 0 !important;\n}\n\n@media screen and (max-width:500px) {\n    .wpDataTables {\n        width: 110%;\n        margin-left: -5%;\n    }\n}table.wpDataTable td.numdata { text-align: right !important; }\n<\/style>\n<style>\n                    \n                \/* odd rows background color *\/\n    .wpdt-c.wpDataTablesWrapper table.wpdtSimpleTable tr.odd td,\n    .wpdt-c .wpDataTablesWrapper table.wpDataTable tr.odd td {\n        background-color: #ffffff !important;\n    }\n\n            \/* even rows background color *\/\n    .wpdt-c.wpDataTablesWrapper table.wpdtSimpleTable tr.even td,\n    .wpdt-c .wpDataTablesWrapper table.wpDataTable tr.even td,\n    .wpdt-c .wpDataTablesWrapper table.has-columns-hidden tr.row-detail > td {\n        background-color: #ffffff !important;\n    }\n\n                    \/* rows hover background color *\/\n    .wpdt-c.wpDataTablesWrapper table.wpdtSimpleTable tr.odd:hover > td,\n    .wpdt-c .wpDataTablesWrapper table.wpDataTable tr.odd:hover > td,\n    .wpdt-c .wpDataTablesWrapper table.wpDataTable tr.odd:hover > td.sorting_1,\n    .wpdt-c .wpDataTablesWrapper table.wpDataTable tr.even:hover > td,\n    .wpdt-c.wpDataTablesWrapper table.wpdtSimpleTable tr.even:hover > td,\n    .wpdt-c .wpDataTablesWrapper table.wpDataTable tr.even:hover > td.sorting_1 {\n        background-color: #ffffff !important;\n    }\n\n            \/* selected rows background color *\/\n    .wpdt-c .wpDataTablesWrapper table.wpDataTable tr.odd.selected > td,\n    .wpdt-c .wpDataTablesWrapper table.wpDataTable tr.odd.selected > td.sorting_1,\n    .wpdt-c .wpDataTablesWrapper table.wpDataTable tr.even.selected > td,\n    .wpdt-c .wpDataTablesWrapper table.wpDataTable tr.even.selected > td.sorting_1 {\n        background-color: #ffffff !important;\n    }\n\n                                                                    \n                <\/style>\n<style>\n<\/style>\n<style>\n                            \n                                        \n                    \n<\/style>\n\n","protected":false},"excerpt":{"rendered":"<h3>Disque d&#8217;\u00e9tanch\u00e9it\u00e9 renforc\u00e9 pour foret deux l\u00e8vres<\/h3>\n<p><strong>Pour foret-diam\u00e8tre (d):<\/strong><\/p>\n<div id=\"bohrerdurchmesser\"><\/div>\n<p><strong>Diam\u00e8tre (D):<\/strong> 32 mm<br \/>\n<strong>Longueur (L):<\/strong> 12 mm<br \/>\n<strong>Num\u00e9ro de plan:<\/strong> 170-07-4-142209<\/p>\n<p>*Dans la limite des stocks disponibles &#8211; Ventes interm\u00e9diaire r\u00e9serv\u00e9e<\/p>\n<p><strong>Dimensions sp\u00e9ciales sur demande<\/strong><\/p>\n","protected":false},"featured_media":5383,"template":"","meta":[],"product_brand":[],"product_cat":[7033],"product_tag":[],"class_list":{"0":"post-5391","1":"product","2":"type-product","3":"status-publish","4":"has-post-thumbnail","6":"product_cat-sealing-disc-","8":"first","9":"instock","10":"shipping-taxable","11":"purchasable","12":"product-type-simple"},"_links":{"self":[{"href":"https:\/\/www.botek.de\/fr\/wp-json\/wp\/v2\/product\/5391","targetHints":{"allow":["GET"]}}],"collection":[{"href":"https:\/\/www.botek.de\/fr\/wp-json\/wp\/v2\/product"}],"about":[{"href":"https:\/\/www.botek.de\/fr\/wp-json\/wp\/v2\/types\/product"}],"wp:featuredmedia":[{"embeddable":true,"href":"https:\/\/www.botek.de\/fr\/wp-json\/wp\/v2\/media\/5383"}],"wp:attachment":[{"href":"https:\/\/www.botek.de\/fr\/wp-json\/wp\/v2\/media?parent=5391"}],"wp:term":[{"taxonomy":"product_brand","embeddable":true,"href":"https:\/\/www.botek.de\/fr\/wp-json\/wp\/v2\/product_brand?post=5391"},{"taxonomy":"product_cat","embeddable":true,"href":"https:\/\/www.botek.de\/fr\/wp-json\/wp\/v2\/product_cat?post=5391"},{"taxonomy":"product_tag","embeddable":true,"href":"https:\/\/www.botek.de\/fr\/wp-json\/wp\/v2\/product_tag?post=5391"}],"curies":[{"name":"wp","href":"https:\/\/api.w.org\/{rel}","templated":true}]}}