{"id":4278,"date":"2019-10-09T13:50:25","date_gmt":"2019-10-09T11:50:25","guid":{"rendered":"https:\/\/www.botek.de\/?post_type=product&#038;p=4145"},"modified":"2019-11-27T15:39:54","modified_gmt":"2019-11-27T14:39:54","slug":"bohrbuchse-nach-din-179-fuer-bohrer-o-2700-3399-mm","status":"publish","type":"product","link":"https:\/\/www.botek.de\/fr\/produkt\/bohrbuchse-nach-din-179-fuer-bohrer-o-2700-3399-mm\/","title":{"rendered":"Canon de per\u00e7age selon DIN&nbsp;179 pour foret \u00d8 2,700&nbsp;&#8211;&nbsp;3,399&nbsp;mm"},"content":{"rendered":"<h4>Autres dimensions:<\/h4>\n\n<div class=\"wpdt-c wdt-skin-light\">\n    \n    <input type=\"hidden\" id=\"wdtNonceFrontendServerSide_87\" name=\"wdtNonceFrontendServerSide_87\" value=\"e5ffcbd9fa\" \/><input type=\"hidden\" name=\"_wp_http_referer\" value=\"\/fr\/wp-json\/wp\/v2\/product\/4278\" \/>    <input type=\"hidden\" id=\"table_1_desc\"\n           value='{\"tableId\":\"table_1\",\"tableType\":\"manual\",\"selector\":\"#table_1\",\"responsive\":true,\"responsiveAction\":\"icon\",\"editable\":false,\"inlineEditing\":false,\"infoBlock\":false,\"pagination_top\":0,\"pagination\":true,\"paginationAlign\":\"right\",\"paginationLayout\":\"full_numbers\",\"paginationLayoutMobile\":\"simple\",\"file_location\":\"\",\"tableSkin\":\"light\",\"table_wcag\":0,\"simple_template_id\":0,\"scrollable\":true,\"fixedLayout\":false,\"globalSearch\":false,\"showRowsPerPage\":false,\"popoverTools\":false,\"loader\":\"1\",\"showCartInformation\":1,\"hideBeforeLoad\":true,\"number_format\":1,\"decimalPlaces\":2,\"spinnerSrc\":\"https:\\\/\\\/www.botek.de\\\/wp-content\\\/plugins\\\/wpdatatables\\\/assets\\\/\\\/img\\\/spinner.gif\",\"index_column\":0,\"groupingEnabled\":false,\"tableWpId\":87,\"dataTableParams\":{\"sDom\":\"BT\\u003C\\u0027clear\\u0027\\u003E\\u003C\\u0027wdtscroll\\u0027t\\u003Ep\",\"bSortCellsTop\":false,\"bFilter\":true,\"bPaginate\":true,\"sPaginationType\":\"full_numbers\",\"aLengthMenu\":[[1,5,10,25,50,100,-1],[1,5,10,25,50,100,\"Tout\"]],\"iDisplayLength\":-1,\"columnDefs\":[{\"sType\":\"formatted-num\",\"wdtType\":\"int\",\"bVisible\":false,\"orderable\":true,\"searchable\":true,\"InputType\":\"text\",\"name\":\"wdt_ID\",\"origHeader\":\"wdt_ID\",\"notNull\":false,\"conditionalFormattingRules\":[],\"transformValueRules\":\"\",\"className\":\"numdata integer  column-wdt_id\",\"aTargets\":[0]},{\"sType\":\"string\",\"wdtType\":\"string\",\"bVisible\":true,\"orderable\":true,\"searchable\":true,\"InputType\":\"text\",\"name\":\"bohrerdrmvonbis\",\"origHeader\":\"bohrerdrmvonbis\",\"notNull\":false,\"conditionalFormattingRules\":[],\"transformValueRules\":\"\",\"className\":\"text-right column-bohrerdrmvonbis\",\"aTargets\":[1]},{\"sType\":\"string\",\"wdtType\":\"link\",\"bVisible\":true,\"orderable\":true,\"searchable\":true,\"InputType\":\"link\",\"name\":\"artikelnummer\",\"origHeader\":\"artikelnummer\",\"notNull\":false,\"conditionalFormattingRules\":[],\"transformValueRules\":\"\",\"className\":\" column-artikelnummer\",\"aTargets\":[2]}],\"bAutoWidth\":false,\"order\":[[0,\"asc\"]],\"ordering\":false,\"fixedHeader\":{\"header\":false,\"headerOffset\":0},\"fixedColumns\":false,\"oLanguage\":{\"sProcessing\":\"Bitte warten...\",\"sLengthMenu\":\"_MENU_ Eintr\\u00e4ge anzeigen\",\"sZeroRecords\":\"Keine Eintr\\u00e4ge vorhanden.\",\"sInfo\":\"_START_ bis _END_ von _TOTAL_ Eintr\\u00e4gen\",\"sInfoEmpty\":\"0 bis 0 von 0 Eintr\\u00e4gen\",\"sInfoFiltered\":\"(gefiltert von _MAX_  Eintr\\u00e4gen)\",\"sInfoPostFix\":\"\",\"sSearch\":\"Suchen\",\"sSearchPlaceholder\":\"\",\"sUrl\":\"\",\"oPaginate\":{\"sFirst\":\"Erster\",\"sPrevious\":\"Zur\\u00fcck\",\"sNext\":\"N\\u00e4chster\",\"sLast\":\"Letzter\"}},\"buttons\":[],\"bProcessing\":false,\"serverSide\":true,\"ajax\":{\"url\":\"https:\\\/\\\/www.botek.de\\\/wp-admin\\\/admin-ajax.php?action=get_wdtable&table_id=87\",\"type\":\"POST\"},\"oSearch\":{\"bSmart\":false,\"bRegex\":false,\"sSearch\":\"\"}},\"customRowDisplay\":\"\",\"tabletWidth\":\"1260\",\"mobileWidth\":\"780\",\"renderFilter\":\"footer\",\"advancedFilterEnabled\":false,\"serverSide\":true,\"autoRefreshInterval\":0,\"processing\":true,\"fnServerData\":true,\"columnsFixed\":0,\"sumFunctionsLabel\":\"\",\"avgFunctionsLabel\":\"\",\"minFunctionsLabel\":\"\",\"maxFunctionsLabel\":\"SuperAdministrator\",\"columnsDecimalPlaces\":{\"wdt_ID\":-1,\"bohrerdrmvonbis\":-1,\"artikelnummer\":-1},\"columnsThousandsSeparator\":{\"wdt_ID\":0},\"sumColumns\":[],\"avgColumns\":[],\"sumAvgColumns\":[],\"timeFormat\":\"H:i\",\"datepickFormat\":\"mm.dd.yy\"}'\/>\n\n    <table id=\"table_1\"\n           class=\" scroll responsive display nowrap wdt-no-display data-t data-t wpDataTable wpDataTableID-87 \"\n           style=\"display: none; \"\n           data-described-by='table_1_desc'\n           data-wpdatatable_id=\"87\">\n        \n        <!-- Table header -->\n        \n<thead>\n<tr>\n                    <th\n                        class=\" wdtheader sort numdata integer \"\n        style=\"\">        wdt_ID<\/th>        <th\n        data-class=\"expand\"                class=\" wdtheader sort text-right\"\n        style=\"\">        Foret-\u00d8 de- \u00e0<\/th>        <th\n                        class=\" wdtheader sort \"\n        style=\"\">        Num\u00e9ro de commande<\/th>    <\/tr>\n<\/thead>\n        <!-- \/Table header -->\n\n        <!-- Table body -->\n        \n<tbody>\n<!-- Table body -->\n<div data-id=\"87\"\n     class=\"wdt-timeline-item wdt-timeline-table_1\"\n     style=\"\">\n    <div class=\"wdt-table-loader\">\n        <div class=\"wdt-table-loader-row wdt-table-loader-header\">\n            <div class=\"wdt-table-loader-header-cell wdt-animated-background\"><\/div>\n            <div class=\"wdt-table-loader-header-cell wdt-animated-background\"><\/div>\n            <div class=\"wdt-table-loader-header-cell wdt-animated-background\"><\/div>\n        <\/div>\n                    <div class=\"wdt-table-loader-row\">\n                <div class=\"wdt-table-loader-cell wdt-animated-background\"><\/div>\n                <div class=\"wdt-table-loader-cell wdt-animated-background\"><\/div>\n                <div class=\"wdt-table-loader-cell wdt-animated-background\"><\/div>\n            <\/div>\n                    <div class=\"wdt-table-loader-row\">\n                <div class=\"wdt-table-loader-cell wdt-animated-background\"><\/div>\n                <div class=\"wdt-table-loader-cell wdt-animated-background\"><\/div>\n                <div class=\"wdt-table-loader-cell wdt-animated-background\"><\/div>\n            <\/div>\n                    <div class=\"wdt-table-loader-row\">\n                <div class=\"wdt-table-loader-cell wdt-animated-background\"><\/div>\n                <div class=\"wdt-table-loader-cell wdt-animated-background\"><\/div>\n                <div class=\"wdt-table-loader-cell wdt-animated-background\"><\/div>\n            <\/div>\n                    <div class=\"wdt-table-loader-row\">\n                <div class=\"wdt-table-loader-cell wdt-animated-background\"><\/div>\n                <div class=\"wdt-table-loader-cell wdt-animated-background\"><\/div>\n                <div class=\"wdt-table-loader-cell wdt-animated-background\"><\/div>\n            <\/div>\n                    <div class=\"wdt-table-loader-row\">\n                <div class=\"wdt-table-loader-cell wdt-animated-background\"><\/div>\n                <div class=\"wdt-table-loader-cell wdt-animated-background\"><\/div>\n                <div class=\"wdt-table-loader-cell wdt-animated-background\"><\/div>\n            <\/div>\n                    <div class=\"wdt-table-loader-row\">\n                <div class=\"wdt-table-loader-cell wdt-animated-background\"><\/div>\n                <div class=\"wdt-table-loader-cell wdt-animated-background\"><\/div>\n                <div class=\"wdt-table-loader-cell wdt-animated-background\"><\/div>\n            <\/div>\n                    <div class=\"wdt-table-loader-row\">\n                <div class=\"wdt-table-loader-cell wdt-animated-background\"><\/div>\n                <div class=\"wdt-table-loader-cell wdt-animated-background\"><\/div>\n                <div class=\"wdt-table-loader-cell wdt-animated-background\"><\/div>\n            <\/div>\n                    <div class=\"wdt-table-loader-row\">\n                <div class=\"wdt-table-loader-cell wdt-animated-background\"><\/div>\n                <div class=\"wdt-table-loader-cell wdt-animated-background\"><\/div>\n                <div class=\"wdt-table-loader-cell wdt-animated-background\"><\/div>\n            <\/div>\n                    <div class=\"wdt-table-loader-row\">\n                <div class=\"wdt-table-loader-cell wdt-animated-background\"><\/div>\n                <div class=\"wdt-table-loader-cell wdt-animated-background\"><\/div>\n                <div class=\"wdt-table-loader-cell wdt-animated-background\"><\/div>\n            <\/div>\n                    <div class=\"wdt-table-loader-row\">\n                <div class=\"wdt-table-loader-cell wdt-animated-background\"><\/div>\n                <div class=\"wdt-table-loader-cell wdt-animated-background\"><\/div>\n                <div class=\"wdt-table-loader-cell wdt-animated-background\"><\/div>\n            <\/div>\n                    <div class=\"wdt-table-loader-row\">\n                <div class=\"wdt-table-loader-cell wdt-animated-background\"><\/div>\n                <div class=\"wdt-table-loader-cell wdt-animated-background\"><\/div>\n                <div class=\"wdt-table-loader-cell wdt-animated-background\"><\/div>\n            <\/div>\n                    <div class=\"wdt-table-loader-row\">\n                <div class=\"wdt-table-loader-cell wdt-animated-background\"><\/div>\n                <div class=\"wdt-table-loader-cell wdt-animated-background\"><\/div>\n                <div class=\"wdt-table-loader-cell wdt-animated-background\"><\/div>\n            <\/div>\n                    <div class=\"wdt-table-loader-row\">\n                <div class=\"wdt-table-loader-cell wdt-animated-background\"><\/div>\n                <div class=\"wdt-table-loader-cell wdt-animated-background\"><\/div>\n                <div class=\"wdt-table-loader-cell wdt-animated-background\"><\/div>\n            <\/div>\n                    <div class=\"wdt-table-loader-row\">\n                <div class=\"wdt-table-loader-cell wdt-animated-background\"><\/div>\n                <div class=\"wdt-table-loader-cell wdt-animated-background\"><\/div>\n                <div class=\"wdt-table-loader-cell wdt-animated-background\"><\/div>\n            <\/div>\n                    <div class=\"wdt-table-loader-row\">\n                <div class=\"wdt-table-loader-cell wdt-animated-background\"><\/div>\n                <div class=\"wdt-table-loader-cell wdt-animated-background\"><\/div>\n                <div class=\"wdt-table-loader-cell wdt-animated-background\"><\/div>\n            <\/div>\n                    <div class=\"wdt-table-loader-row\">\n                <div class=\"wdt-table-loader-cell wdt-animated-background\"><\/div>\n                <div class=\"wdt-table-loader-cell wdt-animated-background\"><\/div>\n                <div class=\"wdt-table-loader-cell wdt-animated-background\"><\/div>\n            <\/div>\n                    <div class=\"wdt-table-loader-row\">\n                <div class=\"wdt-table-loader-cell wdt-animated-background\"><\/div>\n                <div class=\"wdt-table-loader-cell wdt-animated-background\"><\/div>\n                <div class=\"wdt-table-loader-cell wdt-animated-background\"><\/div>\n            <\/div>\n                    <div class=\"wdt-table-loader-row\">\n                <div class=\"wdt-table-loader-cell wdt-animated-background\"><\/div>\n                <div class=\"wdt-table-loader-cell wdt-animated-background\"><\/div>\n                <div class=\"wdt-table-loader-cell wdt-animated-background\"><\/div>\n            <\/div>\n                    <div class=\"wdt-table-loader-row\">\n                <div class=\"wdt-table-loader-cell wdt-animated-background\"><\/div>\n                <div class=\"wdt-table-loader-cell wdt-animated-background\"><\/div>\n                <div class=\"wdt-table-loader-cell wdt-animated-background\"><\/div>\n            <\/div>\n                    <div class=\"wdt-table-loader-row\">\n                <div class=\"wdt-table-loader-cell wdt-animated-background\"><\/div>\n                <div class=\"wdt-table-loader-cell wdt-animated-background\"><\/div>\n                <div class=\"wdt-table-loader-cell wdt-animated-background\"><\/div>\n            <\/div>\n                    <div class=\"wdt-table-loader-row\">\n                <div class=\"wdt-table-loader-cell wdt-animated-background\"><\/div>\n                <div class=\"wdt-table-loader-cell wdt-animated-background\"><\/div>\n                <div class=\"wdt-table-loader-cell wdt-animated-background\"><\/div>\n            <\/div>\n            <\/div>\n<\/div><!-- \/Table body -->\n                    <tr id=\"table_87_row_0\"\n            data-row-index=\"0\">\n                            <td style=\"\">1<\/td>\n                            <td style=\"\">0,800 - 1,099 mm<\/td>\n                            <td style=\"\"><a data-content='1380000-A' href='https:\/\/www.botek.de\/fr\/product\/bohrbuchse-nach-din-179-fuer-bohrer-o-0800-1099-mm\/' rel='' target='_self'>1380000-A<\/a><\/td>\n                    <\/tr>\n                            <tr id=\"table_87_row_1\"\n            data-row-index=\"1\">\n                            <td style=\"\">2<\/td>\n                            <td style=\"\">1,100 - 1,899 mm<\/td>\n                            <td style=\"\"><a data-content='1380000-B' href='https:\/\/www.botek.de\/fr\/product\/bohrbuchse-nach-din-179-fuer-bohrer-o-1100-1899-mm\/' rel='' target='_self'>1380000-B<\/a><\/td>\n                    <\/tr>\n                            <tr id=\"table_87_row_2\"\n            data-row-index=\"2\">\n                            <td style=\"\">3<\/td>\n                            <td style=\"\">1,900 - 2,699 mm<\/td>\n                            <td style=\"\"><a data-content='1380000-C' href='https:\/\/www.botek.de\/fr\/product\/bohrbuchse-nach-din-179-fuer-bohrer-o-1900-2699-mm\/' rel='' target='_self'>1380000-C<\/a><\/td>\n                    <\/tr>\n                            <tr id=\"table_87_row_3\"\n            data-row-index=\"3\">\n                            <td style=\"\">4<\/td>\n                            <td style=\"\">2,700 - 3,399 mm<\/td>\n                            <td style=\"\"><a data-content='1380000-D' href='https:\/\/www.botek.de\/fr\/product\/bohrbuchse-nach-din-179-fuer-bohrer-o-2700-3399-mm\/' rel='' target='_self'>1380000-D<\/a><\/td>\n                    <\/tr>\n                            <tr id=\"table_87_row_4\"\n            data-row-index=\"4\">\n                            <td style=\"\">5<\/td>\n                            <td style=\"\">3,400 - 4,099 mm<\/td>\n                            <td style=\"\"><a data-content='1380000-E' href='https:\/\/www.botek.de\/fr\/product\/bohrbuchse-nach-din-179-fuer-bohrer-o-3400-4099-mm\/' rel='' target='_self'>1380000-E<\/a><\/td>\n                    <\/tr>\n                            <tr id=\"table_87_row_5\"\n            data-row-index=\"5\">\n                            <td style=\"\">6<\/td>\n                            <td style=\"\">4,100 - 5,099 mm<\/td>\n                            <td style=\"\"><a data-content='1380000-F' href='https:\/\/www.botek.de\/fr\/product\/bohrbuchse-nach-din-179-fuer-bohrer-o-4100-5099-mm\/' rel='' target='_self'>1380000-F<\/a><\/td>\n                    <\/tr>\n                            <tr id=\"table_87_row_6\"\n            data-row-index=\"6\">\n                            <td style=\"\">7<\/td>\n                            <td style=\"\">5,100 - 6,099 mm<\/td>\n                            <td style=\"\"><a data-content='1380000-G' href='https:\/\/www.botek.de\/fr\/product\/bohrbuchse-nach-din-179-fuer-bohrer-o-5100-6099-mm\/' rel='' target='_self'>1380000-G<\/a><\/td>\n                    <\/tr>\n                            <tr id=\"table_87_row_7\"\n            data-row-index=\"7\">\n                            <td style=\"\">8<\/td>\n                            <td style=\"\">6,100 - 8,099 mm<\/td>\n                            <td style=\"\"><a data-content='1380000-H' href='https:\/\/www.botek.de\/fr\/product\/bohrbuchse-nach-din-179-fuer-bohrer-o-6100-8099-mm\/' rel='' target='_self'>1380000-H<\/a><\/td>\n                    <\/tr>\n                            <tr id=\"table_87_row_8\"\n            data-row-index=\"8\">\n                            <td style=\"\">9<\/td>\n                            <td style=\"\">8,100 - 10,099 mm<\/td>\n                            <td style=\"\"><a data-content='1380000-I' href='https:\/\/www.botek.de\/fr\/product\/bohrbuchse-nach-din-179-fuer-bohrer-o-8100-10099-mm\/' rel='' target='_self'>1380000-I<\/a><\/td>\n                    <\/tr>\n                            <tr id=\"table_87_row_9\"\n            data-row-index=\"9\">\n                            <td style=\"\">10<\/td>\n                            <td style=\"\">10,100 - 12,099 mm<\/td>\n                            <td style=\"\"><a data-content='1380000-J' href='https:\/\/www.botek.de\/fr\/product\/bohrbuchse-nach-din-179-fuer-bohrer-o-10100-12099-mm\/' rel='' target='_self'>1380000-J<\/a><\/td>\n                    <\/tr>\n                            <tr id=\"table_87_row_10\"\n            data-row-index=\"10\">\n                            <td style=\"\">11<\/td>\n                            <td style=\"\">12,100 - 15,099 mm<\/td>\n                            <td style=\"\"><a data-content='1380000-K' href='https:\/\/www.botek.de\/fr\/product\/bohrbuchse-nach-din-179-fuer-bohrer-o-12100-15099-mm\/' rel='' target='_self'>1380000-K<\/a><\/td>\n                    <\/tr>\n                            <tr id=\"table_87_row_11\"\n            data-row-index=\"11\">\n                            <td style=\"\">12<\/td>\n                            <td style=\"\">15,100 - 18,099 mm<\/td>\n                            <td style=\"\"><a data-content='1380000-L' href='https:\/\/www.botek.de\/fr\/product\/bohrbuchse-nach-din-179-fuer-bohrer-o-15100-18099-mm\/' rel='' target='_self'>1380000-L<\/a><\/td>\n                    <\/tr>\n                            <tr id=\"table_87_row_12\"\n            data-row-index=\"12\">\n                            <td style=\"\">13<\/td>\n                            <td style=\"\">18,100 - 22,099 mm<\/td>\n                            <td style=\"\"><a data-content='1380000-M' href='https:\/\/www.botek.de\/fr\/product\/bohrbuchse-nach-din-179-fuer-bohrer-o-18100-22099-mm\/' rel='' target='_self'>1380000-M<\/a><\/td>\n                    <\/tr>\n                            <tr id=\"table_87_row_13\"\n            data-row-index=\"13\">\n                            <td style=\"\">14<\/td>\n                            <td style=\"\">22,100 - 26,099 mm<\/td>\n                            <td style=\"\"><a data-content='1380000-N' href='https:\/\/www.botek.de\/fr\/product\/bohrbuchse-nach-din-179-fuer-bohrer-o-22100-26099-mm\/' rel='' target='_self'>1380000-N<\/a><\/td>\n                    <\/tr>\n                            <tr id=\"table_87_row_14\"\n            data-row-index=\"14\">\n                            <td style=\"\">15<\/td>\n                            <td style=\"\">26,100 - 30,099 mm<\/td>\n                            <td style=\"\"><a data-content='1380000-O' href='https:\/\/www.botek.de\/fr\/product\/bohrbuchse-nach-din-179-fuer-bohrer-o-26100-30099-mm\/' rel='' target='_self'>1380000-O<\/a><\/td>\n                    <\/tr>\n                            <tr id=\"table_87_row_15\"\n            data-row-index=\"15\">\n                            <td style=\"\">16<\/td>\n                            <td style=\"\">30,100 - 35,099 mm<\/td>\n                            <td style=\"\"><a data-content='1380000-P' href='https:\/\/www.botek.de\/fr\/product\/bohrbuchse-nach-din-179-fuer-bohrer-o-30100-35099-mm\/' rel='' target='_self'>1380000-P<\/a><\/td>\n                    <\/tr>\n                            <tr id=\"table_87_row_16\"\n            data-row-index=\"16\">\n                            <td style=\"\">17<\/td>\n                            <td style=\"\">35,100 - 42,099 mm<\/td>\n                            <td style=\"\"><a data-content='1380000-Q' href='https:\/\/www.botek.de\/fr\/product\/bohrbuchse-nach-din-179-fuer-bohrer-o-35100-42099-mm\/' rel='' target='_self'>1380000-Q<\/a><\/td>\n                    <\/tr>\n                            <tr id=\"table_87_row_17\"\n            data-row-index=\"17\">\n                            <td style=\"\">18<\/td>\n                            <td style=\"\">42,100 - 48,099 mm<\/td>\n                            <td style=\"\"><a data-content='1380000-R' href='https:\/\/www.botek.de\/fr\/product\/bohrbuchse-nach-din-179-fuer-bohrer-o-42100-48099-mm\/' rel='' target='_self'>1380000-R<\/a><\/td>\n                    <\/tr>\n                            <tr id=\"table_87_row_18\"\n            data-row-index=\"18\">\n                            <td style=\"\">19<\/td>\n                            <td style=\"\">48,100 - 55,099 mm<\/td>\n                            <td style=\"\"><a data-content='1380000-S' href='https:\/\/www.botek.de\/fr\/product\/bohrbuchse-nach-din-179-fuer-bohrer-o-48100-55099-mm\/' rel='' target='_self'>1380000-S<\/a><\/td>\n                    <\/tr>\n                            <tr id=\"table_87_row_19\"\n            data-row-index=\"19\">\n                            <td style=\"\">20<\/td>\n                            <td style=\"\">55,100 - 63,099 mm<\/td>\n                            <td style=\"\"><a data-content='1380000-T' href='https:\/\/www.botek.de\/fr\/product\/bohrbuchse-nach-din-179-fuer-bohrer-o-55100-63099-mm\/' rel='' target='_self'>1380000-T<\/a><\/td>\n                    <\/tr>\n            <\/tbody>        <!-- \/Table body -->\n\n        <!-- Table footer -->\n        \n        <!-- \/Table footer -->\n    <\/table>\n\n<\/div><style>\n.columnValue {\n    display:block;\n    white-space: normal;\n}\n.columnValue > img {\n    width: 80%;\n}\n\n.row-detail > td > ul {\n    padding: 0 0 20px 10px;\n}\n\n.wpDataTable img {\n    max-width: 250px;\n}\n.wpDataTable .table-image {\n    min-width: 250px;\n}\n\na > button {\n    padding: 5px 0;\n    max-width: 220px !important;\n    height: auto !important;\n    margin: 5px 0 !important;\n}\n\n@media screen and (max-width:500px) {\n    .wpDataTables {\n        width: 110%;\n        margin-left: -5%;\n    }\n}table.wpDataTable td.numdata { text-align: right !important; }\n<\/style>\n<style>\n                    \n                \/* odd rows background color *\/\n    .wpdt-c.wpDataTablesWrapper table.wpdtSimpleTable tr.odd td,\n    .wpdt-c .wpDataTablesWrapper table.wpDataTable tr.odd td {\n        background-color: #ffffff !important;\n    }\n\n            \/* even rows background color *\/\n    .wpdt-c.wpDataTablesWrapper table.wpdtSimpleTable tr.even td,\n    .wpdt-c .wpDataTablesWrapper table.wpDataTable tr.even td,\n    .wpdt-c .wpDataTablesWrapper table.has-columns-hidden tr.row-detail > td {\n        background-color: #ffffff !important;\n    }\n\n                    \/* rows hover background color *\/\n    .wpdt-c.wpDataTablesWrapper table.wpdtSimpleTable tr.odd:hover > td,\n    .wpdt-c .wpDataTablesWrapper table.wpDataTable tr.odd:hover > td,\n    .wpdt-c .wpDataTablesWrapper table.wpDataTable tr.odd:hover > td.sorting_1,\n    .wpdt-c .wpDataTablesWrapper table.wpDataTable tr.even:hover > td,\n    .wpdt-c.wpDataTablesWrapper table.wpdtSimpleTable tr.even:hover > td,\n    .wpdt-c .wpDataTablesWrapper table.wpDataTable tr.even:hover > td.sorting_1 {\n        background-color: #ffffff !important;\n    }\n\n            \/* selected rows background color *\/\n    .wpdt-c .wpDataTablesWrapper table.wpDataTable tr.odd.selected > td,\n    .wpdt-c .wpDataTablesWrapper table.wpDataTable tr.odd.selected > td.sorting_1,\n    .wpdt-c .wpDataTablesWrapper table.wpDataTable tr.even.selected > td,\n    .wpdt-c .wpDataTablesWrapper table.wpDataTable tr.even.selected > td.sorting_1 {\n        background-color: #ffffff !important;\n    }\n\n                                                                    \n                <\/style>\n<style>\n<\/style>\n<style>\n                            \n                                        \n                    \n<\/style>\n\n","protected":false},"excerpt":{"rendered":"<h3>Canon de per\u00e7age cylindrique selon DIN 179 \u2013 Forme A<\/h3>\n<p>en moyenne version en acier trait\u00e9<\/p>\n<p><strong>Pour foret diam\u00e8tre:<\/strong><\/p>\n<div id=\"bohrerdurchmesser\"><\/div>\n<p><strong>Tol\u00e9rance:<\/strong> F7<br \/>\n<strong>Longueur totale (l1):<\/strong> 12,0 mm<br \/>\n<strong>Diam\u00e8tre ext\u00e9rieur (d2):<\/strong> 6,0 mm<\/p>\n<p>*jusqu\u2019\u00e0 \u00e9puisement des stocks \u2013 ventes interm\u00e9diaires r\u00e9serv\u00e9es<\/p>\n<p><strong>Dimensions sp\u00e9ciales sur demande <\/strong><\/p>\n","protected":false},"featured_media":4262,"template":"","meta":[],"product_brand":[],"product_cat":[6997],"product_tag":[],"class_list":{"0":"post-4278","1":"product","2":"type-product","3":"status-publish","4":"has-post-thumbnail","6":"product_cat-drill-bushings","7":"product_shipping_class-worldwide","9":"first","10":"instock","11":"shipping-taxable","12":"purchasable","13":"product-type-simple"},"_links":{"self":[{"href":"https:\/\/www.botek.de\/fr\/wp-json\/wp\/v2\/product\/4278","targetHints":{"allow":["GET"]}}],"collection":[{"href":"https:\/\/www.botek.de\/fr\/wp-json\/wp\/v2\/product"}],"about":[{"href":"https:\/\/www.botek.de\/fr\/wp-json\/wp\/v2\/types\/product"}],"wp:featuredmedia":[{"embeddable":true,"href":"https:\/\/www.botek.de\/fr\/wp-json\/wp\/v2\/media\/4262"}],"wp:attachment":[{"href":"https:\/\/www.botek.de\/fr\/wp-json\/wp\/v2\/media?parent=4278"}],"wp:term":[{"taxonomy":"product_brand","embeddable":true,"href":"https:\/\/www.botek.de\/fr\/wp-json\/wp\/v2\/product_brand?post=4278"},{"taxonomy":"product_cat","embeddable":true,"href":"https:\/\/www.botek.de\/fr\/wp-json\/wp\/v2\/product_cat?post=4278"},{"taxonomy":"product_tag","embeddable":true,"href":"https:\/\/www.botek.de\/fr\/wp-json\/wp\/v2\/product_tag?post=4278"}],"curies":[{"name":"wp","href":"https:\/\/api.w.org\/{rel}","templated":true}]}}