{"id":3808,"date":"2019-06-25T13:07:08","date_gmt":"2019-06-25T11:07:08","guid":{"rendered":"https:\/\/www.botek.de\/?post_type=product&#038;p=1442"},"modified":"2022-08-03T12:28:15","modified_gmt":"2022-08-03T10:28:15","slug":"typ-113-hp-7mm-x-30","status":"publish","type":"product","link":"https:\/\/www.botek.de\/fr\/produkt\/typ-113-hp-7mm-x-30\/","title":{"rendered":"Foret 1 l\u00e8vre en carbure monobloc en ex\u00e9cution Haute Performance Type&nbsp;113-HP \u00d8&nbsp;7,000&nbsp;mm Longueur&nbsp;30 x \u00d8"},"content":{"rendered":"<h4>Autres dimensions:<\/h4>\n\n<div class=\"wpdt-c wdt-skin-light\">\n    \n    <input type=\"hidden\" id=\"wdtNonceFrontendServerSide_74\" name=\"wdtNonceFrontendServerSide_74\" value=\"002fda6d82\" \/><input type=\"hidden\" name=\"_wp_http_referer\" value=\"\/fr\/wp-json\/wp\/v2\/product\/3808\" \/>    <input type=\"hidden\" id=\"table_1_desc\"\n           value='{\"tableId\":\"table_1\",\"tableType\":\"manual\",\"selector\":\"#table_1\",\"responsive\":true,\"responsiveAction\":\"icon\",\"editable\":false,\"inlineEditing\":false,\"infoBlock\":false,\"pagination_top\":0,\"pagination\":true,\"paginationAlign\":\"right\",\"paginationLayout\":\"full_numbers\",\"paginationLayoutMobile\":\"simple\",\"file_location\":\"\",\"tableSkin\":\"light\",\"table_wcag\":0,\"simple_template_id\":0,\"scrollable\":true,\"fixedLayout\":false,\"globalSearch\":false,\"showRowsPerPage\":false,\"popoverTools\":false,\"loader\":\"1\",\"showCartInformation\":1,\"hideBeforeLoad\":true,\"number_format\":1,\"decimalPlaces\":2,\"spinnerSrc\":\"https:\\\/\\\/www.botek.de\\\/wp-content\\\/plugins\\\/wpdatatables\\\/assets\\\/\\\/img\\\/spinner.gif\",\"index_column\":0,\"groupingEnabled\":false,\"tableWpId\":74,\"dataTableParams\":{\"sDom\":\"BT\\u003C\\u0027clear\\u0027\\u003E\\u003C\\u0027wdtscroll\\u0027t\\u003Ep\",\"bSortCellsTop\":false,\"bFilter\":true,\"bPaginate\":true,\"sPaginationType\":\"full_numbers\",\"aLengthMenu\":[[1,5,10,25,50,100,-1],[1,5,10,25,50,100,\"Tout\"]],\"iDisplayLength\":-1,\"columnDefs\":[{\"sType\":\"formatted-num\",\"wdtType\":\"int\",\"bVisible\":false,\"orderable\":true,\"searchable\":true,\"InputType\":\"text\",\"name\":\"wdt_ID\",\"origHeader\":\"wdt_ID\",\"notNull\":false,\"conditionalFormattingRules\":[],\"transformValueRules\":\"\",\"className\":\"numdata integer  column-wdt_id\",\"aTargets\":[0]},{\"sType\":\"string\",\"wdtType\":\"string\",\"bVisible\":true,\"orderable\":true,\"searchable\":true,\"InputType\":\"text\",\"name\":\"bohrtiefe\",\"origHeader\":\"bohrtiefe\",\"notNull\":false,\"conditionalFormattingRules\":[],\"transformValueRules\":\"\",\"className\":\"text-right column-bohrtiefe\",\"aTargets\":[1]},{\"sType\":\"string\",\"wdtType\":\"string\",\"bVisible\":true,\"orderable\":true,\"searchable\":true,\"InputType\":\"text\",\"name\":\"schaft\",\"origHeader\":\"schaft\",\"notNull\":false,\"conditionalFormattingRules\":[],\"transformValueRules\":\"\",\"className\":\" column-schaft\",\"aTargets\":[2]},{\"sType\":\"string\",\"wdtType\":\"link\",\"bVisible\":true,\"orderable\":true,\"searchable\":true,\"InputType\":\"link\",\"name\":\"20x\",\"origHeader\":\"20x\",\"notNull\":false,\"conditionalFormattingRules\":[],\"transformValueRules\":\"\",\"className\":\" column-20x\",\"aTargets\":[3]},{\"sType\":\"string\",\"wdtType\":\"link\",\"bVisible\":true,\"orderable\":true,\"searchable\":true,\"InputType\":\"link\",\"name\":\"30x\",\"origHeader\":\"30x\",\"notNull\":false,\"conditionalFormattingRules\":[],\"transformValueRules\":\"\",\"className\":\" column-30x\",\"aTargets\":[4]},{\"sType\":\"string\",\"wdtType\":\"link\",\"bVisible\":true,\"orderable\":true,\"searchable\":true,\"InputType\":\"link\",\"name\":\"40x\",\"origHeader\":\"40x\",\"notNull\":false,\"conditionalFormattingRules\":[],\"transformValueRules\":\"\",\"className\":\" column-40x\",\"aTargets\":[5]}],\"bAutoWidth\":false,\"order\":[[0,\"asc\"]],\"ordering\":false,\"fixedHeader\":{\"header\":false,\"headerOffset\":0},\"fixedColumns\":false,\"oLanguage\":{\"sProcessing\":\"Bitte warten...\",\"sLengthMenu\":\"_MENU_ Eintr\\u00e4ge anzeigen\",\"sZeroRecords\":\"Keine Eintr\\u00e4ge vorhanden.\",\"sInfo\":\"_START_ bis _END_ von _TOTAL_ Eintr\\u00e4gen\",\"sInfoEmpty\":\"0 bis 0 von 0 Eintr\\u00e4gen\",\"sInfoFiltered\":\"(gefiltert von _MAX_  Eintr\\u00e4gen)\",\"sInfoPostFix\":\"\",\"sSearch\":\"Suchen\",\"sSearchPlaceholder\":\"\",\"sUrl\":\"\",\"oPaginate\":{\"sFirst\":\"Erster\",\"sPrevious\":\"Zur\\u00fcck\",\"sNext\":\"N\\u00e4chster\",\"sLast\":\"Letzter\"}},\"buttons\":[],\"bProcessing\":false,\"serverSide\":true,\"ajax\":{\"url\":\"https:\\\/\\\/www.botek.de\\\/wp-admin\\\/admin-ajax.php?action=get_wdtable&table_id=74\",\"type\":\"POST\"},\"oSearch\":{\"bSmart\":false,\"bRegex\":false,\"sSearch\":\"\"}},\"customRowDisplay\":\"\",\"tabletWidth\":\"1260\",\"mobileWidth\":\"780\",\"renderFilter\":\"footer\",\"advancedFilterEnabled\":false,\"serverSide\":true,\"autoRefreshInterval\":0,\"processing\":true,\"fnServerData\":true,\"columnsFixed\":0,\"sumFunctionsLabel\":\"\",\"avgFunctionsLabel\":\"\",\"minFunctionsLabel\":\"\",\"maxFunctionsLabel\":\"SuperAdministrator\",\"columnsDecimalPlaces\":{\"wdt_ID\":-1,\"bohrtiefe\":-1,\"schaft\":-1,\"20x\":-1,\"30x\":-1,\"40x\":-1},\"columnsThousandsSeparator\":{\"wdt_ID\":0},\"sumColumns\":[],\"avgColumns\":[],\"sumAvgColumns\":[],\"timeFormat\":\"H:i\",\"datepickFormat\":\"mm.dd.yy\"}'\/>\n\n    <table id=\"table_1\"\n           class=\" scroll responsive display nowrap wdt-no-display data-t data-t wpDataTable wpDataTableID-74 \"\n           style=\"display: none; \"\n           data-described-by='table_1_desc'\n           data-wpdatatable_id=\"74\">\n        \n        <!-- Table header -->\n        \n<thead>\n<tr>\n                    <th\n                        class=\" wdtheader sort numdata integer \"\n        style=\"\">        wdt_ID<\/th>        <th\n        data-class=\"expand\"                class=\" wdtheader sort text-right\"\n        style=\"\">        DC\/ Profondeur de per\u00e7age<\/th>        <th\n                        class=\" wdtheader sort \"\n        style=\"\">        Shaft<\/th>        <th\n                        class=\" wdtheader sort \"\n        style=\"\">        20 x \u00d8<\/th>        <th\n                        class=\" wdtheader sort \"\n        style=\"\">        30 x \u00d8<\/th>        <th\n                        class=\" wdtheader sort \"\n        style=\"\">        40 x \u00d8<\/th>    <\/tr>\n<\/thead>\n        <!-- \/Table header -->\n\n        <!-- Table body -->\n        \n<tbody>\n<!-- Table body -->\n<div data-id=\"74\"\n     class=\"wdt-timeline-item wdt-timeline-table_1\"\n     style=\"\">\n    <div class=\"wdt-table-loader\">\n        <div class=\"wdt-table-loader-row wdt-table-loader-header\">\n            <div class=\"wdt-table-loader-header-cell wdt-animated-background\"><\/div>\n            <div class=\"wdt-table-loader-header-cell wdt-animated-background\"><\/div>\n            <div class=\"wdt-table-loader-header-cell wdt-animated-background\"><\/div>\n        <\/div>\n                    <div class=\"wdt-table-loader-row\">\n                <div class=\"wdt-table-loader-cell wdt-animated-background\"><\/div>\n                <div class=\"wdt-table-loader-cell wdt-animated-background\"><\/div>\n                <div class=\"wdt-table-loader-cell wdt-animated-background\"><\/div>\n            <\/div>\n                    <div class=\"wdt-table-loader-row\">\n                <div class=\"wdt-table-loader-cell wdt-animated-background\"><\/div>\n                <div class=\"wdt-table-loader-cell wdt-animated-background\"><\/div>\n                <div class=\"wdt-table-loader-cell wdt-animated-background\"><\/div>\n            <\/div>\n                    <div class=\"wdt-table-loader-row\">\n                <div class=\"wdt-table-loader-cell wdt-animated-background\"><\/div>\n                <div class=\"wdt-table-loader-cell wdt-animated-background\"><\/div>\n                <div class=\"wdt-table-loader-cell wdt-animated-background\"><\/div>\n            <\/div>\n                    <div class=\"wdt-table-loader-row\">\n                <div class=\"wdt-table-loader-cell wdt-animated-background\"><\/div>\n                <div class=\"wdt-table-loader-cell wdt-animated-background\"><\/div>\n                <div class=\"wdt-table-loader-cell wdt-animated-background\"><\/div>\n            <\/div>\n                    <div class=\"wdt-table-loader-row\">\n                <div class=\"wdt-table-loader-cell wdt-animated-background\"><\/div>\n                <div class=\"wdt-table-loader-cell wdt-animated-background\"><\/div>\n                <div class=\"wdt-table-loader-cell wdt-animated-background\"><\/div>\n            <\/div>\n                    <div class=\"wdt-table-loader-row\">\n                <div class=\"wdt-table-loader-cell wdt-animated-background\"><\/div>\n                <div class=\"wdt-table-loader-cell wdt-animated-background\"><\/div>\n                <div class=\"wdt-table-loader-cell wdt-animated-background\"><\/div>\n            <\/div>\n                    <div class=\"wdt-table-loader-row\">\n                <div class=\"wdt-table-loader-cell wdt-animated-background\"><\/div>\n                <div class=\"wdt-table-loader-cell wdt-animated-background\"><\/div>\n                <div class=\"wdt-table-loader-cell wdt-animated-background\"><\/div>\n            <\/div>\n                    <div class=\"wdt-table-loader-row\">\n                <div class=\"wdt-table-loader-cell wdt-animated-background\"><\/div>\n                <div class=\"wdt-table-loader-cell wdt-animated-background\"><\/div>\n                <div class=\"wdt-table-loader-cell wdt-animated-background\"><\/div>\n            <\/div>\n                    <div class=\"wdt-table-loader-row\">\n                <div class=\"wdt-table-loader-cell wdt-animated-background\"><\/div>\n                <div class=\"wdt-table-loader-cell wdt-animated-background\"><\/div>\n                <div class=\"wdt-table-loader-cell wdt-animated-background\"><\/div>\n            <\/div>\n                    <div class=\"wdt-table-loader-row\">\n                <div class=\"wdt-table-loader-cell wdt-animated-background\"><\/div>\n                <div class=\"wdt-table-loader-cell wdt-animated-background\"><\/div>\n                <div class=\"wdt-table-loader-cell wdt-animated-background\"><\/div>\n            <\/div>\n            <\/div>\n<\/div><!-- \/Table body -->\n                    <tr id=\"table_74_row_0\"\n            data-row-index=\"0\">\n                            <td style=\"\">1<\/td>\n                            <td style=\"\">2,00 mm<\/td>\n                            <td style=\"\"><\/td>\n                            <td style=\"\"><\/td>\n                            <td style=\"\"><a data-content='702002100' href='https:\/\/www.botek.de\/fr\/product\/typ-113-hp-2mm-x-30\/' rel='' target='_self'>702002100<\/a><\/td>\n                            <td style=\"\"><a data-content='702002101' href='https:\/\/www.botek.de\/fr\/product\/typ-113-hp-2mm-x-40\/' rel='' target='_self'>702002101<\/a><\/td>\n                    <\/tr>\n                            <tr id=\"table_74_row_1\"\n            data-row-index=\"1\">\n                            <td style=\"\">2<\/td>\n                            <td style=\"\">3,00 mm<\/td>\n                            <td style=\"\"><\/td>\n                            <td style=\"\"><a data-content='702002102' href='https:\/\/www.botek.de\/fr\/product\/typ-113-hp-3mm-x-20\/' rel='' target='_self'>702002102<\/a><\/td>\n                            <td style=\"\"><a data-content='702002103' href='https:\/\/www.botek.de\/fr\/product\/typ-113-hp-3mm-x-30\/' rel='' target='_self'>702002103<\/a><\/td>\n                            <td style=\"\"><a data-content='702002104' href='https:\/\/www.botek.de\/fr\/product\/typ-113-hp-3mm-x-40\/' rel='' target='_self'>702002104<\/a><\/td>\n                    <\/tr>\n                            <tr id=\"table_74_row_2\"\n            data-row-index=\"2\">\n                            <td style=\"\">3<\/td>\n                            <td style=\"\">4,00 mm<\/td>\n                            <td style=\"\"><\/td>\n                            <td style=\"\"><a data-content='702002105' href='https:\/\/www.botek.de\/fr\/product\/typ-113-hp-4mm-x-20\/' rel='' target='_self'>702002105<\/a><\/td>\n                            <td style=\"\"><a data-content='702002106' href='https:\/\/www.botek.de\/fr\/product\/typ-113-hp-4mm-x-30\/' rel='' target='_self'>702002106<\/a><\/td>\n                            <td style=\"\"><a data-content='702002107' href='https:\/\/www.botek.de\/fr\/product\/typ-113-hp-4mm-x-40\/' rel='' target='_self'>702002107<\/a><\/td>\n                    <\/tr>\n                            <tr id=\"table_74_row_3\"\n            data-row-index=\"3\">\n                            <td style=\"\">4<\/td>\n                            <td style=\"\">5,00 mm<\/td>\n                            <td style=\"\"><\/td>\n                            <td style=\"\"><a data-content='702002108' href='https:\/\/www.botek.de\/fr\/product\/typ-113-hp-5mm-x-20\/' rel='' target='_self'>702002108<\/a><\/td>\n                            <td style=\"\"><a data-content='702002109' href='https:\/\/www.botek.de\/fr\/product\/typ-113-hp-5mm-x-30\/' rel='' target='_self'>702002109<\/a><\/td>\n                            <td style=\"\"><a data-content='702002110' href='https:\/\/www.botek.de\/fr\/product\/typ-113-hp-5mm-x-40\/' rel='' target='_self'>702002110<\/a><\/td>\n                    <\/tr>\n                            <tr id=\"table_74_row_4\"\n            data-row-index=\"4\">\n                            <td style=\"\">6<\/td>\n                            <td style=\"\">6,00 mm<\/td>\n                            <td style=\"\"><\/td>\n                            <td style=\"\"><a data-content='702002111' href='https:\/\/www.botek.de\/fr\/product\/typ-113-hp-6mm-x-20\/' rel='' target='_self'>702002111<\/a><\/td>\n                            <td style=\"\"><a data-content='702002112' href='https:\/\/www.botek.de\/fr\/product\/typ-113-hp-6mm-x-30\/' rel='' target='_self'>702002112<\/a><\/td>\n                            <td style=\"\"><a data-content='702002113' href='https:\/\/www.botek.de\/fr\/product\/typ-113-hp-6mm-x-40\/' rel='' target='_self'>702002113<\/a><\/td>\n                    <\/tr>\n                            <tr id=\"table_74_row_5\"\n            data-row-index=\"5\">\n                            <td style=\"\">7<\/td>\n                            <td style=\"\">7,00 mm<\/td>\n                            <td style=\"\"><\/td>\n                            <td style=\"\"><\/td>\n                            <td style=\"\"><a data-content='702002114' href='https:\/\/www.botek.de\/fr\/product\/typ-113-hp-7mm-x-30\/' rel='' target='_self'>702002114<\/a><\/td>\n                            <td style=\"\"><\/td>\n                    <\/tr>\n                            <tr id=\"table_74_row_6\"\n            data-row-index=\"6\">\n                            <td style=\"\">8<\/td>\n                            <td style=\"\">8,00 mm<\/td>\n                            <td style=\"\">\u00d8 8 x 40<\/td>\n                            <td style=\"\"><\/td>\n                            <td style=\"\"><a data-content='702002115' href='https:\/\/www.botek.de\/fr\/product\/typ-113-hp-8mm-x-30\/' rel='' target='_self'>702002115<\/a><\/td>\n                            <td style=\"\"><a data-content='702002134' href='https:\/\/www.botek.de\/fr\/product\/typ-113-hp-8mm-x-40\/' rel='' target='_self'>702002134<\/a><\/td>\n                    <\/tr>\n                            <tr id=\"table_74_row_7\"\n            data-row-index=\"7\">\n                            <td style=\"\">9<\/td>\n                            <td style=\"\">9,00 mm<\/td>\n                            <td style=\"\">\u00d8 8 x 40<\/td>\n                            <td style=\"\"><a data-content='702002116' href='https:\/\/www.botek.de\/fr\/product\/typ-113-hp-9mm-x-20\/' rel='' target='_self'>702002116<\/a><\/td>\n                            <td style=\"\"><\/td>\n                            <td style=\"\"><\/td>\n                    <\/tr>\n                            <tr id=\"table_74_row_8\"\n            data-row-index=\"8\">\n                            <td style=\"\">10<\/td>\n                            <td style=\"\">10,00 mm<\/td>\n                            <td style=\"\">\u00d8 10 x 40<\/td>\n                            <td style=\"\"><\/td>\n                            <td style=\"\"><a data-content='702002117' href='https:\/\/www.botek.de\/fr\/product\/typ-113-hp-10mm-x-30\/' rel='' target='_self'>702002117<\/a><\/td>\n                            <td style=\"\"><a data-content='702002135' href='https:\/\/www.botek.de\/fr\/product\/typ-113-hp-10mm-x-40\/' rel='' target='_self'>702002135<\/a><\/td>\n                    <\/tr>\n            <\/tbody>        <!-- \/Table body -->\n\n        <!-- Table footer -->\n        \n        <!-- \/Table footer -->\n    <\/table>\n\n<\/div><style>\n.columnValue {\n    display:block;\n    white-space: normal;\n}\n.columnValue > img {\n    width: 80%;\n}\n\n.row-detail > td > ul {\n    padding: 0 0 20px 10px;\n}\n\n.wpDataTable img {\n    max-width: 250px;\n}\n.wpDataTable .table-image {\n    min-width: 250px;\n}\n\na > button {\n    padding: 5px 0;\n    max-width: 220px !important;\n    height: auto !important;\n    margin: 5px 0 !important;\n}\n\n@media screen and (max-width:500px) {\n    .wpDataTables {\n        width: 110%;\n        margin-left: -5%;\n    }\n}table.wpDataTable td.numdata { text-align: right !important; }\n<\/style>\n<style>\n                    \n                \/* odd rows background color *\/\n    .wpdt-c.wpDataTablesWrapper table.wpdtSimpleTable tr.odd td,\n    .wpdt-c .wpDataTablesWrapper table.wpDataTable tr.odd td {\n        background-color: #ffffff !important;\n    }\n\n            \/* even rows background color *\/\n    .wpdt-c.wpDataTablesWrapper table.wpdtSimpleTable tr.even td,\n    .wpdt-c .wpDataTablesWrapper table.wpDataTable tr.even td,\n    .wpdt-c .wpDataTablesWrapper table.has-columns-hidden tr.row-detail > td {\n        background-color: #ffffff !important;\n    }\n\n                    \/* rows hover background color *\/\n    .wpdt-c.wpDataTablesWrapper table.wpdtSimpleTable tr.odd:hover > td,\n    .wpdt-c .wpDataTablesWrapper table.wpDataTable tr.odd:hover > td,\n    .wpdt-c .wpDataTablesWrapper table.wpDataTable tr.odd:hover > td.sorting_1,\n    .wpdt-c .wpDataTablesWrapper table.wpDataTable tr.even:hover > td,\n    .wpdt-c.wpDataTablesWrapper table.wpdtSimpleTable tr.even:hover > td,\n    .wpdt-c .wpDataTablesWrapper table.wpDataTable tr.even:hover > td.sorting_1 {\n        background-color: #ffffff !important;\n    }\n\n            \/* selected rows background color *\/\n    .wpdt-c .wpDataTablesWrapper table.wpDataTable tr.odd.selected > td,\n    .wpdt-c .wpDataTablesWrapper table.wpDataTable tr.odd.selected > td.sorting_1,\n    .wpdt-c .wpDataTablesWrapper table.wpDataTable tr.even.selected > td,\n    .wpdt-c .wpDataTablesWrapper table.wpDataTable tr.even.selected > td.sorting_1 {\n        background-color: #ffffff !important;\n    }\n\n                                                                    \n                <\/style>\n<style>\n<\/style>\n<style>\n                            \n                                        \n                    \n<\/style>\n\n","protected":false},"excerpt":{"rendered":"<h3><strong>Foret 1 l\u00e8vre en carbure monobloc en ex\u00e9cution Haute Performance Type&nbsp;113-HP<\/strong><\/h3>\n<p>Foret 1 l\u00e8vre en carbure monobloc \u2013 trou de lubrification en forme de haricot<br \/>\nNouveau d\u00e9veloppement en ex\u00e9cution Haute Performance comme alternative au foret h\u00e9lico\u00efdal<\/p>\n<p><strong>Diam\u00e8tre (DC):<\/strong> 7,000\u00a0mm<br \/>\n<strong>Tol\u00e9rance:<\/strong> h5<br \/>\n<strong>Longueur totale (OAL):<\/strong> 310\u00a0mm<br \/>\n<strong>Longueur de goujure (LCF):<\/strong> 248\u00a0mm<\/p>\n<p><strong>Douille de serrage:<\/strong>\u00a0\u00d8 10\u00d740\/60 mm DIN6535-HA10 (ZH10-51-1)<\/p>\n<p><strong>Nuance de carbure: <\/strong> HP1<br \/>\n<strong>Aff\u00fbtage standard: <\/strong>SA-0503<br \/>\n<strong>Rev\u00eatement:<\/strong> TIN<br \/>\nParticuli\u00e8rement adapt\u00e9 aux <span style=\"color: #ff8114;\">centres d\u2019usinage<\/span> (avec \u00e9mulsion)<\/p>\n<p>Nous serions heureux de vous proposer les accessoires appropri\u00e9s pour les outils et les machines.<\/p>\n<p>*dans la limite des stocks disponibles\u2013 Vente interm\u00e9diaire r\u00e9serv\u00e9e<\/p>\n<p><strong>Donn\u00e9es CAD:<\/strong><\/p>\n<div class=\"select-wrapper fa fa-angle-down\"><select name=\"forma\" onchange=\"location=this.value;\"><option disabled=\"disabled\" selected=\"selected\" value=\"\">selectionner s\u2019il vous pla\u00eet<\/option><option value=\"https:\/\/www.botek.de\/wp-content\/uploads\/cad-data\/type113\/702002114.stp\">Donn\u00e9es-STP<\/option><option value=\"https:\/\/www.botek.de\/wp-content\/uploads\/cad-data\/type113\/702002114.dxf\">Donn\u00e9es-DXF<\/option><\/select><\/div>\n","protected":false},"featured_media":3783,"template":"","meta":[],"product_brand":[],"product_cat":[6948],"product_tag":[],"class_list":{"0":"post-3808","1":"product","2":"type-product","3":"status-publish","4":"has-post-thumbnail","6":"product_cat-uncategorized","7":"product_shipping_class-worldwide","8":"pa_bohrtiefe-30-x-o","9":"pa_bohrungsqualitaet-haute","10":"pa_bohrungsqualitaet-normale","11":"pa_durchmesser-7-mm","12":"pa_fertigung-production-en-serie","13":"pa_vorschub-haute","14":"pa_vorschub-tres-haute","15":"pa_werkstoff-acier","16":"pa_werkstoff-fonte","17":"pa_werkstoff-inox-super-alliages","18":"pa_werkstoff-metaux-non-ferreux","20":"first","21":"instock","22":"shipping-taxable","23":"purchasable","24":"product-type-simple"},"_links":{"self":[{"href":"https:\/\/www.botek.de\/fr\/wp-json\/wp\/v2\/product\/3808","targetHints":{"allow":["GET"]}}],"collection":[{"href":"https:\/\/www.botek.de\/fr\/wp-json\/wp\/v2\/product"}],"about":[{"href":"https:\/\/www.botek.de\/fr\/wp-json\/wp\/v2\/types\/product"}],"wp:featuredmedia":[{"embeddable":true,"href":"https:\/\/www.botek.de\/fr\/wp-json\/wp\/v2\/media\/3783"}],"wp:attachment":[{"href":"https:\/\/www.botek.de\/fr\/wp-json\/wp\/v2\/media?parent=3808"}],"wp:term":[{"taxonomy":"product_brand","embeddable":true,"href":"https:\/\/www.botek.de\/fr\/wp-json\/wp\/v2\/product_brand?post=3808"},{"taxonomy":"product_cat","embeddable":true,"href":"https:\/\/www.botek.de\/fr\/wp-json\/wp\/v2\/product_cat?post=3808"},{"taxonomy":"product_tag","embeddable":true,"href":"https:\/\/www.botek.de\/fr\/wp-json\/wp\/v2\/product_tag?post=3808"}],"curies":[{"name":"wp","href":"https:\/\/api.w.org\/{rel}","templated":true}]}}