{"id":3768,"date":"2019-07-25T11:10:22","date_gmt":"2019-07-25T09:10:22","guid":{"rendered":"https:\/\/www.botek.de\/?post_type=product&#038;p=1932"},"modified":"2021-09-15T16:07:19","modified_gmt":"2021-09-15T14:07:19","slug":"typ-158-6mm-x-30","status":"publish","type":"product","link":"https:\/\/www.botek.de\/fr\/produkt\/typ-158-6mm-x-30\/","title":{"rendered":"Foret h\u00e9lico\u00efdal en carbure monobloc Type&nbsp;158 \u00d8&nbsp;6,00&nbsp;mm Longueur&nbsp;30&nbsp;x&nbsp;\u00d8"},"content":{"rendered":"<h4>Autres dimensions:<\/h4>\n\n<div class=\"wpdt-c wdt-skin-light\">\n    \n    <input type=\"hidden\" id=\"wdtNonceFrontendServerSide_77\" name=\"wdtNonceFrontendServerSide_77\" value=\"a0761b09d1\" \/><input type=\"hidden\" name=\"_wp_http_referer\" value=\"\/fr\/wp-json\/wp\/v2\/product\/3768\" \/>    <input type=\"hidden\" id=\"table_1_desc\"\n           value='{\"tableId\":\"table_1\",\"tableType\":\"manual\",\"selector\":\"#table_1\",\"responsive\":true,\"responsiveAction\":\"icon\",\"editable\":false,\"inlineEditing\":false,\"infoBlock\":false,\"pagination_top\":0,\"pagination\":true,\"paginationAlign\":\"right\",\"paginationLayout\":\"full_numbers\",\"paginationLayoutMobile\":\"simple\",\"file_location\":\"\",\"tableSkin\":\"light\",\"table_wcag\":0,\"simple_template_id\":0,\"scrollable\":true,\"fixedLayout\":false,\"globalSearch\":false,\"showRowsPerPage\":false,\"popoverTools\":false,\"loader\":\"1\",\"showCartInformation\":1,\"hideBeforeLoad\":true,\"number_format\":1,\"decimalPlaces\":2,\"spinnerSrc\":\"https:\\\/\\\/www.botek.de\\\/wp-content\\\/plugins\\\/wpdatatables\\\/assets\\\/\\\/img\\\/spinner.gif\",\"index_column\":0,\"groupingEnabled\":false,\"tableWpId\":77,\"dataTableParams\":{\"sDom\":\"BT\\u003C\\u0027clear\\u0027\\u003E\\u003C\\u0027wdtscroll\\u0027t\\u003Ep\",\"bSortCellsTop\":false,\"bFilter\":true,\"bPaginate\":true,\"sPaginationType\":\"full_numbers\",\"aLengthMenu\":[[1,5,10,25,50,100,-1],[1,5,10,25,50,100,\"Tout\"]],\"iDisplayLength\":-1,\"columnDefs\":[{\"sType\":\"formatted-num\",\"wdtType\":\"int\",\"bVisible\":false,\"orderable\":true,\"searchable\":true,\"InputType\":\"text\",\"name\":\"wdt_ID\",\"origHeader\":\"wdt_ID\",\"notNull\":false,\"conditionalFormattingRules\":[],\"transformValueRules\":\"\",\"className\":\"numdata integer  column-wdt_id\",\"aTargets\":[0]},{\"sType\":\"string\",\"wdtType\":\"string\",\"bVisible\":true,\"orderable\":true,\"searchable\":true,\"InputType\":\"text\",\"name\":\"lnge\",\"origHeader\":\"lnge\",\"notNull\":false,\"conditionalFormattingRules\":[],\"transformValueRules\":\"\",\"className\":\"text-right column-lnge\",\"aTargets\":[1]},{\"sType\":\"string\",\"wdtType\":\"link\",\"bVisible\":true,\"orderable\":true,\"searchable\":true,\"InputType\":\"link\",\"name\":\"20x\",\"origHeader\":\"20x\",\"notNull\":false,\"conditionalFormattingRules\":[],\"transformValueRules\":\"\",\"className\":\" column-20x\",\"aTargets\":[2]},{\"sType\":\"string\",\"wdtType\":\"link\",\"bVisible\":true,\"orderable\":true,\"searchable\":true,\"InputType\":\"link\",\"name\":\"25x\",\"origHeader\":\"25x\",\"notNull\":false,\"conditionalFormattingRules\":[],\"transformValueRules\":\"\",\"className\":\" column-25x\",\"aTargets\":[3]},{\"sType\":\"string\",\"wdtType\":\"link\",\"bVisible\":true,\"orderable\":true,\"searchable\":true,\"InputType\":\"text\",\"name\":\"30x\",\"origHeader\":\"30x\",\"notNull\":false,\"conditionalFormattingRules\":[],\"transformValueRules\":\"\",\"className\":\" column-30x\",\"aTargets\":[4]}],\"bAutoWidth\":false,\"order\":[[0,\"asc\"]],\"ordering\":false,\"fixedHeader\":{\"header\":false,\"headerOffset\":0},\"fixedColumns\":false,\"oLanguage\":{\"sProcessing\":\"Bitte warten...\",\"sLengthMenu\":\"_MENU_ Eintr\\u00e4ge anzeigen\",\"sZeroRecords\":\"Keine Eintr\\u00e4ge vorhanden.\",\"sInfo\":\"_START_ bis _END_ von _TOTAL_ Eintr\\u00e4gen\",\"sInfoEmpty\":\"0 bis 0 von 0 Eintr\\u00e4gen\",\"sInfoFiltered\":\"(gefiltert von _MAX_  Eintr\\u00e4gen)\",\"sInfoPostFix\":\"\",\"sSearch\":\"Suchen\",\"sSearchPlaceholder\":\"\",\"sUrl\":\"\",\"oPaginate\":{\"sFirst\":\"Erster\",\"sPrevious\":\"Zur\\u00fcck\",\"sNext\":\"N\\u00e4chster\",\"sLast\":\"Letzter\"}},\"buttons\":[],\"bProcessing\":false,\"serverSide\":true,\"ajax\":{\"url\":\"https:\\\/\\\/www.botek.de\\\/wp-admin\\\/admin-ajax.php?action=get_wdtable&table_id=77\",\"type\":\"POST\"},\"oSearch\":{\"bSmart\":false,\"bRegex\":false,\"sSearch\":\"\"}},\"customRowDisplay\":\"\",\"tabletWidth\":\"1260\",\"mobileWidth\":\"780\",\"renderFilter\":\"footer\",\"advancedFilterEnabled\":false,\"serverSide\":true,\"autoRefreshInterval\":0,\"processing\":true,\"fnServerData\":true,\"columnsFixed\":0,\"sumFunctionsLabel\":\"\",\"avgFunctionsLabel\":\"\",\"minFunctionsLabel\":\"\",\"maxFunctionsLabel\":\"SuperAdministrator\",\"columnsDecimalPlaces\":{\"wdt_ID\":-1,\"lnge\":-1,\"20x\":-1,\"25x\":-1,\"30x\":-1},\"columnsThousandsSeparator\":{\"wdt_ID\":0},\"sumColumns\":[],\"avgColumns\":[],\"sumAvgColumns\":[],\"timeFormat\":\"H:i\",\"datepickFormat\":\"mm.dd.yy\"}'\/>\n\n    <table id=\"table_1\"\n           class=\" scroll responsive display nowrap wdt-no-display data-t data-t wpDataTable wpDataTableID-77 \"\n           style=\"display: none; \"\n           data-described-by='table_1_desc'\n           data-wpdatatable_id=\"77\">\n        \n        <!-- Table header -->\n        \n<thead>\n<tr>\n                    <th\n                        class=\" wdtheader sort numdata integer \"\n        style=\"\">        wdt_ID<\/th>        <th\n        data-class=\"expand\"                class=\" wdtheader sort text-right\"\n        style=\"\">        DC\/ Profondeur de per\u00e7age<\/th>        <th\n                        class=\" wdtheader sort \"\n        style=\"\">        20 x \u00d8<\/th>        <th\n                        class=\" wdtheader sort \"\n        style=\"\">        25 x \u00d8<\/th>        <th\n                        class=\" wdtheader sort \"\n        style=\"\">        30 x \u00d8<\/th>    <\/tr>\n<\/thead>\n        <!-- \/Table header -->\n\n        <!-- Table body -->\n        \n<tbody>\n<!-- Table body -->\n<div data-id=\"77\"\n     class=\"wdt-timeline-item wdt-timeline-table_1\"\n     style=\"\">\n    <div class=\"wdt-table-loader\">\n        <div class=\"wdt-table-loader-row wdt-table-loader-header\">\n            <div class=\"wdt-table-loader-header-cell wdt-animated-background\"><\/div>\n            <div class=\"wdt-table-loader-header-cell wdt-animated-background\"><\/div>\n            <div class=\"wdt-table-loader-header-cell wdt-animated-background\"><\/div>\n        <\/div>\n                    <div class=\"wdt-table-loader-row\">\n                <div class=\"wdt-table-loader-cell wdt-animated-background\"><\/div>\n                <div class=\"wdt-table-loader-cell wdt-animated-background\"><\/div>\n                <div class=\"wdt-table-loader-cell wdt-animated-background\"><\/div>\n            <\/div>\n                    <div class=\"wdt-table-loader-row\">\n                <div class=\"wdt-table-loader-cell wdt-animated-background\"><\/div>\n                <div class=\"wdt-table-loader-cell wdt-animated-background\"><\/div>\n                <div class=\"wdt-table-loader-cell wdt-animated-background\"><\/div>\n            <\/div>\n                    <div class=\"wdt-table-loader-row\">\n                <div class=\"wdt-table-loader-cell wdt-animated-background\"><\/div>\n                <div class=\"wdt-table-loader-cell wdt-animated-background\"><\/div>\n                <div class=\"wdt-table-loader-cell wdt-animated-background\"><\/div>\n            <\/div>\n                    <div class=\"wdt-table-loader-row\">\n                <div class=\"wdt-table-loader-cell wdt-animated-background\"><\/div>\n                <div class=\"wdt-table-loader-cell wdt-animated-background\"><\/div>\n                <div class=\"wdt-table-loader-cell wdt-animated-background\"><\/div>\n            <\/div>\n                    <div class=\"wdt-table-loader-row\">\n                <div class=\"wdt-table-loader-cell wdt-animated-background\"><\/div>\n                <div class=\"wdt-table-loader-cell wdt-animated-background\"><\/div>\n                <div class=\"wdt-table-loader-cell wdt-animated-background\"><\/div>\n            <\/div>\n                    <div class=\"wdt-table-loader-row\">\n                <div class=\"wdt-table-loader-cell wdt-animated-background\"><\/div>\n                <div class=\"wdt-table-loader-cell wdt-animated-background\"><\/div>\n                <div class=\"wdt-table-loader-cell wdt-animated-background\"><\/div>\n            <\/div>\n                    <div class=\"wdt-table-loader-row\">\n                <div class=\"wdt-table-loader-cell wdt-animated-background\"><\/div>\n                <div class=\"wdt-table-loader-cell wdt-animated-background\"><\/div>\n                <div class=\"wdt-table-loader-cell wdt-animated-background\"><\/div>\n            <\/div>\n                    <div class=\"wdt-table-loader-row\">\n                <div class=\"wdt-table-loader-cell wdt-animated-background\"><\/div>\n                <div class=\"wdt-table-loader-cell wdt-animated-background\"><\/div>\n                <div class=\"wdt-table-loader-cell wdt-animated-background\"><\/div>\n            <\/div>\n                    <div class=\"wdt-table-loader-row\">\n                <div class=\"wdt-table-loader-cell wdt-animated-background\"><\/div>\n                <div class=\"wdt-table-loader-cell wdt-animated-background\"><\/div>\n                <div class=\"wdt-table-loader-cell wdt-animated-background\"><\/div>\n            <\/div>\n            <\/div>\n<\/div><!-- \/Table body -->\n                    <tr id=\"table_77_row_0\"\n            data-row-index=\"0\">\n                            <td style=\"\">1<\/td>\n                            <td style=\"\">3,00 mm<\/td>\n                            <td style=\"\"><a data-content='702005100' href='https:\/\/www.botek.de\/fr\/product\/typ-158-3mm-x-20\/' rel='' target='_self'>702005100<\/a><\/td>\n                            <td style=\"\"><a data-content='702005101' href='https:\/\/www.botek.de\/fr\/product\/typ-158-3mm-x-25\/' rel='' target='_self'>702005101<\/a><\/td>\n                            <td style=\"\"><a data-content='702005102' href='https:\/\/www.botek.de\/fr\/product\/typ-158-3mm-x-30\/' rel='' target='_self'>702005102<\/a><\/td>\n                    <\/tr>\n                            <tr id=\"table_77_row_1\"\n            data-row-index=\"1\">\n                            <td style=\"\">2<\/td>\n                            <td style=\"\">3,50 mm<\/td>\n                            <td style=\"\"><a data-content='702005103' href='https:\/\/www.botek.de\/fr\/product\/typ-158-3_5mm-x-20\/' rel='' target='_self'>702005103<\/a><\/td>\n                            <td style=\"\"><a data-content='702005104' href='https:\/\/www.botek.de\/fr\/product\/typ-158-3_5mm-x-25\/' rel='' target='_self'>702005104<\/a><\/td>\n                            <td style=\"\"><a data-content='702005105' href='https:\/\/www.botek.de\/fr\/product\/typ-158-3_5mm-x-30\/' rel='' target='_self'>702005105<\/a><\/td>\n                    <\/tr>\n                            <tr id=\"table_77_row_2\"\n            data-row-index=\"2\">\n                            <td style=\"\">3<\/td>\n                            <td style=\"\">4,00 mm<\/td>\n                            <td style=\"\"><a data-content='702005106' href='https:\/\/www.botek.de\/fr\/product\/typ-158-4mm-x-20\/' rel='' target='_self'>702005106<\/a><\/td>\n                            <td style=\"\"><a data-content='702005107' href='https:\/\/www.botek.de\/fr\/product\/typ-158-4mm-x-25\/' rel='' target='_self'>702005107<\/a><\/td>\n                            <td style=\"\"><a data-content='702005108' href='https:\/\/www.botek.de\/fr\/product\/typ-158-4mm-x-30\/' rel='' target='_self'>702005108<\/a><\/td>\n                    <\/tr>\n                            <tr id=\"table_77_row_3\"\n            data-row-index=\"3\">\n                            <td style=\"\">4<\/td>\n                            <td style=\"\">5,00 mm<\/td>\n                            <td style=\"\"><a data-content='702005110' href='https:\/\/www.botek.de\/fr\/product\/typ-158-5mm-x-20\/' rel='' target='_self'>702005110<\/a><\/td>\n                            <td style=\"\"><a data-content='702005111' href='https:\/\/www.botek.de\/fr\/product\/typ-158-5mm-x-25\/' rel='' target='_self'>702005111<\/a><\/td>\n                            <td style=\"\"><a data-content='702005112' href='https:\/\/www.botek.de\/fr\/product\/typ-158-5mm-x-30\/' rel='' target='_self'>702005112<\/a><\/td>\n                    <\/tr>\n                            <tr id=\"table_77_row_4\"\n            data-row-index=\"4\">\n                            <td style=\"\">5<\/td>\n                            <td style=\"\">6,00 mm<\/td>\n                            <td style=\"\"><a data-content='702005113' href='https:\/\/www.botek.de\/fr\/product\/typ-158-6mm-x-20\/' rel='' target='_self'>702005113<\/a><\/td>\n                            <td style=\"\"><a data-content='702005114' href='https:\/\/www.botek.de\/fr\/product\/typ-158-6mm-x-25\/' rel='' target='_self'>702005114<\/a><\/td>\n                            <td style=\"\"><a data-content='702005115' href='https:\/\/www.botek.de\/fr\/product\/typ-158-6mm-x-30\/' rel='' target='_self'>702005115<\/a><\/td>\n                    <\/tr>\n                            <tr id=\"table_77_row_5\"\n            data-row-index=\"5\">\n                            <td style=\"\">6<\/td>\n                            <td style=\"\">8,00 mm<\/td>\n                            <td style=\"\"><a data-content='702005117' href='https:\/\/www.botek.de\/fr\/product\/typ-158-8mm-x-20\/' rel='' target='_self'>702005117<\/a><\/td>\n                            <td style=\"\"><a data-content='702005118' href='https:\/\/www.botek.de\/fr\/product\/typ-158-8mm-x-25\/' rel='' target='_self'>702005118<\/a><\/td>\n                            <td style=\"\"><a data-content='702005119' href='https:\/\/www.botek.de\/fr\/product\/typ-158-8mm-x-30\/' rel='' target='_self'>702005119<\/a><\/td>\n                    <\/tr>\n                            <tr id=\"table_77_row_6\"\n            data-row-index=\"6\">\n                            <td style=\"\">7<\/td>\n                            <td style=\"\">10,00 mm<\/td>\n                            <td style=\"\"><a data-content='702005121' href='https:\/\/www.botek.de\/fr\/product\/typ-158-10mm-x-20\/' rel='' target='_self'>702005121<\/a><\/td>\n                            <td style=\"\"><a data-content='702005122' href='https:\/\/www.botek.de\/fr\/product\/typ-158-10mm-x-25\/' rel='' target='_self'>702005122<\/a><\/td>\n                            <td style=\"\"><\/td>\n                    <\/tr>\n                            <tr id=\"table_77_row_7\"\n            data-row-index=\"7\">\n                            <td style=\"\">8<\/td>\n                            <td style=\"\">12,00 mm<\/td>\n                            <td style=\"\"><a data-content='702005124' href='https:\/\/www.botek.de\/fr\/product\/typ-158-12mm-x-20\/' rel='' target='_self'>702005124<\/a><\/td>\n                            <td style=\"\"><a data-content='702005125' href='https:\/\/www.botek.de\/fr\/product\/typ-158-12mm-x-25\/' rel='' target='_self'>702005125<\/a><\/td>\n                            <td style=\"\"><\/td>\n                    <\/tr>\n            <\/tbody>        <!-- \/Table body -->\n\n        <!-- Table footer -->\n        \n        <!-- \/Table footer -->\n    <\/table>\n\n<\/div><style>\n.columnValue {\n    display:block;\n    white-space: normal;\n}\n.columnValue > img {\n    width: 80%;\n}\n\n.row-detail > td > ul {\n    padding: 0 0 20px 10px;\n}\n\n.wpDataTable img {\n    max-width: 250px;\n}\n.wpDataTable .table-image {\n    min-width: 250px;\n}\n\na > button {\n    padding: 5px 0;\n    max-width: 220px !important;\n    height: auto !important;\n    margin: 5px 0 !important;\n}\n\n@media screen and (max-width:500px) {\n    .wpDataTables {\n        width: 110%;\n        margin-left: -5%;\n    }\n}table.wpDataTable td.numdata { text-align: right !important; }\n<\/style>\n<style>\n                    \n                \/* odd rows background color *\/\n    .wpdt-c.wpDataTablesWrapper table.wpdtSimpleTable tr.odd td,\n    .wpdt-c .wpDataTablesWrapper table.wpDataTable tr.odd td {\n        background-color: #ffffff !important;\n    }\n\n            \/* even rows background color *\/\n    .wpdt-c.wpDataTablesWrapper table.wpdtSimpleTable tr.even td,\n    .wpdt-c .wpDataTablesWrapper table.wpDataTable tr.even td,\n    .wpdt-c .wpDataTablesWrapper table.has-columns-hidden tr.row-detail > td {\n        background-color: #ffffff !important;\n    }\n\n                    \/* rows hover background color *\/\n    .wpdt-c.wpDataTablesWrapper table.wpdtSimpleTable tr.odd:hover > td,\n    .wpdt-c .wpDataTablesWrapper table.wpDataTable tr.odd:hover > td,\n    .wpdt-c .wpDataTablesWrapper table.wpDataTable tr.odd:hover > td.sorting_1,\n    .wpdt-c .wpDataTablesWrapper table.wpDataTable tr.even:hover > td,\n    .wpdt-c.wpDataTablesWrapper table.wpdtSimpleTable tr.even:hover > td,\n    .wpdt-c .wpDataTablesWrapper table.wpDataTable tr.even:hover > td.sorting_1 {\n        background-color: #ffffff !important;\n    }\n\n            \/* selected rows background color *\/\n    .wpdt-c .wpDataTablesWrapper table.wpDataTable tr.odd.selected > td,\n    .wpdt-c .wpDataTablesWrapper table.wpDataTable tr.odd.selected > td.sorting_1,\n    .wpdt-c .wpDataTablesWrapper table.wpDataTable tr.even.selected > td,\n    .wpdt-c .wpDataTablesWrapper table.wpDataTable tr.even.selected > td.sorting_1 {\n        background-color: #ffffff !important;\n    }\n\n                                                                    \n                <\/style>\n<style>\n<\/style>\n<style>\n                            \n                                        \n                    \n<\/style>\n\n","protected":false},"excerpt":{"rendered":"<h3>Foret h\u00e9lico\u00efdal en carbure monobloc avec trou d\u2019huile Type 158<\/h3>\n<p>Forets h\u00e9lico\u00efdaux du sp\u00e9cialiste des outils de forage de trous profonds.<\/p>\n<p><strong>Diam\u00e8tre (DC):<\/strong> 6,00 mm<br \/>\n<strong>Tol\u00e9rance:<\/strong> h5<br \/>\n<strong>Longueur totale (OAL):<\/strong> 236 mm<br \/>\n<strong>Longueur de goujure (LCF): <\/strong>200 mm<br \/>\n<strong>douille de fixation (DCON):<\/strong> 6\u00a0mm<\/p>\n<p><strong>Nuance de carbure: <\/strong>HM3<br \/>\n<strong>Rev\u00eatement:<\/strong> XT-N<br \/>\n<strong>Ex\u00e9cution:<\/strong> 4 chanfreins<br \/>\n<strong>Douille de fixation:<\/strong> DIN 6535 HA<br \/>\n<strong>Angle de pointe:<\/strong> 140\u00ba<br \/>\n<strong>Aff\u00fbtage standard: <\/strong>SA-0529<\/p>\n<p>Nous serions heureux de vous proposer les accessoires appropri\u00e9s pour les outils et les machines.<\/p>\n<p>*dans la limite des stocks disponibles\u2013 Vente interm\u00e9diaire r\u00e9serv\u00e9e<\/p>\n<p><strong>Donn\u00e9es CAD:<\/strong><\/p>\n<div class=\"select-wrapper fa fa-angle-down\"><select name=\"forma\" onchange=\"location=this.value;\"><option disabled=\"disabled\" selected=\"selected\" value=\"\">selectionner s\u2019il vous pla\u00eet<\/option><option value=\"https:\/\/www.botek.de\/wp-content\/uploads\/cad-data\/type158\/702005115.stp\">Donn\u00e9es-STP<\/option><option value=\"https:\/\/www.botek.de\/wp-content\/uploads\/cad-data\/type158\/702005115.dxf\">Donn\u00e9es-DXF<\/option><\/select><\/div>\n","protected":false},"featured_media":3761,"template":"","meta":[],"product_brand":[],"product_cat":[6948],"product_tag":[],"class_list":{"0":"post-3768","1":"product","2":"type-product","3":"status-publish","4":"has-post-thumbnail","6":"product_cat-uncategorized","7":"product_shipping_class-worldwide","8":"pa_bohrtiefe-30-x-o","9":"pa_bohrungsqualitaet-normale","10":"pa_durchmesser-6-mm","11":"pa_fertigung-production-en-serie","12":"pa_vorschub-haute","13":"pa_vorschub-tres-haute","14":"pa_werkstoff-acier","15":"pa_werkstoff-fonte","16":"pa_werkstoff-inox-super-alliages","17":"pa_werkstoff-metaux-non-ferreux","19":"first","20":"instock","21":"shipping-taxable","22":"purchasable","23":"product-type-simple"},"_links":{"self":[{"href":"https:\/\/www.botek.de\/fr\/wp-json\/wp\/v2\/product\/3768","targetHints":{"allow":["GET"]}}],"collection":[{"href":"https:\/\/www.botek.de\/fr\/wp-json\/wp\/v2\/product"}],"about":[{"href":"https:\/\/www.botek.de\/fr\/wp-json\/wp\/v2\/types\/product"}],"wp:featuredmedia":[{"embeddable":true,"href":"https:\/\/www.botek.de\/fr\/wp-json\/wp\/v2\/media\/3761"}],"wp:attachment":[{"href":"https:\/\/www.botek.de\/fr\/wp-json\/wp\/v2\/media?parent=3768"}],"wp:term":[{"taxonomy":"product_brand","embeddable":true,"href":"https:\/\/www.botek.de\/fr\/wp-json\/wp\/v2\/product_brand?post=3768"},{"taxonomy":"product_cat","embeddable":true,"href":"https:\/\/www.botek.de\/fr\/wp-json\/wp\/v2\/product_cat?post=3768"},{"taxonomy":"product_tag","embeddable":true,"href":"https:\/\/www.botek.de\/fr\/wp-json\/wp\/v2\/product_tag?post=3768"}],"curies":[{"name":"wp","href":"https:\/\/api.w.org\/{rel}","templated":true}]}}