{"id":31942,"date":"2026-03-09T13:05:22","date_gmt":"2026-03-09T12:05:22","guid":{"rendered":"https:\/\/www.botek.de\/?post_type=product&#038;p=31942"},"modified":"2026-04-16T13:25:08","modified_gmt":"2026-04-16T11:25:08","slug":"tube-exterieur-type-55-55-0110-l","status":"publish","type":"product","link":"https:\/\/www.botek.de\/fr\/produkt\/tube-exterieur-type-55-55-0110-l\/","title":{"rendered":"Tube ext\u00e9rieur Type 55"},"content":{"rendered":"<h4>Autres mod\u00e8les:<\/h4>\n\n<div class=\"wpdt-c wdt-skin-light\">\n    \n    <input type=\"hidden\" id=\"wdtNonceFrontendServerSide_299\" name=\"wdtNonceFrontendServerSide_299\" value=\"8593c903d3\" \/><input type=\"hidden\" name=\"_wp_http_referer\" value=\"\/fr\/wp-json\/wp\/v2\/product\/31942\" \/>    <input type=\"hidden\" id=\"table_1_desc\"\n           value='{\"tableId\":\"table_1\",\"tableType\":\"manual\",\"selector\":\"#table_1\",\"responsive\":true,\"responsiveAction\":\"icon\",\"editable\":false,\"inlineEditing\":false,\"infoBlock\":false,\"pagination_top\":0,\"pagination\":1,\"paginationAlign\":\"right\",\"paginationLayout\":\"full_numbers\",\"paginationLayoutMobile\":\"simple\",\"file_location\":\"\",\"tableSkin\":\"light\",\"table_wcag\":0,\"simple_template_id\":0,\"scrollable\":true,\"fixedLayout\":false,\"globalSearch\":false,\"showRowsPerPage\":false,\"popoverTools\":false,\"loader\":1,\"showCartInformation\":0,\"hideBeforeLoad\":true,\"number_format\":1,\"decimalPlaces\":2,\"spinnerSrc\":\"https:\\\/\\\/www.botek.de\\\/wp-content\\\/plugins\\\/wpdatatables\\\/assets\\\/\\\/img\\\/spinner.gif\",\"index_column\":0,\"groupingEnabled\":false,\"tableWpId\":299,\"dataTableParams\":{\"sDom\":\"BT\\u003C\\u0027clear\\u0027\\u003E\\u003C\\u0027wdtscroll\\u0027t\\u003Ep\",\"bSortCellsTop\":false,\"bFilter\":true,\"bPaginate\":true,\"sPaginationType\":\"full_numbers\",\"aLengthMenu\":[[1,5,10,25,50,100,-1],[1,5,10,25,50,100,\"Tout\"]],\"iDisplayLength\":-1,\"columnDefs\":[{\"sType\":\"string\",\"wdtType\":\"string\",\"bVisible\":true,\"orderable\":true,\"searchable\":true,\"InputType\":\"text\",\"name\":\"plagedeforage\",\"origHeader\":\"plagedeforage\",\"notNull\":false,\"conditionalFormattingRules\":[],\"transformValueRules\":\"\",\"className\":\" column-plagedeforage\",\"aTargets\":[0]},{\"sType\":\"string\",\"wdtType\":\"string\",\"bVisible\":true,\"orderable\":true,\"searchable\":true,\"InputType\":\"text\",\"name\":\"bd1\",\"origHeader\":\"bd1\",\"notNull\":false,\"conditionalFormattingRules\":[],\"transformValueRules\":\"\",\"className\":\" column-bd1\",\"aTargets\":[1]},{\"sType\":\"string\",\"wdtType\":\"string\",\"bVisible\":true,\"orderable\":true,\"searchable\":true,\"InputType\":\"text\",\"name\":\"bd2\",\"origHeader\":\"bd2\",\"notNull\":false,\"conditionalFormattingRules\":[],\"transformValueRules\":\"\",\"className\":\" column-bd2\",\"aTargets\":[2]},{\"sType\":\"string\",\"wdtType\":\"string\",\"bVisible\":true,\"orderable\":true,\"searchable\":true,\"InputType\":\"text\",\"name\":\"dconws\",\"origHeader\":\"dconws\",\"notNull\":false,\"conditionalFormattingRules\":[],\"transformValueRules\":\"\",\"className\":\" column-dconws\",\"aTargets\":[3]},{\"sType\":\"string\",\"wdtType\":\"string\",\"bVisible\":true,\"orderable\":true,\"searchable\":true,\"InputType\":\"text\",\"name\":\"bd3\",\"origHeader\":\"bd3\",\"notNull\":false,\"conditionalFormattingRules\":[],\"transformValueRules\":\"\",\"className\":\" column-bd3\",\"aTargets\":[4]},{\"sType\":\"string\",\"wdtType\":\"string\",\"bVisible\":true,\"orderable\":true,\"searchable\":true,\"InputType\":\"text\",\"name\":\"lconws\",\"origHeader\":\"lconws\",\"notNull\":false,\"conditionalFormattingRules\":[],\"transformValueRules\":\"\",\"className\":\" column-lconws\",\"aTargets\":[5]},{\"sType\":\"formatted-num\",\"wdtType\":\"int\",\"bVisible\":false,\"orderable\":true,\"searchable\":true,\"InputType\":\"text\",\"name\":\"wdt_ID\",\"origHeader\":\"wdt_ID\",\"notNull\":false,\"conditionalFormattingRules\":[],\"transformValueRules\":\"\",\"className\":\"numdata integer  column-wdt_id\",\"aTargets\":[6]},{\"sType\":\"string\",\"wdtType\":\"string\",\"bVisible\":true,\"orderable\":true,\"searchable\":true,\"InputType\":\"text\",\"name\":\"vonbis\",\"origHeader\":\"vonbis\",\"notNull\":false,\"conditionalFormattingRules\":[],\"transformValueRules\":\"\",\"className\":\" column-vonbis\",\"aTargets\":[7]},{\"sType\":\"string\",\"wdtType\":\"link\",\"bVisible\":true,\"orderable\":true,\"searchable\":true,\"InputType\":\"link\",\"name\":\"artikelnummer\",\"origHeader\":\"artikelnummer\",\"notNull\":false,\"conditionalFormattingRules\":[],\"transformValueRules\":\"\",\"className\":\" column-artikelnummer\",\"aTargets\":[8]}],\"bAutoWidth\":false,\"order\":[[0,\"asc\"]],\"ordering\":false,\"fixedHeader\":{\"header\":false,\"headerOffset\":0},\"fixedColumns\":false,\"oLanguage\":{\"sProcessing\":\"Bitte warten...\",\"sLengthMenu\":\"_MENU_ Eintr\\u00e4ge anzeigen\",\"sZeroRecords\":\"Keine Eintr\\u00e4ge vorhanden.\",\"sInfo\":\"_START_ bis _END_ von _TOTAL_ Eintr\\u00e4gen\",\"sInfoEmpty\":\"0 bis 0 von 0 Eintr\\u00e4gen\",\"sInfoFiltered\":\"(gefiltert von _MAX_  Eintr\\u00e4gen)\",\"sInfoPostFix\":\"\",\"sSearch\":\"Suchen\",\"sSearchPlaceholder\":\"\",\"sUrl\":\"\",\"oPaginate\":{\"sFirst\":\"Erster\",\"sPrevious\":\"Zur\\u00fcck\",\"sNext\":\"N\\u00e4chster\",\"sLast\":\"Letzter\"}},\"buttons\":[],\"bProcessing\":false,\"serverSide\":true,\"ajax\":{\"url\":\"https:\\\/\\\/www.botek.de\\\/wp-admin\\\/admin-ajax.php?action=get_wdtable&table_id=299\",\"type\":\"POST\"},\"oSearch\":{\"bSmart\":false,\"bRegex\":false,\"sSearch\":\"\"}},\"customRowDisplay\":\"\",\"tabletWidth\":\"1260\",\"mobileWidth\":\"780\",\"renderFilter\":\"footer\",\"advancedFilterEnabled\":false,\"serverSide\":true,\"autoRefreshInterval\":0,\"processing\":true,\"fnServerData\":true,\"columnsFixed\":0,\"sumFunctionsLabel\":\"\",\"avgFunctionsLabel\":\"\",\"minFunctionsLabel\":\"\",\"maxFunctionsLabel\":\"SuperAdministrator\",\"columnsDecimalPlaces\":{\"plagedeforage\":-1,\"bd1\":-1,\"bd2\":-1,\"dconws\":-1,\"bd3\":-1,\"lconws\":-1,\"wdt_ID\":-1,\"vonbis\":-1,\"artikelnummer\":-1},\"columnsThousandsSeparator\":{\"wdt_ID\":0},\"sumColumns\":[],\"avgColumns\":[],\"sumAvgColumns\":[],\"timeFormat\":\"H:i\",\"datepickFormat\":\"mm.dd.yy\"}'\/>\n\n    <table id=\"table_1\"\n           class=\" scroll responsive display nowrap wdt-no-display data-t data-t wpDataTable wpDataTableID-299 \"\n           style=\"display: none; \"\n           data-described-by='table_1_desc'\n           data-wpdatatable_id=\"299\">\n        \n        <!-- Table header -->\n        \n<thead>\n<tr>\n                    <th\n        data-class=\"expand\"                class=\" wdtheader sort \"\n        style=\"\">        Plage de forage<\/th>        <th\n                        class=\" wdtheader sort \"\n        style=\"\">        BD1<\/th>        <th\n                        class=\" wdtheader sort \"\n        style=\"\">        BD2<\/th>        <th\n                        class=\" wdtheader sort \"\n        style=\"\">        DCONWS<\/th>        <th\n                        class=\" wdtheader sort \"\n        style=\"\">        BD3<\/th>        <th\n                        class=\" wdtheader sort \"\n        style=\"\">        LCONWS<\/th>        <th\n                        class=\" wdtheader sort numdata integer \"\n        style=\"\">        wdt_ID<\/th>        <th\n                        class=\" wdtheader sort \"\n        style=\"\">        Pas de vis<\/th>        <th\n                        class=\" wdtheader sort \"\n        style=\"\">        Num\u00e9ro d\u2019article<\/th>    <\/tr>\n<\/thead>\n        <!-- \/Table header -->\n\n        <!-- Table body -->\n        \n<tbody>\n<!-- Table body -->\n<div data-id=\"299\"\n     class=\"wdt-timeline-item wdt-timeline-table_1\"\n     style=\"\">\n    <div class=\"wdt-table-loader\">\n        <div class=\"wdt-table-loader-row wdt-table-loader-header\">\n            <div class=\"wdt-table-loader-header-cell wdt-animated-background\"><\/div>\n            <div class=\"wdt-table-loader-header-cell wdt-animated-background\"><\/div>\n            <div class=\"wdt-table-loader-header-cell wdt-animated-background\"><\/div>\n        <\/div>\n                    <div class=\"wdt-table-loader-row\">\n                <div class=\"wdt-table-loader-cell wdt-animated-background\"><\/div>\n                <div class=\"wdt-table-loader-cell wdt-animated-background\"><\/div>\n                <div class=\"wdt-table-loader-cell wdt-animated-background\"><\/div>\n            <\/div>\n                    <div class=\"wdt-table-loader-row\">\n                <div class=\"wdt-table-loader-cell wdt-animated-background\"><\/div>\n                <div class=\"wdt-table-loader-cell wdt-animated-background\"><\/div>\n                <div class=\"wdt-table-loader-cell wdt-animated-background\"><\/div>\n            <\/div>\n            <\/div>\n<\/div><!-- \/Table body -->\n                    <tr id=\"table_299_row_0\"\n            data-row-index=\"0\">\n                            <td style=\"\">18,40 mm \u2013 19,99 mm<\/td>\n                            <td style=\"\">18,0 mm<\/td>\n                            <td style=\"\">12,0 mm<\/td>\n                            <td style=\"\">16,0 mm<\/td>\n                            <td style=\"\">14,0 mm<\/td>\n                            <td style=\"\">27,5 mm<\/td>\n                            <td style=\"\">1<\/td>\n                            <td style=\"\">10 mm<\/td>\n                            <td style=\"\"><a data-content='55-0110-L' href='https:\/\/www.botek.de\/fr\/produkt\/tube-exterieur-type-55-55-0110-l\/' rel='' target='_self'>55-0110-L<\/a><\/td>\n                    <\/tr>\n            <\/tbody>        <!-- \/Table body -->\n\n        <!-- Table footer -->\n        \n        <!-- \/Table footer -->\n    <\/table>\n\n<\/div><style>\n.columnValue {\n    display:block;\n    white-space: normal;\n}\n.columnValue > img {\n    width: 80%;\n}\n\n.row-detail > td > ul {\n    padding: 0 0 20px 10px;\n}\n\n.wpDataTable img {\n    max-width: 250px;\n}\n.wpDataTable .table-image {\n    min-width: 250px;\n}\n\na > button {\n    padding: 5px 0;\n    max-width: 220px !important;\n    height: auto !important;\n    margin: 5px 0 !important;\n}\n\n@media screen and (max-width:500px) {\n    .wpDataTables {\n        width: 110%;\n        margin-left: -5%;\n    }\n}table.wpDataTable td.numdata { text-align: right !important; }\n<\/style>\n<style>\n                    \n                \/* odd rows background color *\/\n    .wpdt-c.wpDataTablesWrapper table.wpdtSimpleTable tr.odd td,\n    .wpdt-c .wpDataTablesWrapper table.wpDataTable tr.odd td {\n        background-color: #ffffff !important;\n    }\n\n            \/* even rows background color *\/\n    .wpdt-c.wpDataTablesWrapper table.wpdtSimpleTable tr.even td,\n    .wpdt-c .wpDataTablesWrapper table.wpDataTable tr.even td,\n    .wpdt-c .wpDataTablesWrapper table.has-columns-hidden tr.row-detail > td {\n        background-color: #ffffff !important;\n    }\n\n                    \/* rows hover background color *\/\n    .wpdt-c.wpDataTablesWrapper table.wpdtSimpleTable tr.odd:hover > td,\n    .wpdt-c .wpDataTablesWrapper table.wpDataTable tr.odd:hover > td,\n    .wpdt-c .wpDataTablesWrapper table.wpDataTable tr.odd:hover > td.sorting_1,\n    .wpdt-c .wpDataTablesWrapper table.wpDataTable tr.even:hover > td,\n    .wpdt-c.wpDataTablesWrapper table.wpdtSimpleTable tr.even:hover > td,\n    .wpdt-c .wpDataTablesWrapper table.wpDataTable tr.even:hover > td.sorting_1 {\n        background-color: #ffffff !important;\n    }\n\n            \/* selected rows background color *\/\n    .wpdt-c .wpDataTablesWrapper table.wpDataTable tr.odd.selected > td,\n    .wpdt-c .wpDataTablesWrapper table.wpDataTable tr.odd.selected > td.sorting_1,\n    .wpdt-c .wpDataTablesWrapper table.wpDataTable tr.even.selected > td,\n    .wpdt-c .wpDataTablesWrapper table.wpDataTable tr.even.selected > td.sorting_1 {\n        background-color: #ffffff !important;\n    }\n\n                                                                    \n                <\/style>\n<style>\n<\/style>\n<style>\n                            \n                                        \n                    \n<\/style>\n\n","protected":false},"excerpt":{"rendered":"<h3>Tube ext\u00e9rieur Type 55 avec raccord \u00e0 4 filets filetage interne<\/h3>\n<p><strong>Plage de forage: <\/strong>18,40 mm \u2013 19,99 mm<strong><br \/>\nDiam\u00e8tre du corps BD1<\/strong>: 18,0 mm<br \/>\n<strong>Diam\u00e8tre du corps BD2<\/strong>: 12,0 mm<br \/>\n<strong>Diam\u00e8tre connection, c\u00f4t\u00e9 pi\u00e8ce (DCONWS)<\/strong>: 16,0 mm<br \/>\n<strong>Diam\u00e8tre du corps BD3<\/strong>: 14,0 mm<br \/>\n<strong>Longueur prise, c\u00f4t\u00e9 pi\u00e8ce (LCONWS)<\/strong>: 27,5 mm<br \/>\n<strong>Pas de vis:<\/strong> 10 mm<\/p>\n<p><strong>Longueur totale (OAL):<\/strong><\/p>\n<div id=\"bohrerdurchmesser\"><\/div>\n","protected":false},"featured_media":31954,"template":"","meta":[],"product_brand":[],"product_cat":[9578,8673],"product_tag":[],"class_list":{"0":"post-31942","1":"product","2":"type-product","3":"status-publish","4":"has-post-thumbnail","6":"product_cat-bohrrohre-fr","7":"product_cat-no-stock","9":"first","10":"instock","11":"shipping-taxable","12":"purchasable","13":"product-type-simple"},"_links":{"self":[{"href":"https:\/\/www.botek.de\/fr\/wp-json\/wp\/v2\/product\/31942","targetHints":{"allow":["GET"]}}],"collection":[{"href":"https:\/\/www.botek.de\/fr\/wp-json\/wp\/v2\/product"}],"about":[{"href":"https:\/\/www.botek.de\/fr\/wp-json\/wp\/v2\/types\/product"}],"wp:featuredmedia":[{"embeddable":true,"href":"https:\/\/www.botek.de\/fr\/wp-json\/wp\/v2\/media\/31954"}],"wp:attachment":[{"href":"https:\/\/www.botek.de\/fr\/wp-json\/wp\/v2\/media?parent=31942"}],"wp:term":[{"taxonomy":"product_brand","embeddable":true,"href":"https:\/\/www.botek.de\/fr\/wp-json\/wp\/v2\/product_brand?post=31942"},{"taxonomy":"product_cat","embeddable":true,"href":"https:\/\/www.botek.de\/fr\/wp-json\/wp\/v2\/product_cat?post=31942"},{"taxonomy":"product_tag","embeddable":true,"href":"https:\/\/www.botek.de\/fr\/wp-json\/wp\/v2\/product_tag?post=31942"}],"curies":[{"name":"wp","href":"https:\/\/api.w.org\/{rel}","templated":true}]}}