{"id":28694,"date":"2023-10-26T09:39:55","date_gmt":"2025-04-24T11:27:49","guid":{"rendered":"https:\/\/www.botek.de\/?post_type=product&#038;p=28694"},"modified":"2025-04-24T13:29:21","modified_gmt":"2025-04-24T11:29:21","slug":"meule-daffutage-double-90-mm-normal","status":"publish","type":"product","link":"https:\/\/www.botek.de\/fr\/produkt\/meule-daffutage-double-90-mm-normal\/","title":{"rendered":"Meule d&#8217;aff\u00fbtage double \u00d8 90 mm pour le pon\u00e7age normal"},"content":{"rendered":"<h4>Versions:<\/h4>\n\n<div class=\"wpdt-c wdt-skin-light\">\n    \n    <input type=\"hidden\" id=\"wdtNonceFrontendServerSide_249\" name=\"wdtNonceFrontendServerSide_249\" value=\"fba5bfbbb8\" \/><input type=\"hidden\" name=\"_wp_http_referer\" value=\"\/fr\/wp-json\/wp\/v2\/product\/28694\" \/>    <input type=\"hidden\" id=\"table_1_desc\"\n           value='{\"tableId\":\"table_1\",\"tableType\":\"manual\",\"selector\":\"#table_1\",\"responsive\":true,\"responsiveAction\":\"icon\",\"editable\":false,\"inlineEditing\":false,\"infoBlock\":false,\"pagination_top\":0,\"pagination\":0,\"paginationAlign\":\"right\",\"paginationLayout\":\"full_numbers\",\"paginationLayoutMobile\":\"simple\",\"file_location\":\"\",\"tableSkin\":\"light\",\"table_wcag\":0,\"simple_template_id\":0,\"scrollable\":true,\"fixedLayout\":false,\"globalSearch\":false,\"showRowsPerPage\":false,\"popoverTools\":false,\"loader\":\"1\",\"showCartInformation\":1,\"hideBeforeLoad\":true,\"number_format\":1,\"decimalPlaces\":2,\"spinnerSrc\":\"https:\\\/\\\/www.botek.de\\\/wp-content\\\/plugins\\\/wpdatatables\\\/assets\\\/\\\/img\\\/spinner.gif\",\"index_column\":0,\"groupingEnabled\":false,\"tableWpId\":249,\"dataTableParams\":{\"sDom\":\"BT\\u003C\\u0027clear\\u0027\\u003E\\u003C\\u0027wdtscroll\\u0027t\\u003E\",\"bSortCellsTop\":false,\"bFilter\":true,\"aLengthMenu\":[[1,5,10,25,50,100,-1],[1,5,10,25,50,100,\"Tout\"]],\"iDisplayLength\":-1,\"columnDefs\":[{\"sType\":\"string\",\"wdtType\":\"string\",\"bVisible\":true,\"orderable\":true,\"searchable\":true,\"InputType\":\"text\",\"name\":\"obereich\",\"origHeader\":\"obereich\",\"notNull\":false,\"conditionalFormattingRules\":[],\"transformValueRules\":\"\",\"className\":\" column-obereich\",\"aTargets\":[0]},{\"sType\":\"formatted-num\",\"wdtType\":\"int\",\"bVisible\":false,\"orderable\":true,\"searchable\":true,\"InputType\":\"text\",\"name\":\"wdt_ID\",\"origHeader\":\"wdt_ID\",\"notNull\":false,\"conditionalFormattingRules\":[],\"transformValueRules\":\"\",\"className\":\"numdata integer  column-wdt_id\",\"aTargets\":[1]},{\"sType\":\"string\",\"wdtType\":\"string\",\"bVisible\":true,\"orderable\":true,\"searchable\":true,\"InputType\":\"text\",\"name\":\"spannbereicho\",\"origHeader\":\"spannbereicho\",\"notNull\":false,\"conditionalFormattingRules\":[],\"transformValueRules\":\"\",\"className\":\" column-spannbereicho\",\"aTargets\":[2]},{\"sType\":\"string\",\"wdtType\":\"string\",\"bVisible\":true,\"orderable\":true,\"searchable\":true,\"InputType\":\"text\",\"name\":\"bohrungo\",\"origHeader\":\"bohrungo\",\"notNull\":false,\"conditionalFormattingRules\":[],\"transformValueRules\":\"\",\"className\":\" column-bohrungo\",\"aTargets\":[3]},{\"sType\":\"string\",\"wdtType\":\"string\",\"bVisible\":true,\"orderable\":true,\"searchable\":true,\"InputType\":\"text\",\"name\":\"schleifbild\",\"origHeader\":\"schleifbild\",\"notNull\":false,\"conditionalFormattingRules\":[],\"transformValueRules\":\"\",\"className\":\" column-schleifbild\",\"aTargets\":[4]},{\"sType\":\"string\",\"wdtType\":\"link\",\"bVisible\":true,\"orderable\":true,\"searchable\":true,\"InputType\":\"link\",\"name\":\"artikelnummer\",\"origHeader\":\"artikelnummer\",\"notNull\":false,\"conditionalFormattingRules\":[],\"transformValueRules\":\"\",\"className\":\" column-artikelnummer\",\"aTargets\":[5]}],\"bAutoWidth\":false,\"order\":[[0,\"asc\"]],\"ordering\":false,\"fixedHeader\":{\"header\":false,\"headerOffset\":0},\"fixedColumns\":false,\"oLanguage\":{\"sProcessing\":\"Bitte warten...\",\"sLengthMenu\":\"_MENU_ Eintr\\u00e4ge anzeigen\",\"sZeroRecords\":\"Keine Eintr\\u00e4ge vorhanden.\",\"sInfo\":\"_START_ bis _END_ von _TOTAL_ Eintr\\u00e4gen\",\"sInfoEmpty\":\"0 bis 0 von 0 Eintr\\u00e4gen\",\"sInfoFiltered\":\"(gefiltert von _MAX_  Eintr\\u00e4gen)\",\"sInfoPostFix\":\"\",\"sSearch\":\"Suchen\",\"sSearchPlaceholder\":\"\",\"sUrl\":\"\",\"oPaginate\":{\"sFirst\":\"Erster\",\"sPrevious\":\"Zur\\u00fcck\",\"sNext\":\"N\\u00e4chster\",\"sLast\":\"Letzter\"}},\"buttons\":[],\"bProcessing\":false,\"serverSide\":true,\"ajax\":{\"url\":\"https:\\\/\\\/www.botek.de\\\/wp-admin\\\/admin-ajax.php?action=get_wdtable&table_id=249\",\"type\":\"POST\"},\"oSearch\":{\"bSmart\":false,\"bRegex\":false,\"sSearch\":\"\"}},\"customRowDisplay\":\"\",\"tabletWidth\":\"1260\",\"mobileWidth\":\"780\",\"renderFilter\":\"footer\",\"advancedFilterEnabled\":false,\"serverSide\":true,\"autoRefreshInterval\":0,\"processing\":true,\"fnServerData\":true,\"columnsFixed\":0,\"sumFunctionsLabel\":\"\",\"avgFunctionsLabel\":\"\",\"minFunctionsLabel\":\"\",\"maxFunctionsLabel\":\"SuperAdministrator\",\"columnsDecimalPlaces\":{\"obereich\":-1,\"wdt_ID\":-1,\"spannbereicho\":-1,\"bohrungo\":-1,\"schleifbild\":-1,\"artikelnummer\":-1},\"columnsThousandsSeparator\":{\"wdt_ID\":0},\"sumColumns\":[],\"avgColumns\":[],\"sumAvgColumns\":[],\"timeFormat\":\"H:i\",\"datepickFormat\":\"mm.dd.yy\"}'\/>\n\n    <table id=\"table_1\"\n           class=\" scroll responsive display nowrap wdt-no-display data-t data-t wpDataTable wpDataTableID-249 \"\n           style=\"display: none; \"\n           data-described-by='table_1_desc'\n           data-wpdatatable_id=\"249\">\n        \n        <!-- Table header -->\n        \n<thead>\n<tr>\n                    <th\n        data-class=\"expand\"                class=\" wdtheader sort \"\n        style=\"\">        Plage de \u00d8 <\/th>        <th\n                        class=\" wdtheader sort numdata integer \"\n        style=\"\">        wdt_ID<\/th>        <th\n                        class=\" wdtheader sort \"\n        style=\"\">        \u00d8 ext\u00e9rieur <\/th>        <th\n                        class=\" wdtheader sort \"\n        style=\"\">        \u00d8 de l&#039;al\u00e9sage <\/th>        <th\n                        class=\" wdtheader sort \"\n        style=\"\">        aspect de l&#039;aff\u00fbtage <\/th>        <th\n                        class=\" wdtheader sort \"\n        style=\"\">        Num\u00e9ro d&#039;article <\/th>    <\/tr>\n<\/thead>\n        <!-- \/Table header -->\n\n        <!-- Table body -->\n        \n<tbody>\n<!-- Table body -->\n<div data-id=\"249\"\n     class=\"wdt-timeline-item wdt-timeline-table_1\"\n     style=\"\">\n    <div class=\"wdt-table-loader\">\n        <div class=\"wdt-table-loader-row wdt-table-loader-header\">\n            <div class=\"wdt-table-loader-header-cell wdt-animated-background\"><\/div>\n            <div class=\"wdt-table-loader-header-cell wdt-animated-background\"><\/div>\n            <div class=\"wdt-table-loader-header-cell wdt-animated-background\"><\/div>\n        <\/div>\n                    <div class=\"wdt-table-loader-row\">\n                <div class=\"wdt-table-loader-cell wdt-animated-background\"><\/div>\n                <div class=\"wdt-table-loader-cell wdt-animated-background\"><\/div>\n                <div class=\"wdt-table-loader-cell wdt-animated-background\"><\/div>\n            <\/div>\n                    <div class=\"wdt-table-loader-row\">\n                <div class=\"wdt-table-loader-cell wdt-animated-background\"><\/div>\n                <div class=\"wdt-table-loader-cell wdt-animated-background\"><\/div>\n                <div class=\"wdt-table-loader-cell wdt-animated-background\"><\/div>\n            <\/div>\n                    <div class=\"wdt-table-loader-row\">\n                <div class=\"wdt-table-loader-cell wdt-animated-background\"><\/div>\n                <div class=\"wdt-table-loader-cell wdt-animated-background\"><\/div>\n                <div class=\"wdt-table-loader-cell wdt-animated-background\"><\/div>\n            <\/div>\n                    <div class=\"wdt-table-loader-row\">\n                <div class=\"wdt-table-loader-cell wdt-animated-background\"><\/div>\n                <div class=\"wdt-table-loader-cell wdt-animated-background\"><\/div>\n                <div class=\"wdt-table-loader-cell wdt-animated-background\"><\/div>\n            <\/div>\n                    <div class=\"wdt-table-loader-row\">\n                <div class=\"wdt-table-loader-cell wdt-animated-background\"><\/div>\n                <div class=\"wdt-table-loader-cell wdt-animated-background\"><\/div>\n                <div class=\"wdt-table-loader-cell wdt-animated-background\"><\/div>\n            <\/div>\n            <\/div>\n<\/div><!-- \/Table body -->\n                    <tr id=\"table_249_row_0\"\n            data-row-index=\"0\">\n                            <td style=\"\">2,001 - 45,0 mm<\/td>\n                            <td style=\"\">1<\/td>\n                            <td style=\"\">125 mm<\/td>\n                            <td style=\"\">20,0 mm<\/td>\n                            <td style=\"\">normal<\/td>\n                            <td style=\"\"><a data-content='125000212' href='https:\/\/www.botek.de\/fr\/produkt\/meule-daffutage-double-o-125-mm\/' rel='' target='_self'>125000212<\/a><\/td>\n                    <\/tr>\n                            <tr id=\"table_249_row_1\"\n            data-row-index=\"1\">\n                            <td style=\"\">2,001 - 45,0 mm<\/td>\n                            <td style=\"\">2<\/td>\n                            <td style=\"\">90 mm<\/td>\n                            <td style=\"\">20,0 mm<\/td>\n                            <td style=\"\">normal<\/td>\n                            <td style=\"\"><a data-content='125000213' href='https:\/\/www.botek.de\/fr\/produkt\/meule-daffutage-double-90-mm-normal\/' rel='' target='_self'>125000213<\/a><\/td>\n                    <\/tr>\n                            <tr id=\"table_249_row_2\"\n            data-row-index=\"2\">\n                            <td style=\"\">2,001 - 45,0 mm<\/td>\n                            <td style=\"\">3<\/td>\n                            <td style=\"\">125 mm<\/td>\n                            <td style=\"\">20,0 mm<\/td>\n                            <td style=\"\">fin<\/td>\n                            <td style=\"\"><a data-content='125000212' href='https:\/\/www.botek.de\/fr\/produkt\/meule-daffutage-double-o-125-mm\/' rel='' target='_self'>125000212<\/a><\/td>\n                    <\/tr>\n                            <tr id=\"table_249_row_3\"\n            data-row-index=\"3\">\n                            <td style=\"\">2,001 - 45,0 mm<\/td>\n                            <td style=\"\">4<\/td>\n                            <td style=\"\">90 mm<\/td>\n                            <td style=\"\">20,0 mm<\/td>\n                            <td style=\"\">fin<\/td>\n                            <td style=\"\"><a data-content='125000217' href='https:\/\/www.botek.de\/fr\/produkt\/meule-daffutage-double-90-mm-fin\/' rel='' target='_self'>125000217<\/a><\/td>\n                    <\/tr>\n            <\/tbody>        <!-- \/Table body -->\n\n        <!-- Table footer -->\n        \n        <!-- \/Table footer -->\n    <\/table>\n\n<\/div><style>\n.columnValue {\n    display:block;\n    white-space: normal;\n}\n.columnValue > img {\n    width: 80%;\n}\n\n.row-detail > td > ul {\n    padding: 0 0 20px 10px;\n}\n\n.wpDataTable img {\n    max-width: 250px;\n}\n.wpDataTable .table-image {\n    min-width: 250px;\n}\n\na > button {\n    padding: 5px 0;\n    max-width: 220px !important;\n    height: auto !important;\n    margin: 5px 0 !important;\n}\n\n@media screen and (max-width:500px) {\n    .wpDataTables {\n        width: 110%;\n        margin-left: -5%;\n    }\n}table.wpDataTable td.numdata { text-align: right !important; }\n<\/style>\n<style>\n                    \n                \/* odd rows background color *\/\n    .wpdt-c.wpDataTablesWrapper table.wpdtSimpleTable tr.odd td,\n    .wpdt-c .wpDataTablesWrapper table.wpDataTable tr.odd td {\n        background-color: #ffffff !important;\n    }\n\n            \/* even rows background color *\/\n    .wpdt-c.wpDataTablesWrapper table.wpdtSimpleTable tr.even td,\n    .wpdt-c .wpDataTablesWrapper table.wpDataTable tr.even td,\n    .wpdt-c .wpDataTablesWrapper table.has-columns-hidden tr.row-detail > td {\n        background-color: #ffffff !important;\n    }\n\n                    \/* rows hover background color *\/\n    .wpdt-c.wpDataTablesWrapper table.wpdtSimpleTable tr.odd:hover > td,\n    .wpdt-c .wpDataTablesWrapper table.wpDataTable tr.odd:hover > td,\n    .wpdt-c .wpDataTablesWrapper table.wpDataTable tr.odd:hover > td.sorting_1,\n    .wpdt-c .wpDataTablesWrapper table.wpDataTable tr.even:hover > td,\n    .wpdt-c.wpDataTablesWrapper table.wpdtSimpleTable tr.even:hover > td,\n    .wpdt-c .wpDataTablesWrapper table.wpDataTable tr.even:hover > td.sorting_1 {\n        background-color: #ffffff !important;\n    }\n\n            \/* selected rows background color *\/\n    .wpdt-c .wpDataTablesWrapper table.wpDataTable tr.odd.selected > td,\n    .wpdt-c .wpDataTablesWrapper table.wpDataTable tr.odd.selected > td.sorting_1,\n    .wpdt-c .wpDataTablesWrapper table.wpDataTable tr.even.selected > td,\n    .wpdt-c .wpDataTablesWrapper table.wpDataTable tr.even.selected > td.sorting_1 {\n        background-color: #ffffff !important;\n    }\n\n                                                                    \n                <\/style>\n<style>\n<\/style>\n<style>\n                            \n                                        \n                    \n<\/style>\n\n","protected":false},"excerpt":{"rendered":"<p><strong>Meule d\u2019aff\u00fbtage double<\/strong><\/p>\n<p>Le double meule d\u2019aff\u00fbtage est con\u00e7u pour le r\u00e9aff\u00fbtage de forets \u00e0 une l\u00e8vre dans une plage de diam\u00e8tres de 2,001 \u00e0 45 mm.<br \/>\nLe meule ext\u00e9rieure sert au pr\u00e9aff\u00fbtage, elle est dot\u00e9e d\u2019un grain grossier, ce qui permet d\u2019obtenir une grande quantit\u00e9 d\u2019enl\u00e8vement de mati\u00e8re avec un faible \u00e9chauffement de l\u2019outil. Le disque int\u00e9rieur est dot\u00e9 d\u2019un rev\u00eatement abrasif tr\u00e8s fin et sert \u00e0 l\u2019aff\u00fbtage de finition. En ajoutant le moins possible de mati\u00e8re \u00e0 meuler, on obtient une qualit\u00e9 de surface optimale avec un faible \u00e9chauffement de l\u2019outil.<\/p>\n<p><strong>Plage de \u00d8<\/strong>\u00a0: 2,001 \u2013 45,0 mm<br \/>\n<strong>\u00d8 ext\u00e9rieur<\/strong> : 90 mm<br \/>\n<strong>\u00d8 d\u2019al\u00e9sage<\/strong>\u00a0: 20,0 mm<br \/>\n<strong>Aspect de l\u2019aff\u00fbtage<\/strong> : normal<\/p>\n","protected":false},"featured_media":27824,"template":"","meta":[],"product_brand":[],"product_cat":[8673],"product_tag":[],"class_list":{"0":"post-28694","1":"product","2":"type-product","3":"status-publish","4":"has-post-thumbnail","6":"product_cat-no-stock","8":"first","9":"instock","10":"shipping-taxable","11":"purchasable","12":"product-type-simple"},"_links":{"self":[{"href":"https:\/\/www.botek.de\/fr\/wp-json\/wp\/v2\/product\/28694","targetHints":{"allow":["GET"]}}],"collection":[{"href":"https:\/\/www.botek.de\/fr\/wp-json\/wp\/v2\/product"}],"about":[{"href":"https:\/\/www.botek.de\/fr\/wp-json\/wp\/v2\/types\/product"}],"wp:featuredmedia":[{"embeddable":true,"href":"https:\/\/www.botek.de\/fr\/wp-json\/wp\/v2\/media\/27824"}],"wp:attachment":[{"href":"https:\/\/www.botek.de\/fr\/wp-json\/wp\/v2\/media?parent=28694"}],"wp:term":[{"taxonomy":"product_brand","embeddable":true,"href":"https:\/\/www.botek.de\/fr\/wp-json\/wp\/v2\/product_brand?post=28694"},{"taxonomy":"product_cat","embeddable":true,"href":"https:\/\/www.botek.de\/fr\/wp-json\/wp\/v2\/product_cat?post=28694"},{"taxonomy":"product_tag","embeddable":true,"href":"https:\/\/www.botek.de\/fr\/wp-json\/wp\/v2\/product_tag?post=28694"}],"curies":[{"name":"wp","href":"https:\/\/api.w.org\/{rel}","templated":true}]}}