{"id":15080,"date":"2022-04-08T13:26:37","date_gmt":"2022-04-08T11:26:37","guid":{"rendered":"https:\/\/www.botek.de\/?post_type=product&#038;p=14560"},"modified":"2022-08-23T15:42:09","modified_gmt":"2022-08-23T13:42:09","slug":"hpc-endmill-dry-type-f428-02-o-2000-mm-15xd","status":"publish","type":"product","link":"https:\/\/www.botek.de\/fr\/produkt\/hpc-endmill-dry-type-f428-02-o-2000-mm-15xd\/","title":{"rendered":"Fraises en bout HPC sans lubrification int\u00e9rieure Type F428-02 \u00d8&nbsp;20,00&nbsp;mm,&nbsp;1,5xD"},"content":{"rendered":"<h4>Autres dimensions:<\/h4>\n\n<div class=\"wpdt-c wdt-skin-light\">\n    \n    <input type=\"hidden\" id=\"wdtNonceFrontendServerSide_187\" name=\"wdtNonceFrontendServerSide_187\" value=\"df78b56a1e\" \/><input type=\"hidden\" name=\"_wp_http_referer\" value=\"\/fr\/wp-json\/wp\/v2\/product\/15080\" \/>    <input type=\"hidden\" id=\"table_1_desc\"\n           value='{\"tableId\":\"table_1\",\"tableType\":\"manual\",\"selector\":\"#table_1\",\"responsive\":true,\"responsiveAction\":\"icon\",\"editable\":false,\"inlineEditing\":false,\"infoBlock\":false,\"pagination_top\":0,\"pagination\":1,\"paginationAlign\":\"right\",\"paginationLayout\":\"full_numbers\",\"paginationLayoutMobile\":\"simple\",\"file_location\":\"\",\"tableSkin\":\"light\",\"table_wcag\":0,\"simple_template_id\":0,\"scrollable\":true,\"fixedLayout\":false,\"globalSearch\":false,\"showRowsPerPage\":false,\"popoverTools\":false,\"loader\":\"1\",\"showCartInformation\":1,\"hideBeforeLoad\":true,\"number_format\":1,\"decimalPlaces\":2,\"spinnerSrc\":\"https:\\\/\\\/www.botek.de\\\/wp-content\\\/plugins\\\/wpdatatables\\\/assets\\\/\\\/img\\\/spinner.gif\",\"index_column\":0,\"groupingEnabled\":false,\"tableWpId\":187,\"dataTableParams\":{\"sDom\":\"BT\\u003C\\u0027clear\\u0027\\u003E\\u003C\\u0027wdtscroll\\u0027t\\u003Ep\",\"bSortCellsTop\":false,\"bFilter\":true,\"bPaginate\":true,\"sPaginationType\":\"full_numbers\",\"aLengthMenu\":[[1,5,10,25,50,100,-1],[1,5,10,25,50,100,\"Tout\"]],\"iDisplayLength\":-1,\"columnDefs\":[{\"sType\":\"formatted-num\",\"wdtType\":\"int\",\"bVisible\":false,\"orderable\":true,\"searchable\":true,\"InputType\":\"text\",\"name\":\"wdt_ID\",\"origHeader\":\"wdt_ID\",\"notNull\":false,\"conditionalFormattingRules\":[],\"transformValueRules\":\"\",\"className\":\"numdata integer  column-wdt_id\",\"aTargets\":[0]},{\"sType\":\"string\",\"wdtType\":\"string\",\"bVisible\":true,\"orderable\":true,\"searchable\":true,\"InputType\":\"text\",\"name\":\"neuespalte\",\"origHeader\":\"neuespalte\",\"notNull\":false,\"conditionalFormattingRules\":[],\"transformValueRules\":\"\",\"className\":\"align-right column-neuespalte\",\"aTargets\":[1]},{\"sType\":\"string\",\"wdtType\":\"link\",\"bVisible\":true,\"orderable\":true,\"searchable\":true,\"InputType\":\"link\",\"name\":\"neuespalte1\",\"origHeader\":\"neuespalte1\",\"notNull\":false,\"conditionalFormattingRules\":[],\"transformValueRules\":\"\",\"className\":\" column-neuespalte1\",\"aTargets\":[2]},{\"sType\":\"string\",\"wdtType\":\"link\",\"bVisible\":true,\"orderable\":true,\"searchable\":true,\"InputType\":\"text\",\"name\":\"20xd\",\"origHeader\":\"20xd\",\"notNull\":false,\"conditionalFormattingRules\":[],\"transformValueRules\":\"\",\"className\":\" column-20xd\",\"aTargets\":[3]}],\"bAutoWidth\":false,\"order\":[[0,\"asc\"]],\"ordering\":false,\"fixedHeader\":{\"header\":false,\"headerOffset\":0},\"fixedColumns\":false,\"oLanguage\":{\"sProcessing\":\"Bitte warten...\",\"sLengthMenu\":\"_MENU_ Eintr\\u00e4ge anzeigen\",\"sZeroRecords\":\"Keine Eintr\\u00e4ge vorhanden.\",\"sInfo\":\"_START_ bis _END_ von _TOTAL_ Eintr\\u00e4gen\",\"sInfoEmpty\":\"0 bis 0 von 0 Eintr\\u00e4gen\",\"sInfoFiltered\":\"(gefiltert von _MAX_  Eintr\\u00e4gen)\",\"sInfoPostFix\":\"\",\"sSearch\":\"Suchen\",\"sSearchPlaceholder\":\"\",\"sUrl\":\"\",\"oPaginate\":{\"sFirst\":\"Erster\",\"sPrevious\":\"Zur\\u00fcck\",\"sNext\":\"N\\u00e4chster\",\"sLast\":\"Letzter\"}},\"buttons\":[],\"bProcessing\":false,\"serverSide\":true,\"ajax\":{\"url\":\"https:\\\/\\\/www.botek.de\\\/wp-admin\\\/admin-ajax.php?action=get_wdtable&table_id=187\",\"type\":\"POST\"},\"oSearch\":{\"bSmart\":false,\"bRegex\":false,\"sSearch\":\"\"}},\"customRowDisplay\":\"\",\"tabletWidth\":\"1260\",\"mobileWidth\":\"780\",\"renderFilter\":\"footer\",\"advancedFilterEnabled\":false,\"serverSide\":true,\"autoRefreshInterval\":0,\"processing\":true,\"fnServerData\":true,\"columnsFixed\":0,\"sumFunctionsLabel\":\"\",\"avgFunctionsLabel\":\"\",\"minFunctionsLabel\":\"\",\"maxFunctionsLabel\":\"SuperAdministrator\",\"columnsDecimalPlaces\":{\"wdt_ID\":-1,\"neuespalte\":-1,\"neuespalte1\":-1,\"20xd\":-1},\"columnsThousandsSeparator\":{\"wdt_ID\":0},\"sumColumns\":[],\"avgColumns\":[],\"sumAvgColumns\":[],\"timeFormat\":\"H:i\",\"datepickFormat\":\"mm.dd.yy\"}'\/>\n\n    <table id=\"table_1\"\n           class=\" scroll responsive display nowrap wdt-no-display data-t data-t wpDataTable wpDataTableID-187 \"\n           style=\"display: none; \"\n           data-described-by='table_1_desc'\n           data-wpdatatable_id=\"187\">\n        \n        <!-- Table header -->\n        \n<thead>\n<tr>\n                    <th\n                        class=\" wdtheader sort numdata integer \"\n        style=\"\">        wdt_ID<\/th>        <th\n        data-class=\"expand\"                class=\" wdtheader sort align-right\"\n        style=\"\">        \u00d8<\/th>        <th\n                        class=\" wdtheader sort \"\n        style=\"\">        1,5 x D<\/th>        <th\n                        class=\" wdtheader sort \"\n        style=\"\">        2,0 x D<\/th>    <\/tr>\n<\/thead>\n        <!-- \/Table header -->\n\n        <!-- Table body -->\n        \n<tbody>\n<!-- Table body -->\n<div data-id=\"187\"\n     class=\"wdt-timeline-item wdt-timeline-table_1\"\n     style=\"\">\n    <div class=\"wdt-table-loader\">\n        <div class=\"wdt-table-loader-row wdt-table-loader-header\">\n            <div class=\"wdt-table-loader-header-cell wdt-animated-background\"><\/div>\n            <div class=\"wdt-table-loader-header-cell wdt-animated-background\"><\/div>\n            <div class=\"wdt-table-loader-header-cell wdt-animated-background\"><\/div>\n        <\/div>\n                    <div class=\"wdt-table-loader-row\">\n                <div class=\"wdt-table-loader-cell wdt-animated-background\"><\/div>\n                <div class=\"wdt-table-loader-cell wdt-animated-background\"><\/div>\n                <div class=\"wdt-table-loader-cell wdt-animated-background\"><\/div>\n            <\/div>\n                    <div class=\"wdt-table-loader-row\">\n                <div class=\"wdt-table-loader-cell wdt-animated-background\"><\/div>\n                <div class=\"wdt-table-loader-cell wdt-animated-background\"><\/div>\n                <div class=\"wdt-table-loader-cell wdt-animated-background\"><\/div>\n            <\/div>\n                    <div class=\"wdt-table-loader-row\">\n                <div class=\"wdt-table-loader-cell wdt-animated-background\"><\/div>\n                <div class=\"wdt-table-loader-cell wdt-animated-background\"><\/div>\n                <div class=\"wdt-table-loader-cell wdt-animated-background\"><\/div>\n            <\/div>\n                    <div class=\"wdt-table-loader-row\">\n                <div class=\"wdt-table-loader-cell wdt-animated-background\"><\/div>\n                <div class=\"wdt-table-loader-cell wdt-animated-background\"><\/div>\n                <div class=\"wdt-table-loader-cell wdt-animated-background\"><\/div>\n            <\/div>\n                    <div class=\"wdt-table-loader-row\">\n                <div class=\"wdt-table-loader-cell wdt-animated-background\"><\/div>\n                <div class=\"wdt-table-loader-cell wdt-animated-background\"><\/div>\n                <div class=\"wdt-table-loader-cell wdt-animated-background\"><\/div>\n            <\/div>\n                    <div class=\"wdt-table-loader-row\">\n                <div class=\"wdt-table-loader-cell wdt-animated-background\"><\/div>\n                <div class=\"wdt-table-loader-cell wdt-animated-background\"><\/div>\n                <div class=\"wdt-table-loader-cell wdt-animated-background\"><\/div>\n            <\/div>\n                    <div class=\"wdt-table-loader-row\">\n                <div class=\"wdt-table-loader-cell wdt-animated-background\"><\/div>\n                <div class=\"wdt-table-loader-cell wdt-animated-background\"><\/div>\n                <div class=\"wdt-table-loader-cell wdt-animated-background\"><\/div>\n            <\/div>\n                    <div class=\"wdt-table-loader-row\">\n                <div class=\"wdt-table-loader-cell wdt-animated-background\"><\/div>\n                <div class=\"wdt-table-loader-cell wdt-animated-background\"><\/div>\n                <div class=\"wdt-table-loader-cell wdt-animated-background\"><\/div>\n            <\/div>\n            <\/div>\n<\/div><!-- \/Table body -->\n                    <tr id=\"table_187_row_0\"\n            data-row-index=\"0\">\n                            <td style=\"\">1<\/td>\n                            <td style=\"\">6,00 mm<\/td>\n                            <td style=\"\"><a data-content='750000500' href='https:\/\/www.botek.de\/fr\/product\/hpc-endmill-dry-type-f428-02-o-600-mm-15xd\/' rel='' target='_self'>750000500<\/a><\/td>\n                            <td style=\"\"><a data-content='750000507' href='https:\/\/www.botek.de\/fr\/product\/hpc-endmill-dry-type-f428-02-o-600-mm-20xd\/' rel='' target='_self'>750000507<\/a><\/td>\n                    <\/tr>\n                            <tr id=\"table_187_row_1\"\n            data-row-index=\"1\">\n                            <td style=\"\">2<\/td>\n                            <td style=\"\">8,00 mm <\/td>\n                            <td style=\"\"><a data-content='750000501' href='https:\/\/www.botek.de\/fr\/product\/hpc-endmill-dry-type-f428-02-o-800-mm-15xd\/' rel='' target='_self'>750000501<\/a><\/td>\n                            <td style=\"\"><a data-content='750000508' href='https:\/\/www.botek.de\/fr\/product\/hpc-endmill-dry-type-f428-02-o-800-mm-20xd\/' rel='' target='_self'>750000508<\/a><\/td>\n                    <\/tr>\n                            <tr id=\"table_187_row_2\"\n            data-row-index=\"2\">\n                            <td style=\"\">3<\/td>\n                            <td style=\"\">10,00 mm<\/td>\n                            <td style=\"\"><a data-content='750000502' href='https:\/\/www.botek.de\/fr\/product\/hpc-endmill-dry-type-f428-02-o-1000-mm-15xd\/' rel='' target='_self'>750000502<\/a><\/td>\n                            <td style=\"\"><a data-content='750000509' href='https:\/\/www.botek.de\/fr\/product\/hpc-endmill-dry-type-f428-02-o-1000-mm-20xd\/' rel='' target='_self'>750000509<\/a><\/td>\n                    <\/tr>\n                            <tr id=\"table_187_row_3\"\n            data-row-index=\"3\">\n                            <td style=\"\">4<\/td>\n                            <td style=\"\">12,00 mm<\/td>\n                            <td style=\"\"><a data-content='750000503' href='https:\/\/www.botek.de\/fr\/product\/hpc-endmill-dry-type-f428-02-o-1200-mm-15xd\/' rel='' target='_self'>750000503<\/a><\/td>\n                            <td style=\"\"><a data-content='750000510' href='https:\/\/www.botek.de\/fr\/product\/hpc-endmill-dry-type-f428-02-o-1200-mm-20xd\/' rel='' target='_self'>750000510<\/a><\/td>\n                    <\/tr>\n                            <tr id=\"table_187_row_4\"\n            data-row-index=\"4\">\n                            <td style=\"\">5<\/td>\n                            <td style=\"\">16,00 mm<\/td>\n                            <td style=\"\"><a data-content='750000504' href='https:\/\/www.botek.de\/fr\/product\/hpc-endmill-dry-type-f428-02-o-1600-mm-15xd\/' rel='' target='_self'>750000504<\/a><\/td>\n                            <td style=\"\"><a data-content='750000511' href='https:\/\/www.botek.de\/fr\/product\/hpc-endmill-dry-type-f428-02-o-1600-mm-20xd\/' rel='' target='_self'>750000511<\/a><\/td>\n                    <\/tr>\n                            <tr id=\"table_187_row_5\"\n            data-row-index=\"5\">\n                            <td style=\"\">6<\/td>\n                            <td style=\"\">18,00 mm<\/td>\n                            <td style=\"\"><a data-content='750000505' href='https:\/\/www.botek.de\/fr\/product\/hpc-endmill-dry-type-f428-02-o-1800-mm-15xd\/' rel='' target='_self'>750000505<\/a><\/td>\n                            <td style=\"\"><a data-content='750000512' href='https:\/\/www.botek.de\/fr\/product\/hpc-endmill-dry-type-f428-02-o-1800-mm-20xd\/' rel='' target='_self'>750000512<\/a><\/td>\n                    <\/tr>\n                            <tr id=\"table_187_row_6\"\n            data-row-index=\"6\">\n                            <td style=\"\">7<\/td>\n                            <td style=\"\">20,00 mm<\/td>\n                            <td style=\"\"><a data-content='750000506' href='https:\/\/www.botek.de\/fr\/product\/hpc-endmill-dry-type-f428-02-o-2000-mm-15xd\/' rel='' target='_self'>750000506<\/a><\/td>\n                            <td style=\"\"><a data-content='750000513' href='https:\/\/www.botek.de\/fr\/product\/hpc-endmill-dry-type-f428-02-o-2000-mm-20xd\/' rel='' target='_self'>750000513<\/a><\/td>\n                    <\/tr>\n            <\/tbody>        <!-- \/Table body -->\n\n        <!-- Table footer -->\n        \n        <!-- \/Table footer -->\n    <\/table>\n\n<\/div><style>\n.columnValue {\n    display:block;\n    white-space: normal;\n}\n.columnValue > img {\n    width: 80%;\n}\n\n.row-detail > td > ul {\n    padding: 0 0 20px 10px;\n}\n\n.wpDataTable img {\n    max-width: 250px;\n}\n.wpDataTable .table-image {\n    min-width: 250px;\n}\n\na > button {\n    padding: 5px 0;\n    max-width: 220px !important;\n    height: auto !important;\n    margin: 5px 0 !important;\n}\n\n@media screen and (max-width:500px) {\n    .wpDataTables {\n        width: 110%;\n        margin-left: -5%;\n    }\n}table.wpDataTable td.numdata { text-align: right !important; }\n<\/style>\n<style>\n                    \n                \/* odd rows background color *\/\n    .wpdt-c.wpDataTablesWrapper table.wpdtSimpleTable tr.odd td,\n    .wpdt-c .wpDataTablesWrapper table.wpDataTable tr.odd td {\n        background-color: #ffffff !important;\n    }\n\n            \/* even rows background color *\/\n    .wpdt-c.wpDataTablesWrapper table.wpdtSimpleTable tr.even td,\n    .wpdt-c .wpDataTablesWrapper table.wpDataTable tr.even td,\n    .wpdt-c .wpDataTablesWrapper table.has-columns-hidden tr.row-detail > td {\n        background-color: #ffffff !important;\n    }\n\n                    \/* rows hover background color *\/\n    .wpdt-c.wpDataTablesWrapper table.wpdtSimpleTable tr.odd:hover > td,\n    .wpdt-c .wpDataTablesWrapper table.wpDataTable tr.odd:hover > td,\n    .wpdt-c .wpDataTablesWrapper table.wpDataTable tr.odd:hover > td.sorting_1,\n    .wpdt-c .wpDataTablesWrapper table.wpDataTable tr.even:hover > td,\n    .wpdt-c.wpDataTablesWrapper table.wpdtSimpleTable tr.even:hover > td,\n    .wpdt-c .wpDataTablesWrapper table.wpDataTable tr.even:hover > td.sorting_1 {\n        background-color: #ffffff !important;\n    }\n\n            \/* selected rows background color *\/\n    .wpdt-c .wpDataTablesWrapper table.wpDataTable tr.odd.selected > td,\n    .wpdt-c .wpDataTablesWrapper table.wpDataTable tr.odd.selected > td.sorting_1,\n    .wpdt-c .wpDataTablesWrapper table.wpDataTable tr.even.selected > td,\n    .wpdt-c .wpDataTablesWrapper table.wpDataTable tr.even.selected > td.sorting_1 {\n        background-color: #ffffff !important;\n    }\n\n                                                                    \n                <\/style>\n<style>\n<\/style>\n<style>\n                            \n                                        \n                    \n<\/style>\n\n","protected":false},"excerpt":{"rendered":"<h3><strong>Fraises en bout HPC sans lubrification int\u00e9rieure, avec Rayon<br \/>Type F428-02<\/strong><\/h3>\n<p><strong>Diam\u00e8tre (DC):<\/strong> 20,00 mm<br \/>\n<strong>Tol\u00e9rance:<\/strong> h10<br \/>\n<strong>Longueur Totale (OAL):<\/strong> 104 mm<br \/>\n<strong>Longueur Utile (APMX):<\/strong> 30 mm<br \/>\n<strong>Longueur taill\u00e9e (LH):<\/strong> 43 mm<br \/>\n<strong>Diam\u00e8tre de queue (DCON):<\/strong> 20 mm<\/p>\n<p><strong>Rev\u00eatement:<\/strong> XT-S<br \/>\n<strong>Type d\u2018attachement:<\/strong> DIN 6535 HA<\/p>\n<p><strong>Aff\u00fbtage:<\/strong> Rayon<\/p>\n<p>*jusqu&#8217;\u00e0 \u00e9puisement du stock &#8211; sous r\u00e9serve de vente interm\u00e9diaire<\/p>\n<p>&nbsp;<\/p>\n<p><strong>Fonctions:<\/strong><\/p>\n<p><img loading=\"lazy\" decoding=\"async\" class=\"alignleft size-full wp-image-15059\" src=\"https:\/\/www.botek.de\/wp-content\/uploads\/2023\/09\/HPC_428_02_F.png\" alt=\"\" width=\"750\" height=\"248\" \/><\/p>\n<p>&nbsp;<\/p>\n","protected":false},"featured_media":17400,"template":"","meta":[],"product_brand":[],"product_cat":[8728],"product_tag":[],"class_list":{"0":"post-15080","1":"product","2":"type-product","3":"status-publish","4":"has-post-thumbnail","6":"product_cat-fraeser","8":"first","9":"instock","10":"shipping-taxable","11":"purchasable","12":"product-type-simple"},"_links":{"self":[{"href":"https:\/\/www.botek.de\/fr\/wp-json\/wp\/v2\/product\/15080","targetHints":{"allow":["GET"]}}],"collection":[{"href":"https:\/\/www.botek.de\/fr\/wp-json\/wp\/v2\/product"}],"about":[{"href":"https:\/\/www.botek.de\/fr\/wp-json\/wp\/v2\/types\/product"}],"wp:featuredmedia":[{"embeddable":true,"href":"https:\/\/www.botek.de\/fr\/wp-json\/wp\/v2\/media\/17400"}],"wp:attachment":[{"href":"https:\/\/www.botek.de\/fr\/wp-json\/wp\/v2\/media?parent=15080"}],"wp:term":[{"taxonomy":"product_brand","embeddable":true,"href":"https:\/\/www.botek.de\/fr\/wp-json\/wp\/v2\/product_brand?post=15080"},{"taxonomy":"product_cat","embeddable":true,"href":"https:\/\/www.botek.de\/fr\/wp-json\/wp\/v2\/product_cat?post=15080"},{"taxonomy":"product_tag","embeddable":true,"href":"https:\/\/www.botek.de\/fr\/wp-json\/wp\/v2\/product_tag?post=15080"}],"curies":[{"name":"wp","href":"https:\/\/api.w.org\/{rel}","templated":true}]}}