{"id":858,"date":"2019-04-23T13:25:30","date_gmt":"2019-04-23T11:25:30","guid":{"rendered":"https:\/\/www.botek.de\/?page_id=858"},"modified":"2025-12-22T15:19:10","modified_gmt":"2025-12-22T14:19:10","slug":"service-apres-vente","status":"publish","type":"page","link":"https:\/\/www.botek.de\/fr\/service\/service-apres-vente\/","title":{"rendered":"Service apr\u00e8s-vente"},"content":{"rendered":"<div class=\"fusion-fullwidth fullwidth-box fusion-builder-row-1 nonhundred-percent-fullwidth non-hundred-percent-height-scrolling\" style=\"--awb-border-radius-top-left:0px;--awb-border-radius-top-right:0px;--awb-border-radius-bottom-right:0px;--awb-border-radius-bottom-left:0px;--awb-flex-wrap:wrap;\" ><div class=\"fusion-builder-row fusion-row\"><div class=\"fusion-layout-column fusion_builder_column fusion-builder-column-0 fusion_builder_column_1_1 1_1 fusion-one-full fusion-column-first fusion-column-last\" style=\"--awb-bg-size:cover;\"><div class=\"fusion-column-wrapper fusion-column-has-shadow fusion-flex-column-wrapper-legacy\"><div class=\"fusion-title title fusion-title-1 fusion-sep-none fusion-title-text fusion-title-size-one\" style=\"--awb-margin-top-small:0px;--awb-margin-right-small:0px;--awb-margin-bottom-small:20px;--awb-margin-left-small:0px;\"><h1 class=\"fusion-title-heading title-heading-left fusion-responsive-typography-calculated\" style=\"margin:0;--fontSize:36;line-height:1.4;\"><h1><strong>Service apr\u00e8s-vente<\/strong><\/h1><\/h1><\/div><div class=\"fusion-clearfix\"><\/div><\/div><\/div><div class=\"fusion-layout-column fusion_builder_column fusion-builder-column-1 fusion_builder_column_1_2 1_2 fusion-one-half fusion-column-first\" style=\"--awb-bg-size:cover;width:50%;width:calc(50% - ( ( 4% ) * 0.5 ) );margin-right: 4%;\"><div class=\"fusion-column-wrapper fusion-column-has-shadow fusion-flex-column-wrapper-legacy\"><div class=\"fusion-text fusion-text-1\" style=\"--awb-font-size:22px;--awb-text-color:#444444;\"><p>L&#8217;accompagnement de nos clients ne s&#8217;arr\u00eate pas \u00e0 la livraison de nos produits, il commence par elle.<br \/>\nParce que partout o\u00f9 les outils botek sont utilis\u00e9s, nos ing\u00e9nieurs d&#8217;application sont \u00e0 vos c\u00f4t\u00e9s.<\/p>\n<\/div><div class=\"fusion-sep-clear\"><\/div><div class=\"fusion-separator fusion-full-width-sep\" style=\"margin-left: auto;margin-right: auto;margin-top:50px;width:100%;\"><\/div><div class=\"fusion-sep-clear\"><\/div><div class=\"fusion-image-element in-legacy-container\" style=\"--awb-caption-title-font-family:var(--h2_typography-font-family);--awb-caption-title-font-weight:var(--h2_typography-font-weight);--awb-caption-title-font-style:var(--h2_typography-font-style);--awb-caption-title-size:var(--h2_typography-font-size);--awb-caption-title-transform:var(--h2_typography-text-transform);--awb-caption-title-line-height:var(--h2_typography-line-height);--awb-caption-title-letter-spacing:var(--h2_typography-letter-spacing);\"><span class=\" fusion-imageframe imageframe-none imageframe-1 hover-type-none\"><img loading=\"lazy\" decoding=\"async\" width=\"800\" height=\"534\" title=\"after-sales\" src=\"https:\/\/www.botek.de\/wp-content\/uploads\/2025\/12\/after-sales.webp\" alt class=\"img-responsive wp-image-31116\" srcset=\"https:\/\/www.botek.de\/wp-content\/uploads\/2025\/12\/after-sales-200x134.webp 200w, https:\/\/www.botek.de\/wp-content\/uploads\/2025\/12\/after-sales-400x267.webp 400w, https:\/\/www.botek.de\/wp-content\/uploads\/2025\/12\/after-sales-600x401.webp 600w, https:\/\/www.botek.de\/wp-content\/uploads\/2025\/12\/after-sales.webp 800w\" sizes=\"auto, (max-width: 1023px) 100vw, 800px\" \/><\/span><\/div><div class=\"fusion-clearfix\"><\/div><\/div><\/div><div class=\"fusion-layout-column fusion_builder_column fusion-builder-column-2 fusion_builder_column_1_2 1_2 fusion-one-half fusion-column-last\" style=\"--awb-bg-size:cover;width:50%;width:calc(50% - ( ( 4% ) * 0.5 ) );\"><div class=\"fusion-column-wrapper fusion-column-has-shadow fusion-flex-column-wrapper-legacy\"><div class=\"fusion-text fusion-text-2\" style=\"--awb-font-size:22px;--awb-text-color:#444444;\"><p><strong>Nous vous accompagnons avec:<\/strong><\/p>\n<ul>\n<li>L\u2019optimisation des param\u00e8tres de coupe<\/li>\n<li>L\u2019optimisation de la dur\u00e9e de vie des outils<\/li>\n<li>la minimisation des temps morts<\/li>\n<li>l&#8217;optimisation du flux de processus<\/li>\n<li>Tests de faisabilit\u00e9<\/li>\n<li>Essais d&#8217;optimisation<\/li>\n<li>la formation et l\u2019entrainement de vos collaborateurs<\/li>\n<li>l&#8217;optimisation de vos programmes machines<\/li>\n<li>La v\u00e9rification de votre machine avec le bo\u00eetier de mesure de pression botek<\/li>\n<li>la poursuite du d\u00e9veloppement de vos outils utilis\u00e9s<\/li>\n<li>le r\u00e9aff\u00fbtage de vos outils en interne<\/li>\n<\/ul>\n<\/div><div class=\"fusion-text fusion-text-3\" style=\"--awb-font-size:22px;--awb-text-color:#444444;\"><p><strong>De plus nous proposons:<\/strong><\/p>\n<ul>\n<li>Service d\u2018aff\u00fbtage<\/li>\n<li>Remise en \u00e9tat de vos outils (Regarnissage)<\/li>\n<\/ul>\n<\/div><div class=\"fusion-clearfix\"><\/div><\/div><\/div><div class=\"fusion-layout-column fusion_builder_column fusion-builder-column-3 fusion_builder_column_1_1 1_1 fusion-one-full fusion-column-first fusion-column-last\" style=\"--awb-bg-size:cover;\"><div class=\"fusion-column-wrapper fusion-column-has-shadow fusion-flex-column-wrapper-legacy\"><div class=\"fusion-sep-clear\"><\/div><div class=\"fusion-separator fusion-full-width-sep\" style=\"margin-left: auto;margin-right: auto;margin-top:40px;width:100%;\"><\/div><div class=\"fusion-sep-clear\"><\/div><div class=\"fusion-text fusion-text-4\" style=\"--awb-font-size:22px;--awb-text-color:#444444;\"><p>Contactez nous si vous avez besoin de support<\/p>\n<h2><strong>Hotline technique:<\/strong><\/h2>\n<p>Pour outils avec insert carbure changeable<strong><br \/>\n<\/strong><strong>T: +49 7123 3808-200<br \/>\n<\/strong>Pour forets 1 et 2 l\u00e8vres, outils h\u00e9licoidaux, outils en carbure monobloc, fraises, al\u00e9soirs<strong><br \/>\n<\/strong><strong>T: +49 7123 3808-300<\/strong><\/p>\n<\/div><div class=\"fusion-clearfix\"><\/div><\/div><\/div><\/div><\/div>\n","protected":false},"excerpt":{"rendered":"","protected":false},"author":1,"featured_media":0,"parent":841,"menu_order":0,"comment_status":"closed","ping_status":"closed","template":"","meta":{"footnotes":""},"class_list":["post-858","page","type-page","status-publish","hentry"],"_links":{"self":[{"href":"https:\/\/www.botek.de\/fr\/wp-json\/wp\/v2\/pages\/858","targetHints":{"allow":["GET"]}}],"collection":[{"href":"https:\/\/www.botek.de\/fr\/wp-json\/wp\/v2\/pages"}],"about":[{"href":"https:\/\/www.botek.de\/fr\/wp-json\/wp\/v2\/types\/page"}],"author":[{"embeddable":true,"href":"https:\/\/www.botek.de\/fr\/wp-json\/wp\/v2\/users\/1"}],"replies":[{"embeddable":true,"href":"https:\/\/www.botek.de\/fr\/wp-json\/wp\/v2\/comments?post=858"}],"version-history":[{"count":2,"href":"https:\/\/www.botek.de\/fr\/wp-json\/wp\/v2\/pages\/858\/revisions"}],"predecessor-version":[{"id":31121,"href":"https:\/\/www.botek.de\/fr\/wp-json\/wp\/v2\/pages\/858\/revisions\/31121"}],"up":[{"embeddable":true,"href":"https:\/\/www.botek.de\/fr\/wp-json\/wp\/v2\/pages\/841"}],"wp:attachment":[{"href":"https:\/\/www.botek.de\/fr\/wp-json\/wp\/v2\/media?parent=858"}],"curies":[{"name":"wp","href":"https:\/\/api.w.org\/{rel}","templated":true}]}}