{"id":849,"date":"2019-04-23T13:23:19","date_gmt":"2019-04-23T11:23:19","guid":{"rendered":"https:\/\/www.botek.de\/?page_id=849"},"modified":"2025-12-22T14:27:32","modified_gmt":"2025-12-22T13:27:32","slug":"dissection-des-processus","status":"publish","type":"page","link":"https:\/\/www.botek.de\/fr\/service\/dissection-des-processus\/","title":{"rendered":"Dissection des processus"},"content":{"rendered":"<div class=\"fusion-fullwidth fullwidth-box fusion-builder-row-1 nonhundred-percent-fullwidth non-hundred-percent-height-scrolling\" style=\"--awb-border-radius-top-left:0px;--awb-border-radius-top-right:0px;--awb-border-radius-bottom-right:0px;--awb-border-radius-bottom-left:0px;--awb-flex-wrap:wrap;\" ><div class=\"fusion-builder-row fusion-row\"><div class=\"fusion-layout-column fusion_builder_column fusion-builder-column-0 fusion_builder_column_1_1 1_1 fusion-one-full fusion-column-first fusion-column-last\" style=\"--awb-bg-size:cover;\"><div class=\"fusion-column-wrapper fusion-column-has-shadow fusion-flex-column-wrapper-legacy\"><div class=\"fusion-text fusion-text-1\" style=\"--awb-font-size:22px;--awb-text-transform:none;--awb-text-color:#444444;\"><h1><strong>Dissection des processus<\/strong><\/h1>\n<h2>R\u00e9aliser des processus s\u00e9curis\u00e9s de forages profonds et pr\u00e9cis. Nous sommes \u00e0 vos c\u00f4t\u00e9s pour:<\/h2>\n<p><strong>Dissection des processus :<\/strong> Indiquez-nous vos besoins de forage et nous diss\u00e9querons alors compl\u00e8tement le processus de forage, en vous pr\u00eatant assistance depuis la conception jusqu&#8217;\u00e0 la transposition r\u00e9ussie.<\/p>\n<p><strong>Optimisation des processus :<\/strong> Nos techniciens, ing\u00e9nieurs en application, en tant que professionnels comp\u00e9tents, analysent et am\u00e9liorent sur place vos processus et optimisent parfaitement l&#8217;outil pour le travail.<\/p>\n<\/div><div class=\"fusion-clearfix\"><\/div><\/div><\/div><div class=\"fusion-layout-column fusion_builder_column fusion-builder-column-1 fusion_builder_column_1_2 1_2 fusion-one-half fusion-column-first\" style=\"--awb-bg-size:cover;--awb-margin-top:30px;width:50%;width:calc(50% - ( ( 4% ) * 0.5 ) );margin-right: 4%;\"><div class=\"fusion-column-wrapper fusion-column-has-shadow fusion-flex-column-wrapper-legacy\"><div class=\"fusion-text fusion-text-2\"><div class=\"fusion-column-wrapper fusion-column-has-shadow fusion-flex-column-wrapper-legacy\">\n<div class=\"fusion-image-element in-legacy-container\" style=\"--awb-caption-title-font-family:var(--h2_typography-font-family);--awb-caption-title-font-weight:var(--h2_typography-font-weight);--awb-caption-title-font-style:var(--h2_typography-font-style);--awb-caption-title-size:var(--h2_typography-font-size);--awb-caption-title-transform:var(--h2_typography-text-transform);--awb-caption-title-line-height:var(--h2_typography-line-height);--awb-caption-title-letter-spacing:var(--h2_typography-letter-spacing);\"><span class=\" fusion-imageframe imageframe-none imageframe-1 hover-type-none\"><img fetchpriority=\"high\" decoding=\"async\" width=\"1024\" height=\"576\" src=\"https:\/\/www.botek.de\/wp-content\/uploads\/2019\/05\/Versuch_1-1.jpg\" alt=\"\" class=\"img-responsive wp-image-437\" srcset=\"https:\/\/www.botek.de\/wp-content\/uploads\/2019\/05\/Versuch_1-1-200x113.jpg 200w, https:\/\/www.botek.de\/wp-content\/uploads\/2019\/05\/Versuch_1-1-400x225.jpg 400w, https:\/\/www.botek.de\/wp-content\/uploads\/2019\/05\/Versuch_1-1-600x338.jpg 600w, https:\/\/www.botek.de\/wp-content\/uploads\/2019\/05\/Versuch_1-1-800x450.jpg 800w, https:\/\/www.botek.de\/wp-content\/uploads\/2019\/05\/Versuch_1-1.jpg 1024w\" sizes=\"(max-width: 1023px) 100vw, 800px\"><\/span><\/div>\n<div class=\"fusion-clearfix\"><\/div>\n<\/div>\n<\/div><div class=\"fusion-clearfix\"><\/div><\/div><\/div><div class=\"fusion-layout-column fusion_builder_column fusion-builder-column-2 fusion_builder_column_1_2 1_2 fusion-one-half fusion-column-last\" style=\"--awb-bg-size:cover;width:50%;width:calc(50% - ( ( 4% ) * 0.5 ) );\"><div class=\"fusion-column-wrapper fusion-column-has-shadow fusion-flex-column-wrapper-legacy\"><div class=\"fusion-text fusion-text-3\" style=\"--awb-font-size:22px;--awb-text-transform:none;--awb-text-color:#444444;\"><h3>Co\u00fbt de fabrication r\u00e9duit gr\u00e2ce \u00e0 :<\/h3>\n<ul>\n<li>Optimisation des donn\u00e9es de coupe<\/li>\n<li>Optimisation des temps d&#8217;attente de l&#8217;outil<\/li>\n<li>R\u00e9duction des temps morts<\/li>\n<li>Maximisation de la capacit\u00e9 de processus<\/li>\n<\/ul>\n<h3>Le d\u00e9partement d&#8217;essais de botek est \u00e9galement en mesure de vous assister au cours de toutes les phases du processus par :<\/h3>\n<ul>\n<li>Tests de faisabilit\u00e9<\/li>\n<li>Essais d&#8217;optimisation<\/li>\n<li>Formation et entra\u00eenement pour vos utilisateurs<\/li>\n<\/ul>\n<p><strong>Nous serions heureux de pouvoir r\u00e9pondre \u00e0 vos d\u00e9fis.<\/strong><\/p>\n<\/div><div class=\"fusion-clearfix\"><\/div><\/div><\/div><\/div><\/div>\n","protected":false},"excerpt":{"rendered":"","protected":false},"author":1,"featured_media":0,"parent":841,"menu_order":0,"comment_status":"closed","ping_status":"closed","template":"","meta":{"footnotes":""},"class_list":["post-849","page","type-page","status-publish","hentry"],"_links":{"self":[{"href":"https:\/\/www.botek.de\/fr\/wp-json\/wp\/v2\/pages\/849","targetHints":{"allow":["GET"]}}],"collection":[{"href":"https:\/\/www.botek.de\/fr\/wp-json\/wp\/v2\/pages"}],"about":[{"href":"https:\/\/www.botek.de\/fr\/wp-json\/wp\/v2\/types\/page"}],"author":[{"embeddable":true,"href":"https:\/\/www.botek.de\/fr\/wp-json\/wp\/v2\/users\/1"}],"replies":[{"embeddable":true,"href":"https:\/\/www.botek.de\/fr\/wp-json\/wp\/v2\/comments?post=849"}],"version-history":[{"count":2,"href":"https:\/\/www.botek.de\/fr\/wp-json\/wp\/v2\/pages\/849\/revisions"}],"predecessor-version":[{"id":31108,"href":"https:\/\/www.botek.de\/fr\/wp-json\/wp\/v2\/pages\/849\/revisions\/31108"}],"up":[{"embeddable":true,"href":"https:\/\/www.botek.de\/fr\/wp-json\/wp\/v2\/pages\/841"}],"wp:attachment":[{"href":"https:\/\/www.botek.de\/fr\/wp-json\/wp\/v2\/media?parent=849"}],"curies":[{"name":"wp","href":"https:\/\/api.w.org\/{rel}","templated":true}]}}