{"id":841,"date":"2019-04-23T13:19:20","date_gmt":"2019-04-23T11:19:20","guid":{"rendered":"https:\/\/www.botek.de\/?page_id=841"},"modified":"2023-02-17T10:58:28","modified_gmt":"2023-02-17T09:58:28","slug":"service","status":"publish","type":"page","link":"https:\/\/www.botek.de\/fr\/service\/","title":{"rendered":"Service"},"content":{"rendered":"<p><div class=\"fusion-fullwidth fullwidth-box fusion-builder-row-1 fusion-flex-container nonhundred-percent-fullwidth non-hundred-percent-height-scrolling\" style=\"--awb-border-radius-top-left:0px;--awb-border-radius-top-right:0px;--awb-border-radius-bottom-right:0px;--awb-border-radius-bottom-left:0px;--awb-flex-wrap:wrap;\" ><div class=\"fusion-builder-row fusion-row fusion-flex-align-items-flex-start fusion-flex-content-wrap\" style=\"max-width:1320.8px;margin-left: calc(-4% \/ 2 );margin-right: calc(-4% \/ 2 );\"><div class=\"fusion-layout-column fusion_builder_column fusion-builder-column-0 fusion_builder_column_1_1 1_1 fusion-flex-column\" style=\"--awb-bg-size:cover;--awb-width-large:100%;--awb-margin-top-large:0px;--awb-spacing-right-large:1.92%;--awb-margin-bottom-large:20px;--awb-spacing-left-large:1.92%;--awb-width-medium:100%;--awb-order-medium:0;--awb-spacing-right-medium:1.92%;--awb-spacing-left-medium:1.92%;--awb-width-small:100%;--awb-order-small:0;--awb-spacing-right-small:1.92%;--awb-spacing-left-small:1.92%;\"><div class=\"fusion-column-wrapper fusion-column-has-shadow fusion-flex-justify-content-flex-start fusion-content-layout-column\"><div class=\"fusion-title title fusion-title-1 fusion-sep-none fusion-title-text fusion-title-size-one\" style=\"--awb-margin-top-small:0px;--awb-margin-right-small:0px;--awb-margin-bottom-small:20px;--awb-margin-left-small:0px;\"><h1 class=\"fusion-title-heading title-heading-left fusion-responsive-typography-calculated\" style=\"margin:0;--fontSize:36;line-height:1.4;\"><h1><strong>Service<\/strong><\/h1><\/h1><\/div><\/div><\/div><\/div><\/div><div class=\"fusion-fullwidth fullwidth-box fusion-builder-row-2 nonhundred-percent-fullwidth non-hundred-percent-height-scrolling\" style=\"--awb-border-radius-top-left:0px;--awb-border-radius-top-right:0px;--awb-border-radius-bottom-right:0px;--awb-border-radius-bottom-left:0px;--awb-flex-wrap:wrap;\" ><div class=\"fusion-builder-row fusion-row\"><div class=\"fusion-layout-column fusion_builder_column fusion-builder-column-1 fusion_builder_column_1_3 1_3 fusion-one-third fusion-column-first\" style=\"--awb-bg-size:cover;width:33.333333333333%;width:calc(33.333333333333% - ( ( 4% + 4% ) * 0.33333333333333 ) );margin-right: 4%;\"><div class=\"fusion-column-wrapper fusion-column-has-shadow fusion-flex-column-wrapper-legacy\"><div class=\"fusion-image-element in-legacy-container\" style=\"--awb-caption-title-font-family:var(--h2_typography-font-family);--awb-caption-title-font-weight:var(--h2_typography-font-weight);--awb-caption-title-font-style:var(--h2_typography-font-style);--awb-caption-title-size:var(--h2_typography-font-size);--awb-caption-title-transform:var(--h2_typography-text-transform);--awb-caption-title-line-height:var(--h2_typography-line-height);--awb-caption-title-letter-spacing:var(--h2_typography-letter-spacing);\"><span class=\" fusion-imageframe imageframe-none imageframe-1 hover-type-none hundred-percent-width\"><a class=\"fusion-no-lightbox\" href=\"https:\/\/www.botek.de\/fr\/service\/dissection-des-processus\/\" target=\"_self\" aria-label=\"botek_Eilauftrag_ZLB_122_123-01_DE\"><img loading=\"lazy\" decoding=\"async\" width=\"300\" height=\"184\" src=\"https:\/\/www.botek.de\/wp-content\/uploads\/2019\/09\/Prozessauslegung-2-300x184.png\" alt class=\"img-responsive wp-image-21707\" srcset=\"https:\/\/www.botek.de\/wp-content\/uploads\/2019\/09\/Prozessauslegung-2-200x123.png 200w, https:\/\/www.botek.de\/wp-content\/uploads\/2019\/09\/Prozessauslegung-2.png 326w\" sizes=\"auto, (max-width: 1023px) 100vw, 300px\" \/><\/a><\/span><\/div><div class=\"fusion-text fusion-text-1\" style=\"--awb-font-size:22px;--awb-text-color:#444444;--awb-margin-top:30px;\"><h2><strong>Dissection des processus<\/strong><\/h2>\n<p>Indiquez-nous vos besoins de forage et nous diss\u00e9querons alors compl\u00e8tement le processus de forage, en vous pr\u00eatant assistance depuis la conception jusqu\u2019\u00e0 la transposition r\u00e9ussie.<\/p>\n<\/div><div class=\"fusion-clearfix\"><\/div><\/div><\/div><div class=\"fusion-layout-column fusion_builder_column fusion-builder-column-2 fusion_builder_column_1_3 1_3 fusion-one-third\" style=\"--awb-bg-size:cover;width:33.333333333333%;width:calc(33.333333333333% - ( ( 4% + 4% ) * 0.33333333333333 ) );margin-right: 4%;\"><div class=\"fusion-column-wrapper fusion-column-has-shadow fusion-flex-column-wrapper-legacy\"><div class=\"fusion-image-element in-legacy-container\" style=\"--awb-caption-title-font-family:var(--h2_typography-font-family);--awb-caption-title-font-weight:var(--h2_typography-font-weight);--awb-caption-title-font-style:var(--h2_typography-font-style);--awb-caption-title-size:var(--h2_typography-font-size);--awb-caption-title-transform:var(--h2_typography-text-transform);--awb-caption-title-line-height:var(--h2_typography-line-height);--awb-caption-title-letter-spacing:var(--h2_typography-letter-spacing);\"><span class=\" fusion-imageframe imageframe-none imageframe-2 hover-type-none hundred-percent-width\"><a class=\"fusion-no-lightbox\" href=\"https:\/\/www.botek.de\/fr\/service\/dissection-des-processus\/\" target=\"_self\" aria-label=\"botek_Eilauftrag_ZLB_122_123-01_EN\"><img loading=\"lazy\" decoding=\"async\" width=\"300\" height=\"184\" src=\"https:\/\/www.botek.de\/wp-content\/uploads\/2019\/09\/Prozessoptimierung-1-2-300x184.png\" alt class=\"img-responsive wp-image-21709\" srcset=\"https:\/\/www.botek.de\/wp-content\/uploads\/2019\/09\/Prozessoptimierung-1-2-200x123.png 200w, https:\/\/www.botek.de\/wp-content\/uploads\/2019\/09\/Prozessoptimierung-1-2.png 326w\" sizes=\"auto, (max-width: 1023px) 100vw, 300px\" \/><\/a><\/span><\/div><div class=\"fusion-text fusion-text-2\" style=\"--awb-font-size:22px;--awb-text-color:#444444;--awb-margin-top:30px;\"><h2><strong>Optimisation des processus<\/strong><\/h2>\n<p>Nos techniciens, ing\u00e9nieurs en application, en tant que professionnels comp\u00e9tents, analysent et am\u00e9liorent sur place vos processus et optimisent parfaitement l\u2019outil pour le travail.<\/p>\n<\/div><div class=\"fusion-clearfix\"><\/div><\/div><\/div><div class=\"fusion-layout-column fusion_builder_column fusion-builder-column-3 fusion_builder_column_1_3 1_3 fusion-one-third fusion-column-last\" style=\"--awb-bg-size:cover;width:33.333333333333%;width:calc(33.333333333333% - ( ( 4% + 4% ) * 0.33333333333333 ) );\"><div class=\"fusion-column-wrapper fusion-column-has-shadow fusion-flex-column-wrapper-legacy\"><div class=\"fusion-image-element in-legacy-container\" style=\"--awb-caption-title-font-family:var(--h2_typography-font-family);--awb-caption-title-font-weight:var(--h2_typography-font-weight);--awb-caption-title-font-style:var(--h2_typography-font-style);--awb-caption-title-size:var(--h2_typography-font-size);--awb-caption-title-transform:var(--h2_typography-text-transform);--awb-caption-title-line-height:var(--h2_typography-line-height);--awb-caption-title-letter-spacing:var(--h2_typography-letter-spacing);\"><span class=\" fusion-imageframe imageframe-none imageframe-3 hover-type-none hundred-percent-width\"><a class=\"fusion-no-lightbox\" href=\"https:\/\/www.botek.de\/fr\/service\/essais-clients\/\" target=\"_self\" aria-label=\"botek_Eilauftrag_SOWE_B200_B300_B301_DE\"><img loading=\"lazy\" decoding=\"async\" width=\"300\" height=\"184\" src=\"https:\/\/www.botek.de\/wp-content\/uploads\/2019\/09\/Versuch_1-2-300x184.png\" alt class=\"img-responsive wp-image-21711\" srcset=\"https:\/\/www.botek.de\/wp-content\/uploads\/2019\/09\/Versuch_1-2-200x123.png 200w, https:\/\/www.botek.de\/wp-content\/uploads\/2019\/09\/Versuch_1-2.png 326w\" sizes=\"auto, (max-width: 1023px) 100vw, 300px\" \/><\/a><\/span><\/div><div class=\"fusion-text fusion-text-3\" style=\"--awb-font-size:22px;--awb-text-color:#444444;--awb-margin-top:30px;\"><h2><strong>D\u00e9partement d\u2019essais<\/strong><\/h2>\n<p>Solutions des probl\u00e8mes d\u2019usinage, tests de faisabilit\u00e9, essais d\u2019optimisation, formation et entra\u00eenement pour vos utilisateurs<\/p>\n<\/div><div class=\"fusion-clearfix\"><\/div><\/div><\/div><\/div><\/div><div class=\"fusion-fullwidth fullwidth-box fusion-builder-row-3 nonhundred-percent-fullwidth non-hundred-percent-height-scrolling\" style=\"--awb-border-radius-top-left:0px;--awb-border-radius-top-right:0px;--awb-border-radius-bottom-right:0px;--awb-border-radius-bottom-left:0px;--awb-flex-wrap:wrap;\" ><div class=\"fusion-builder-row fusion-row\"><div class=\"fusion-layout-column fusion_builder_column fusion-builder-column-4 fusion_builder_column_1_1 1_1 fusion-one-full fusion-column-first fusion-column-last\" style=\"--awb-bg-size:cover;\"><div class=\"fusion-column-wrapper fusion-column-has-shadow fusion-flex-column-wrapper-legacy\"><div class=\"fusion-sep-clear\"><\/div><div class=\"fusion-separator fusion-full-width-sep\" style=\"margin-left: auto;margin-right: auto;margin-top:30px;width:100%;\"><\/div><div class=\"fusion-sep-clear\"><\/div><div class=\"fusion-clearfix\"><\/div><\/div><\/div><div class=\"fusion-layout-column fusion_builder_column fusion-builder-column-5 fusion_builder_column_1_3 1_3 fusion-one-third fusion-column-first\" style=\"--awb-bg-size:cover;width:33.333333333333%;width:calc(33.333333333333% - ( ( 4% + 4% ) * 0.33333333333333 ) );margin-right: 4%;\"><div class=\"fusion-column-wrapper fusion-column-has-shadow fusion-flex-column-wrapper-legacy\"><div class=\"fusion-image-element in-legacy-container\" style=\"--awb-caption-title-font-family:var(--h2_typography-font-family);--awb-caption-title-font-weight:var(--h2_typography-font-weight);--awb-caption-title-font-style:var(--h2_typography-font-style);--awb-caption-title-size:var(--h2_typography-font-size);--awb-caption-title-transform:var(--h2_typography-text-transform);--awb-caption-title-line-height:var(--h2_typography-line-height);--awb-caption-title-letter-spacing:var(--h2_typography-letter-spacing);\"><span class=\" fusion-imageframe imageframe-none imageframe-4 hover-type-none hundred-percent-width\"><a class=\"fusion-no-lightbox\" href=\"https:\/\/www.botek.de\/fr\/service\/service-apres-vente\/\" target=\"_self\" aria-label=\"botek_Eilauftrag_SOWE_F24-44_F20-40_DE\"><img loading=\"lazy\" decoding=\"async\" width=\"300\" height=\"184\" src=\"https:\/\/www.botek.de\/wp-content\/uploads\/2019\/09\/After-Sales-Service-2-300x184.png\" alt class=\"img-responsive wp-image-21713\" srcset=\"https:\/\/www.botek.de\/wp-content\/uploads\/2019\/09\/After-Sales-Service-2-200x123.png 200w, https:\/\/www.botek.de\/wp-content\/uploads\/2019\/09\/After-Sales-Service-2.png 326w\" sizes=\"auto, (max-width: 1023px) 100vw, 300px\" \/><\/a><\/span><\/div><div class=\"fusion-text fusion-text-4\" style=\"--awb-font-size:22px;--awb-text-color:#444444;--awb-margin-top:30px;\"><h2><strong>Service apr\u00e8s-vente<\/strong><\/h2>\n<p>L\u2019assistance \u00e0 nos clients ne s\u2019arr\u00eate pas \u00e0 la livraison de l\u2019outil. ELLE NE FAIT QUE COMMENCER !<\/p>\n<\/div><div class=\"fusion-clearfix\"><\/div><\/div><\/div><div class=\"fusion-layout-column fusion_builder_column fusion-builder-column-6 fusion_builder_column_1_3 1_3 fusion-one-third\" style=\"--awb-bg-size:cover;width:33.333333333333%;width:calc(33.333333333333% - ( ( 4% + 4% ) * 0.33333333333333 ) );margin-right: 4%;\"><div class=\"fusion-column-wrapper fusion-column-has-shadow fusion-flex-column-wrapper-legacy\"><div class=\"fusion-image-element in-legacy-container\" style=\"--awb-caption-title-font-family:var(--h2_typography-font-family);--awb-caption-title-font-weight:var(--h2_typography-font-weight);--awb-caption-title-font-style:var(--h2_typography-font-style);--awb-caption-title-size:var(--h2_typography-font-size);--awb-caption-title-transform:var(--h2_typography-text-transform);--awb-caption-title-line-height:var(--h2_typography-line-height);--awb-caption-title-letter-spacing:var(--h2_typography-letter-spacing);\"><span class=\" fusion-imageframe imageframe-none imageframe-5 hover-type-none hundred-percent-width\"><a class=\"fusion-no-lightbox\" href=\"https:\/\/www.botek.de\/fr\/service\/service-daffutage\/\" target=\"_self\" aria-label=\"botek_Eilauftrag_SOWE_P300_DE\"><img loading=\"lazy\" decoding=\"async\" width=\"300\" height=\"184\" src=\"https:\/\/www.botek.de\/wp-content\/uploads\/2019\/09\/Nachschleifen-2-300x184.png\" alt class=\"img-responsive wp-image-21715\" srcset=\"https:\/\/www.botek.de\/wp-content\/uploads\/2019\/09\/Nachschleifen-2-200x123.png 200w, https:\/\/www.botek.de\/wp-content\/uploads\/2019\/09\/Nachschleifen-2.png 326w\" sizes=\"auto, (max-width: 1023px) 100vw, 300px\" \/><\/a><\/span><\/div><div class=\"fusion-text fusion-text-5\" style=\"--awb-font-size:22px;--awb-text-color:#444444;--awb-margin-top:30px;\"><h2><strong>Service d\u2019aff\u00fbtage<\/strong><\/h2>\n<p>botek vous propose en interne un service d\u2019 aff\u00fbtage individualis\u00e9, rapide et \u00e9conomique.<\/p>\n<\/div><div class=\"fusion-clearfix\"><\/div><\/div><\/div><div class=\"fusion-layout-column fusion_builder_column fusion-builder-column-7 fusion_builder_column_1_3 1_3 fusion-one-third fusion-column-last\" style=\"--awb-bg-size:cover;width:33.333333333333%;width:calc(33.333333333333% - ( ( 4% + 4% ) * 0.33333333333333 ) );\"><div class=\"fusion-column-wrapper fusion-column-has-shadow fusion-flex-column-wrapper-legacy\"><div class=\"fusion-image-element in-legacy-container\" style=\"--awb-caption-title-font-family:var(--h2_typography-font-family);--awb-caption-title-font-weight:var(--h2_typography-font-weight);--awb-caption-title-font-style:var(--h2_typography-font-style);--awb-caption-title-size:var(--h2_typography-font-size);--awb-caption-title-transform:var(--h2_typography-text-transform);--awb-caption-title-line-height:var(--h2_typography-line-height);--awb-caption-title-letter-spacing:var(--h2_typography-letter-spacing);\"><span class=\" fusion-imageframe imageframe-none imageframe-6 hover-type-none hundred-percent-width\"><a class=\"fusion-no-lightbox\" href=\"https:\/\/www.botek.de\/fr\/service\/service-de-revetement\/\" target=\"_self\" aria-label=\"botek_Eilauftrag_SOWE_B200_B300_B301_EN\"><img loading=\"lazy\" decoding=\"async\" width=\"300\" height=\"184\" src=\"https:\/\/www.botek.de\/wp-content\/uploads\/2019\/09\/Beschichtung-1-2-300x184.png\" alt class=\"img-responsive wp-image-21717\" srcset=\"https:\/\/www.botek.de\/wp-content\/uploads\/2019\/09\/Beschichtung-1-2-200x123.png 200w, https:\/\/www.botek.de\/wp-content\/uploads\/2019\/09\/Beschichtung-1-2.png 326w\" sizes=\"auto, (max-width: 1023px) 100vw, 300px\" \/><\/a><\/span><\/div><div class=\"fusion-text fusion-text-6\" style=\"--awb-font-size:22px;--awb-text-color:#444444;--awb-margin-top:30px;\"><h2><strong>Service de rev\u00eatement<\/strong><\/h2>\n<p>botek vous propose en interne un service de rev\u00eatemen<\/p>\n<\/div><div class=\"fusion-clearfix\"><\/div><\/div><\/div><\/div><\/div><\/p>\n","protected":false},"excerpt":{"rendered":"","protected":false},"author":1,"featured_media":0,"parent":20,"menu_order":0,"comment_status":"closed","ping_status":"closed","template":"","meta":{"footnotes":""},"class_list":["post-841","page","type-page","status-publish","hentry"],"_links":{"self":[{"href":"https:\/\/www.botek.de\/fr\/wp-json\/wp\/v2\/pages\/841","targetHints":{"allow":["GET"]}}],"collection":[{"href":"https:\/\/www.botek.de\/fr\/wp-json\/wp\/v2\/pages"}],"about":[{"href":"https:\/\/www.botek.de\/fr\/wp-json\/wp\/v2\/types\/page"}],"author":[{"embeddable":true,"href":"https:\/\/www.botek.de\/fr\/wp-json\/wp\/v2\/users\/1"}],"replies":[{"embeddable":true,"href":"https:\/\/www.botek.de\/fr\/wp-json\/wp\/v2\/comments?post=841"}],"version-history":[{"count":0,"href":"https:\/\/www.botek.de\/fr\/wp-json\/wp\/v2\/pages\/841\/revisions"}],"up":[{"embeddable":true,"href":"https:\/\/www.botek.de\/fr\/wp-json\/wp\/v2\/pages\/20"}],"wp:attachment":[{"href":"https:\/\/www.botek.de\/fr\/wp-json\/wp\/v2\/media?parent=841"}],"curies":[{"name":"wp","href":"https:\/\/api.w.org\/{rel}","templated":true}]}}