{"id":831,"date":"2019-05-06T08:42:38","date_gmt":"2019-05-06T06:42:38","guid":{"rendered":"https:\/\/www.botek.de\/?page_id=831"},"modified":"2023-02-16T14:28:53","modified_gmt":"2023-02-16T13:28:53","slug":"forage-profond","status":"publish","type":"page","link":"https:\/\/www.botek.de\/fr\/forage-profond\/","title":{"rendered":"Forage profond"},"content":{"rendered":"<div class=\"fusion-fullwidth fullwidth-box fusion-builder-row-1 nonhundred-percent-fullwidth non-hundred-percent-height-scrolling\" style=\"--awb-border-radius-top-left:0px;--awb-border-radius-top-right:0px;--awb-border-radius-bottom-right:0px;--awb-border-radius-bottom-left:0px;--awb-flex-wrap:wrap;\" ><div class=\"fusion-builder-row fusion-row\"><div class=\"fusion-layout-column fusion_builder_column fusion-builder-column-0 fusion_builder_column_4_5 4_5 fusion-four-fifth fusion-column-first\" style=\"--awb-bg-size:cover;width:80%;width:calc(80% - ( ( 4% ) * 0.8 ) );margin-right: 4%;\"><div class=\"fusion-column-wrapper fusion-column-has-shadow fusion-flex-column-wrapper-legacy\"><div class=\"fusion-text fusion-text-1\" style=\"--awb-font-size:22px;--awb-text-color:#444444;\"><div class=\"vc_row wpb_row vc_row-fluid\">\n<div class=\"wpb_column vc_column_container vc_col-sm-12\">\n<div class=\"vc_column-inner \">\n<div class=\"wpb_wrapper\">\n<h1 class=\"vc_custom_heading\"><strong>Haute pr\u00e9cision vers des profondeurs insoup\u00e7onn\u00e9es<\/strong><\/h1>\n<p>Notre portefeuille de produits<\/p>\n<\/div>\n<\/div>\n<\/div>\n<\/div>\n<div class=\"vc_row wpb_row vc_row-fluid\">\n<div class=\"wpb_column vc_column_container vc_col-sm-12\">\n<div class=\"vc_column-inner \">\n<div class=\"wpb_wrapper\">\n<div class=\"wpb_text_column wpb_content_element \">\n<div class=\"wpb_wrapper\">\n<h2><strong>Processus de forage avec foret \u00e0 une l\u00e8vre<\/strong><\/h2>\n<p>La caract\u00e9ristique du forage de trous profonds avec foret \u00e0 une l\u00e8vre de coupe (utilisable pour un diam\u00e8tre compris entre 0,50 et 113,99 mm) est que le Lubrifiant est amen\u00e9 par le canal de refroidissement de l&#8217;outil et, ensemble avec les copeaux, est \u00e9vacu\u00e9 de la perforation par la goujure en forme de V du tube.<\/p>\n<\/div>\n<div>Cela n&#8217;est possible que si le lubrifiant, c&#8217;est-\u00e0-dire que si l&#8217;huile ou l\u2019\u00e9mulsion pour forage de trous profonds, est disponible en quantit\u00e9 et avec une pression suffisante.<\/div>\n<\/div>\n<\/div>\n<\/div>\n<\/div>\n<\/div>\n<\/div><div class=\"fusion-video fusion-youtube\" style=\"--awb-max-width:1024px;--awb-max-height:576px;\"><div class=\"video-shortcode\"><div class=\"fluid-width-video-wrapper\" style=\"padding-top:56.25%;\" > <div class=\"brlbs-cmpnt-container brlbs-cmpnt-content-blocker brlbs-cmpnt-with-individual-styles\" data-borlabs-cookie-content-blocker-id=\"youtube-content-blocker\" data-borlabs-cookie-content=\"PGlmcmFtZSB0aXRsZT0iWW91VHViZSB2aWRlbyBwbGF5ZXIgMSIgc3JjPSJodHRwczovL3d3dy55b3V0dWJlLW5vY29va2llLmNvbS9lbWJlZC8waVpTRUt4XzFjOD93bW9kZT10cmFuc3BhcmVudCZhdXRvcGxheT0wJmFtcDtyZWw9MCIgd2lkdGg9IjEwMjQiIGhlaWdodD0iNTc2IiBhbGxvd2Z1bGxzY3JlZW4gYWxsb3c9ImF1dG9wbGF5OyBjbGlwYm9hcmQtd3JpdGU7IGVuY3J5cHRlZC1tZWRpYTsgZ3lyb3Njb3BlOyBwaWN0dXJlLWluLXBpY3R1cmU7Ij48L2lmcmFtZT48c2NyaXB0IGRhdGEtYm9ybGFicy1jb29raWUtc2NyaXB0LWJsb2NrZXItaWdub3JlPgooZnVuY3Rpb24oKSB7CiAgICBjb25zdCBmdXNpb25WaWRlbyA9IGRvY3VtZW50LmN1cnJlbnRTY3JpcHQuY2xvc2VzdCgnLmZ1c2lvbi12aWRlbycpOwogICAgaWYgKCFmdXNpb25WaWRlbyB8fCB0eXBlb2YgalF1ZXJ5ID09PSAndW5kZWZpbmVkJykgewogICAgICAgIHJldHVybjsKICAgIH0KICAgICFqUXVlcnkoZnVzaW9uVmlkZW8pLnBhcmVudHMoIi5mdXNpb24tbW9kYWwiKS5sZW5ndGggJiYgMSA9PSBqUXVlcnkoZnVzaW9uVmlkZW8pLmRhdGEoImF1dG9wbGF5IikgJiYgalF1ZXJ5KGZ1c2lvblZpZGVvKS5pcygiOnZpc2libGUiKSAmJiBqUXVlcnkoZnVzaW9uVmlkZW8pLmZpbmQoImlmcmFtZSIpLmVhY2goKGZ1bmN0aW9uICgpIHsKICAgICAgalF1ZXJ5KHRoaXMpLmhhc0NsYXNzKCJsYXp5bG9hZCIpID8galF1ZXJ5KHRoaXMpLm9uKCJsYXp5bG9hZGVkIiwgKGZ1bmN0aW9uICgpIHsKICAgICAgICB0aGlzLmNvbnRlbnRXaW5kb3cubG9jYXRpb24ucmVwbGFjZShqUXVlcnkodGhpcykuYXR0cigiZGF0YS1vcmlnLXNyYyIpLnJlcGxhY2UoImF1dG9wbGF5PTAiLCAiYXV0b3BsYXk9MSIpKQogICAgICB9KSkgOiBqUXVlcnkodGhpcykuYXR0cigic3JjIiwgalF1ZXJ5KHRoaXMpLmF0dHIoInNyYyIpLnJlcGxhY2UoImF1dG9wbGF5PTAiLCAiYXV0b3BsYXk9MSIpKQogICAgfSkpCn0pKCk7Cjwvc2NyaXB0Pg==\"><div class=\"brlbs-cmpnt-cb-preset-c brlbs-cmpnt-cb-youtube\"> <div class=\"brlbs-cmpnt-cb-thumbnail\" style=\"background-image: url('https:\/\/www.botek.de\/wp-content\/uploads\/borlabs-cookie\/1\/yt_0iZSEKx_1c8_hqdefault.jpg')\"><\/div> <div class=\"brlbs-cmpnt-cb-main\"> <div class=\"brlbs-cmpnt-cb-play-button\"><\/div> <div class=\"brlbs-cmpnt-cb-content\"> <p class=\"brlbs-cmpnt-cb-description\">Vous \u00eates actuellement en train de consulter le contenu d'un espace r\u00e9serv\u00e9 de <strong>YouTube<\/strong>. Pour acc\u00e9der au contenu r\u00e9el, cliquez sur le bouton ci-dessous. Veuillez noter que ce faisant, des donn\u00e9es seront partag\u00e9es avec des providers tiers.<\/p> <a class=\"brlbs-cmpnt-cb-provider-toggle\" href=\"#\" data-borlabs-cookie-show-provider-information role=\"button\">Plus d'informations<\/a> <\/div> <div class=\"brlbs-cmpnt-cb-buttons\"> <a class=\"brlbs-cmpnt-cb-btn\" href=\"#\" data-borlabs-cookie-unblock role=\"button\">D\u00e9bloquer le contenu<\/a> <a class=\"brlbs-cmpnt-cb-btn\" href=\"#\" data-borlabs-cookie-accept-service role=\"button\" style=\"display: inherit\">Accepter le service requis et d\u00e9bloquer les contenus<\/a> <\/div> <\/div> <\/div><\/div><\/div><\/div><\/div><div class=\"fusion-sep-clear\"><\/div><div class=\"fusion-separator fusion-full-width-sep\" style=\"margin-left: auto;margin-right: auto;margin-top:40px;width:100%;\"><\/div><div class=\"fusion-sep-clear\"><\/div><div class=\"fusion-text fusion-text-2\" style=\"--awb-font-size:22px;--awb-text-color:#444444;\"><h2><strong>Processus de forage avec foret type BTA<\/strong><\/h2>\n<p>Le syst\u00e8me de forage BTA est un processus de forage de trous profonds destin\u00e9 \u00e0 des machines sp\u00e9cial de forage \u00e0 grande profondeur \u00e0 alimentation externe du liquide d&#8217;arrosage et \u00e0 \u00e9vacuation externe des copeaux (processus \u00e0 tube unique). Un appareil d&#8217;alimentation en huile de forage est n\u00e9cessaire pour l&#8217;alimentation en liquide d&#8217;arrosage ainsi qu\u2019un joint d&#8217;\u00e9tanch\u00e9it\u00e9 sur l&#8217;objet du travail.<\/p>\n<p>Ce processus permet des forages \u00e0 une profondeur sup\u00e9rieure \u00e0 100 x D. Les outils pour le syst\u00e8me BTA sont disponibles pour un diam\u00e8tre compris entre 7,76 et 1000 mm. \u00c0 partir d&#8217;un diam\u00e8tre de 18 mm, des outils munis de plaquettes r\u00e9versibles et des guides changeables sont g\u00e9n\u00e9ralement utilis\u00e9es.<\/p>\n<\/div><div class=\"fusion-video fusion-youtube\" style=\"--awb-max-width:1024px;--awb-max-height:576px;\"><div class=\"video-shortcode\"><div class=\"fluid-width-video-wrapper\" style=\"padding-top:56.25%;\" > <div class=\"brlbs-cmpnt-container brlbs-cmpnt-content-blocker brlbs-cmpnt-with-individual-styles\" data-borlabs-cookie-content-blocker-id=\"youtube-content-blocker\" data-borlabs-cookie-content=\"PGlmcmFtZSB0aXRsZT0iWW91VHViZSB2aWRlbyBwbGF5ZXIgMiIgc3JjPSJodHRwczovL3d3dy55b3V0dWJlLW5vY29va2llLmNvbS9lbWJlZC9leXhmUngzOV9Tcz93bW9kZT10cmFuc3BhcmVudCZhdXRvcGxheT0wJmFtcDtyZWw9MCIgd2lkdGg9IjEwMjQiIGhlaWdodD0iNTc2IiBhbGxvd2Z1bGxzY3JlZW4gYWxsb3c9ImF1dG9wbGF5OyBjbGlwYm9hcmQtd3JpdGU7IGVuY3J5cHRlZC1tZWRpYTsgZ3lyb3Njb3BlOyBwaWN0dXJlLWluLXBpY3R1cmU7Ij48L2lmcmFtZT48c2NyaXB0IGRhdGEtYm9ybGFicy1jb29raWUtc2NyaXB0LWJsb2NrZXItaWdub3JlPgooZnVuY3Rpb24oKSB7CiAgICBjb25zdCBmdXNpb25WaWRlbyA9IGRvY3VtZW50LmN1cnJlbnRTY3JpcHQuY2xvc2VzdCgnLmZ1c2lvbi12aWRlbycpOwogICAgaWYgKCFmdXNpb25WaWRlbyB8fCB0eXBlb2YgalF1ZXJ5ID09PSAndW5kZWZpbmVkJykgewogICAgICAgIHJldHVybjsKICAgIH0KICAgICFqUXVlcnkoZnVzaW9uVmlkZW8pLnBhcmVudHMoIi5mdXNpb24tbW9kYWwiKS5sZW5ndGggJiYgMSA9PSBqUXVlcnkoZnVzaW9uVmlkZW8pLmRhdGEoImF1dG9wbGF5IikgJiYgalF1ZXJ5KGZ1c2lvblZpZGVvKS5pcygiOnZpc2libGUiKSAmJiBqUXVlcnkoZnVzaW9uVmlkZW8pLmZpbmQoImlmcmFtZSIpLmVhY2goKGZ1bmN0aW9uICgpIHsKICAgICAgalF1ZXJ5KHRoaXMpLmhhc0NsYXNzKCJsYXp5bG9hZCIpID8galF1ZXJ5KHRoaXMpLm9uKCJsYXp5bG9hZGVkIiwgKGZ1bmN0aW9uICgpIHsKICAgICAgICB0aGlzLmNvbnRlbnRXaW5kb3cubG9jYXRpb24ucmVwbGFjZShqUXVlcnkodGhpcykuYXR0cigiZGF0YS1vcmlnLXNyYyIpLnJlcGxhY2UoImF1dG9wbGF5PTAiLCAiYXV0b3BsYXk9MSIpKQogICAgICB9KSkgOiBqUXVlcnkodGhpcykuYXR0cigic3JjIiwgalF1ZXJ5KHRoaXMpLmF0dHIoInNyYyIpLnJlcGxhY2UoImF1dG9wbGF5PTAiLCAiYXV0b3BsYXk9MSIpKQogICAgfSkpCn0pKCk7Cjwvc2NyaXB0Pg==\"><div class=\"brlbs-cmpnt-cb-preset-c brlbs-cmpnt-cb-youtube\"> <div class=\"brlbs-cmpnt-cb-thumbnail\" style=\"background-image: url('https:\/\/www.botek.de\/wp-content\/uploads\/borlabs-cookie\/1\/yt_eyxfRx39_Ss_hqdefault.jpg')\"><\/div> <div class=\"brlbs-cmpnt-cb-main\"> <div class=\"brlbs-cmpnt-cb-play-button\"><\/div> <div class=\"brlbs-cmpnt-cb-content\"> <p class=\"brlbs-cmpnt-cb-description\">Vous \u00eates actuellement en train de consulter le contenu d'un espace r\u00e9serv\u00e9 de <strong>YouTube<\/strong>. Pour acc\u00e9der au contenu r\u00e9el, cliquez sur le bouton ci-dessous. Veuillez noter que ce faisant, des donn\u00e9es seront partag\u00e9es avec des providers tiers.<\/p> <a class=\"brlbs-cmpnt-cb-provider-toggle\" href=\"#\" data-borlabs-cookie-show-provider-information role=\"button\">Plus d'informations<\/a> <\/div> <div class=\"brlbs-cmpnt-cb-buttons\"> <a class=\"brlbs-cmpnt-cb-btn\" href=\"#\" data-borlabs-cookie-unblock role=\"button\">D\u00e9bloquer le contenu<\/a> <a class=\"brlbs-cmpnt-cb-btn\" href=\"#\" data-borlabs-cookie-accept-service role=\"button\" style=\"display: inherit\">Accepter le service requis et d\u00e9bloquer les contenus<\/a> <\/div> <\/div> <\/div><\/div><\/div><\/div><\/div><div class=\"fusion-sep-clear\"><\/div><div class=\"fusion-separator fusion-full-width-sep\" style=\"margin-left: auto;margin-right: auto;margin-top:40px;width:100%;\"><\/div><div class=\"fusion-sep-clear\"><\/div><div class=\"fusion-text fusion-text-3\" style=\"--awb-font-size:22px;--awb-text-color:#444444;\"><h2><strong>Processus de forage avec foret type \u00e9jecteur<\/strong><\/h2>\n<p>L&#8217;\u00e9jecteur pour processus de forage est une variante du syst\u00e8me BTA pour processus de forage destin\u00e9 aux machines-outils conventionnelles et C.U. Une pi\u00e8ce de raccordement pour \u00e9jecteur est n\u00e9cessaire pour l&#8217;alimentation du liquide d&#8217;arrosage. Le liquide d&#8217;arrosage est inject\u00e9 dans un collecteur annulaire situ\u00e9 entre le tube de sondage et le tube int\u00e9rieur Les copeaux sont \u00e9vacu\u00e9s par le tube int\u00e9rieur (syst\u00e8me de double tube). Un joint d&#8217;\u00e9tanch\u00e9it\u00e9 sur l&#8217;objet de travail n&#8217;est pas n\u00e9cessaire.<\/p>\n<p>Ce processus permet des profondeurs de forage jusqu&#8217;\u00e0 100 x D. Les outils destin\u00e9s au syst\u00e8me d&#8217;\u00e9jecteur sont disponibles pour un diam\u00e8tre de 18,40 \u00e0 environ 200 mm. L&#8217;on utilise de pr\u00e9f\u00e9rence des outils \u00e0 plaquettes r\u00e9versibles et des guides changeables.<\/p>\n<\/div><div class=\"fusion-video fusion-youtube\" style=\"--awb-max-width:1024px;--awb-max-height:576px;\"><div class=\"video-shortcode\"><div class=\"fluid-width-video-wrapper\" style=\"padding-top:56.25%;\" > <div class=\"brlbs-cmpnt-container brlbs-cmpnt-content-blocker brlbs-cmpnt-with-individual-styles\" data-borlabs-cookie-content-blocker-id=\"youtube-content-blocker\" data-borlabs-cookie-content=\"PGlmcmFtZSB0aXRsZT0iWW91VHViZSB2aWRlbyBwbGF5ZXIgMyIgc3JjPSJodHRwczovL3d3dy55b3V0dWJlLW5vY29va2llLmNvbS9lbWJlZC94S2xYYWFxSGZDST93bW9kZT10cmFuc3BhcmVudCZhdXRvcGxheT0wJmFtcDtyZWw9MCIgd2lkdGg9IjEwMjQiIGhlaWdodD0iNTc2IiBhbGxvd2Z1bGxzY3JlZW4gYWxsb3c9ImF1dG9wbGF5OyBjbGlwYm9hcmQtd3JpdGU7IGVuY3J5cHRlZC1tZWRpYTsgZ3lyb3Njb3BlOyBwaWN0dXJlLWluLXBpY3R1cmU7Ij48L2lmcmFtZT48c2NyaXB0IGRhdGEtYm9ybGFicy1jb29raWUtc2NyaXB0LWJsb2NrZXItaWdub3JlPgooZnVuY3Rpb24oKSB7CiAgICBjb25zdCBmdXNpb25WaWRlbyA9IGRvY3VtZW50LmN1cnJlbnRTY3JpcHQuY2xvc2VzdCgnLmZ1c2lvbi12aWRlbycpOwogICAgaWYgKCFmdXNpb25WaWRlbyB8fCB0eXBlb2YgalF1ZXJ5ID09PSAndW5kZWZpbmVkJykgewogICAgICAgIHJldHVybjsKICAgIH0KICAgICFqUXVlcnkoZnVzaW9uVmlkZW8pLnBhcmVudHMoIi5mdXNpb24tbW9kYWwiKS5sZW5ndGggJiYgMSA9PSBqUXVlcnkoZnVzaW9uVmlkZW8pLmRhdGEoImF1dG9wbGF5IikgJiYgalF1ZXJ5KGZ1c2lvblZpZGVvKS5pcygiOnZpc2libGUiKSAmJiBqUXVlcnkoZnVzaW9uVmlkZW8pLmZpbmQoImlmcmFtZSIpLmVhY2goKGZ1bmN0aW9uICgpIHsKICAgICAgalF1ZXJ5KHRoaXMpLmhhc0NsYXNzKCJsYXp5bG9hZCIpID8galF1ZXJ5KHRoaXMpLm9uKCJsYXp5bG9hZGVkIiwgKGZ1bmN0aW9uICgpIHsKICAgICAgICB0aGlzLmNvbnRlbnRXaW5kb3cubG9jYXRpb24ucmVwbGFjZShqUXVlcnkodGhpcykuYXR0cigiZGF0YS1vcmlnLXNyYyIpLnJlcGxhY2UoImF1dG9wbGF5PTAiLCAiYXV0b3BsYXk9MSIpKQogICAgICB9KSkgOiBqUXVlcnkodGhpcykuYXR0cigic3JjIiwgalF1ZXJ5KHRoaXMpLmF0dHIoInNyYyIpLnJlcGxhY2UoImF1dG9wbGF5PTAiLCAiYXV0b3BsYXk9MSIpKQogICAgfSkpCn0pKCk7Cjwvc2NyaXB0Pg==\"><div class=\"brlbs-cmpnt-cb-preset-c brlbs-cmpnt-cb-youtube\"> <div class=\"brlbs-cmpnt-cb-thumbnail\" style=\"background-image: url('https:\/\/www.botek.de\/wp-content\/uploads\/borlabs-cookie\/1\/yt_xKlXaaqHfCI_hqdefault.jpg')\"><\/div> <div class=\"brlbs-cmpnt-cb-main\"> <div class=\"brlbs-cmpnt-cb-play-button\"><\/div> <div class=\"brlbs-cmpnt-cb-content\"> <p class=\"brlbs-cmpnt-cb-description\">Vous \u00eates actuellement en train de consulter le contenu d'un espace r\u00e9serv\u00e9 de <strong>YouTube<\/strong>. Pour acc\u00e9der au contenu r\u00e9el, cliquez sur le bouton ci-dessous. Veuillez noter que ce faisant, des donn\u00e9es seront partag\u00e9es avec des providers tiers.<\/p> <a class=\"brlbs-cmpnt-cb-provider-toggle\" href=\"#\" data-borlabs-cookie-show-provider-information role=\"button\">Plus d'informations<\/a> <\/div> <div class=\"brlbs-cmpnt-cb-buttons\"> <a class=\"brlbs-cmpnt-cb-btn\" href=\"#\" data-borlabs-cookie-unblock role=\"button\">D\u00e9bloquer le contenu<\/a> <a class=\"brlbs-cmpnt-cb-btn\" href=\"#\" data-borlabs-cookie-accept-service role=\"button\" style=\"display: inherit\">Accepter le service requis et d\u00e9bloquer les contenus<\/a> <\/div> <\/div> <\/div><\/div><\/div><\/div><\/div><div class=\"fusion-sep-clear\"><\/div><div class=\"fusion-separator fusion-full-width-sep\" style=\"margin-left: auto;margin-right: auto;margin-top:40px;width:100%;\"><\/div><div class=\"fusion-sep-clear\"><\/div><div class=\"fusion-clearfix\"><\/div><\/div><\/div><\/div><\/div>\n","protected":false},"excerpt":{"rendered":"","protected":false},"author":1,"featured_media":0,"parent":20,"menu_order":0,"comment_status":"closed","ping_status":"closed","template":"","meta":{"footnotes":""},"class_list":["post-831","page","type-page","status-publish","hentry"],"_links":{"self":[{"href":"https:\/\/www.botek.de\/fr\/wp-json\/wp\/v2\/pages\/831","targetHints":{"allow":["GET"]}}],"collection":[{"href":"https:\/\/www.botek.de\/fr\/wp-json\/wp\/v2\/pages"}],"about":[{"href":"https:\/\/www.botek.de\/fr\/wp-json\/wp\/v2\/types\/page"}],"author":[{"embeddable":true,"href":"https:\/\/www.botek.de\/fr\/wp-json\/wp\/v2\/users\/1"}],"replies":[{"embeddable":true,"href":"https:\/\/www.botek.de\/fr\/wp-json\/wp\/v2\/comments?post=831"}],"version-history":[{"count":0,"href":"https:\/\/www.botek.de\/fr\/wp-json\/wp\/v2\/pages\/831\/revisions"}],"up":[{"embeddable":true,"href":"https:\/\/www.botek.de\/fr\/wp-json\/wp\/v2\/pages\/20"}],"wp:attachment":[{"href":"https:\/\/www.botek.de\/fr\/wp-json\/wp\/v2\/media?parent=831"}],"curies":[{"name":"wp","href":"https:\/\/api.w.org\/{rel}","templated":true}]}}