{"id":6045,"date":"2020-04-22T20:27:01","date_gmt":"2020-04-22T18:27:01","guid":{"rendered":"https:\/\/www.botek.de\/?page_id=6045"},"modified":"2023-02-22T09:44:01","modified_gmt":"2023-02-22T08:44:01","slug":"service-de-revetement","status":"publish","type":"page","link":"https:\/\/www.botek.de\/fr\/service\/service-de-revetement\/","title":{"rendered":"Service de rev\u00eatement"},"content":{"rendered":"<div class=\"fusion-fullwidth fullwidth-box fusion-builder-row-1 nonhundred-percent-fullwidth non-hundred-percent-height-scrolling\" style=\"--awb-border-radius-top-left:0px;--awb-border-radius-top-right:0px;--awb-border-radius-bottom-right:0px;--awb-border-radius-bottom-left:0px;--awb-flex-wrap:wrap;\" ><div class=\"fusion-builder-row fusion-row\"><div class=\"fusion-layout-column fusion_builder_column fusion-builder-column-0 fusion_builder_column_1_1 1_1 fusion-one-full fusion-column-first fusion-column-last\" style=\"--awb-bg-size:cover;\"><div class=\"fusion-column-wrapper fusion-column-has-shadow fusion-flex-column-wrapper-legacy\"><div class=\"fusion-title title fusion-title-1 fusion-sep-none fusion-title-text fusion-title-size-one\" style=\"--awb-margin-top-small:0px;--awb-margin-right-small:0px;--awb-margin-bottom-small:20px;--awb-margin-left-small:0px;\"><h1 class=\"fusion-title-heading title-heading-left fusion-responsive-typography-calculated\" style=\"margin:0;--fontSize:36;line-height:1.4;\"><h1><strong>Une plus grande dur\u00e9e de vie gr\u00e2ce au rev\u00eament d\u2019outils<\/strong><\/h1><\/h1><\/div><div class=\"fusion-clearfix\"><\/div><\/div><\/div><div class=\"fusion-layout-column fusion_builder_column fusion-builder-column-1 fusion_builder_column_1_2 1_2 fusion-one-half fusion-column-first\" style=\"--awb-bg-size:cover;width:48%; margin-right: 4%;\"><div class=\"fusion-column-wrapper fusion-column-has-shadow fusion-flex-column-wrapper-legacy\"><div class=\"fusion-text fusion-text-1\" style=\"--awb-font-size:22px;--awb-text-color:#444444;\"><p>Pour obtenir des r\u00e9sultats optimaux d\u2019usinage<br \/>\nNous acceptons volontiers de re- rev\u00eatier vos outils en lien avec notre <a href=\"https:\/\/www.botek.de\/fr\/service\/service-daffutage\/\">service d\u00b4aff\u00fbtage<\/a>.<\/p>\n<p><strong>Nous vous proposons les diff\u00e9rents rev\u00eaments:<\/strong><\/p>\n<ul>\n<li>TiN<\/li>\n<li>TiCN<\/li>\n<li>ALTiN<\/li>\n<li>TiAlN<\/li>\n<li>TICN-TIN<\/li>\n<li>ALTIN-TIN<\/li>\n<\/ul>\n<\/div><div class=\"fusion-clearfix\"><\/div><\/div><\/div><div class=\"fusion-layout-column fusion_builder_column fusion-builder-column-2 fusion_builder_column_1_1 1_1 fusion-one-full fusion-column-last\" style=\"--awb-bg-size:cover;\"><div class=\"fusion-column-wrapper fusion-column-has-shadow fusion-flex-column-wrapper-legacy\"><div class=\"fusion-sep-clear\"><\/div><div class=\"fusion-separator fusion-full-width-sep\" style=\"margin-left: auto;margin-right: auto;margin-top:40px;width:100%;\"><\/div><div class=\"fusion-sep-clear\"><\/div><div class=\"fusion-clearfix\"><\/div><\/div><\/div><div class=\"fusion-layout-column fusion_builder_column fusion-builder-column-3 fusion_builder_column_1_2 1_2 fusion-one-half fusion-column-first\" style=\"--awb-bg-size:cover;width:50%;width:calc(50% - ( ( 4% ) * 0.5 ) );margin-right: 4%;\"><div class=\"fusion-column-wrapper fusion-column-has-shadow fusion-flex-column-wrapper-legacy\"><div class=\"fusion-image-element in-legacy-container\" style=\"--awb-caption-title-font-family:var(--h2_typography-font-family);--awb-caption-title-font-weight:var(--h2_typography-font-weight);--awb-caption-title-font-style:var(--h2_typography-font-style);--awb-caption-title-size:var(--h2_typography-font-size);--awb-caption-title-transform:var(--h2_typography-text-transform);--awb-caption-title-line-height:var(--h2_typography-line-height);--awb-caption-title-letter-spacing:var(--h2_typography-letter-spacing);\"><span class=\" fusion-imageframe imageframe-none imageframe-1 hover-type-none\"><img loading=\"lazy\" decoding=\"async\" width=\"600\" height=\"849\" title=\"UM-Zerti_de\" src=\"https:\/\/www.botek.de\/wp-content\/uploads\/2020\/04\/21.jpg\" alt class=\"img-responsive wp-image-22076\"\/><\/span><\/div><div class=\"fusion-clearfix\"><\/div><\/div><\/div><div class=\"fusion-layout-column fusion_builder_column fusion-builder-column-4 fusion_builder_column_1_2 1_2 fusion-one-half fusion-column-last\" style=\"--awb-bg-size:cover;width:50%;width:calc(50% - ( ( 4% ) * 0.5 ) );\"><div class=\"fusion-column-wrapper fusion-column-has-shadow fusion-flex-column-wrapper-legacy\"><div class=\"fusion-text fusion-text-2\" style=\"--awb-font-size:22px;--awb-text-color:#444444;\"><p><strong>Les avantages des outils rev\u00eatus:<\/strong><\/p>\n<ul>\n<li>Augmentation de la productivit\u00e9 dans le processus de fabrication<\/li>\n<li>Augmentation de la dur\u00e9e de vie des outils<\/li>\n<li>Baisse de co\u00fbts d\u2019outillage, moins d\u2019usure<\/li>\n<li>Assure une plus grande sollicitation de vos outils<\/li>\n<li>R\u00e9duction importante de l\u2019usure des parties coupantes<\/li>\n<li>Une durface re\u00eatue lisse permet d\u2019am\u00e9liorer le flux d\u2019evacuation de copeaux<\/li>\n<\/ul>\n<\/div><div class=\"fusion-clearfix\"><\/div><\/div><\/div><div class=\"fusion-layout-column fusion_builder_column fusion-builder-column-5 fusion_builder_column_1_1 1_1 fusion-one-full fusion-column-first fusion-column-last\" style=\"--awb-bg-size:cover;\"><div class=\"fusion-column-wrapper fusion-column-has-shadow fusion-flex-column-wrapper-legacy\"><div class=\"fusion-sep-clear\"><\/div><div class=\"fusion-separator fusion-full-width-sep\" style=\"margin-left: auto;margin-right: auto;margin-top:40px;width:100%;\"><\/div><div class=\"fusion-sep-clear\"><\/div><div class=\"fusion-text fusion-text-3\"><h2>Votre interlocuteur<\/h2>\n<h3><strong>Marcel Nagler<\/strong><\/h3>\n<h3>E-Mail: <a href=\"mailto:marcel.nagler@botek.fr\">marcel.nagler@botek.fr<\/a><\/h3>\n<\/div><div class=\"fusion-clearfix\"><\/div><\/div><\/div><\/div><\/div>\n","protected":false},"excerpt":{"rendered":"","protected":false},"author":1,"featured_media":0,"parent":841,"menu_order":0,"comment_status":"closed","ping_status":"closed","template":"","meta":{"footnotes":""},"class_list":["post-6045","page","type-page","status-publish","hentry"],"_links":{"self":[{"href":"https:\/\/www.botek.de\/fr\/wp-json\/wp\/v2\/pages\/6045","targetHints":{"allow":["GET"]}}],"collection":[{"href":"https:\/\/www.botek.de\/fr\/wp-json\/wp\/v2\/pages"}],"about":[{"href":"https:\/\/www.botek.de\/fr\/wp-json\/wp\/v2\/types\/page"}],"author":[{"embeddable":true,"href":"https:\/\/www.botek.de\/fr\/wp-json\/wp\/v2\/users\/1"}],"replies":[{"embeddable":true,"href":"https:\/\/www.botek.de\/fr\/wp-json\/wp\/v2\/comments?post=6045"}],"version-history":[{"count":0,"href":"https:\/\/www.botek.de\/fr\/wp-json\/wp\/v2\/pages\/6045\/revisions"}],"up":[{"embeddable":true,"href":"https:\/\/www.botek.de\/fr\/wp-json\/wp\/v2\/pages\/841"}],"wp:attachment":[{"href":"https:\/\/www.botek.de\/fr\/wp-json\/wp\/v2\/media?parent=6045"}],"curies":[{"name":"wp","href":"https:\/\/api.w.org\/{rel}","templated":true}]}}