{"id":3561,"date":"2019-06-27T16:00:49","date_gmt":"2019-06-27T14:00:49","guid":{"rendered":"https:\/\/www.botek.de\/?page_id=3561"},"modified":"2023-02-27T14:57:19","modified_gmt":"2023-02-27T13:57:19","slug":"recherche-de-produits","status":"publish","type":"page","link":"https:\/\/www.botek.de\/fr\/boutique\/recherche-de-produits\/","title":{"rendered":"Recherche de produits"},"content":{"rendered":"<div class=\"fusion-fullwidth fullwidth-box fusion-builder-row-1 nonhundred-percent-fullwidth non-hundred-percent-height-scrolling\" style=\"--awb-border-radius-top-left:0px;--awb-border-radius-top-right:0px;--awb-border-radius-bottom-right:0px;--awb-border-radius-bottom-left:0px;--awb-flex-wrap:wrap;\" ><div class=\"fusion-builder-row fusion-row\"><div class=\"fusion-layout-column fusion_builder_column fusion-builder-column-0 fusion_builder_column_1_1 1_1 fusion-one-full fusion-column-first fusion-column-last\" style=\"--awb-bg-size:cover;\"><div class=\"fusion-column-wrapper fusion-column-has-shadow fusion-flex-column-wrapper-legacy\"><div class=\"fusion-text fusion-text-1\" style=\"--awb-font-size:22px;--awb-text-color:#444444;\"><h1><strong>Recherche de produits<\/strong><\/h1>\n<p>Avec notre outil de recherche de produits intelligent, vous pouvez en quelques clics trouver le bon foret pour r\u00e9aliser votre t\u00e2che de forage.<\/p>\n<\/div><div class=\"fusion-text fusion-text-2\"><p>\n\n<div class=\"woof_step  woof_step_filter_2\" data-filter_type=\"2\"  data-autosubmit=\"0\" data-hide=\"0\">\n    \n\n\n\n            <div class=\"woof \"  data-shortcode=\"woof ajax_redraw='1' autosubmit='0' by_only='pa_durchmesser' by_step='pa_werkstoff,pa_durchmesser,pa_bohrtiefe,pa_fertigung,pa_vorschub,pa_bohrungsqualitaet' \" data-redirect=\"\" data-autosubmit=\"0\" data-ajax-redraw=\"1\">\n\n\n                <!--- here is possible drop html code which is never redraws by AJAX ---->\n\n                <div class=\"woof_redraw_zone\" data-woof-ver=\"2.2.2.1\">\n    \n\n    \t\t<div data-css-class=\"woof_container_pa_werkstoff\" class=\"woof_container woof_container_checkbox woof_container_pa_werkstoff woof_container_0 woof_container_produktwerkstoffauswhlen\">\n\t    <div class=\"woof_container_overlay_item\"><\/div>\n\t    <div class=\"woof_container_inner woof_container_inner_produktwerkstoffauswhlen\">\n\t\t\t    \t<h4>\n                            Produkt Werkstoff ausw\u00e4hlen                                                                                <\/h4>\n\t\t\t    \t\t\t<div class=\"woof_block_html_items\" >\n\t\t\t<ul class=\"woof_list woof_list_checkbox\">\n                            \n\n\n            <li class=\"woof_term_6788 \" style=\"display: inline-block !important;\"><input type=\"checkbox\"  id=\"woof_6788_69d1cc8e0adc9\" class=\"woof_checkbox_term woof_checkbox_term_6788\" data-tax=\"pa_werkstoff\" name=\"acier\" data-term-id=\"6788\" value=\"6788\"  \/><label class=\"woof_checkbox_label \" for=\"woof_6788_69d1cc8e0adc9\">Acier<\/label>\n                                <input type=\"hidden\" value=\"Acier\" data-anchor=\"woof_n_pa_werkstoff_acier\" \/>\n\n            <\/li>\n\n\n                        \n\n\n            <li class=\"woof_term_6790 \" style=\"display: inline-block !important;\"><input type=\"checkbox\"  id=\"woof_6790_69d1cc8e0add0\" class=\"woof_checkbox_term woof_checkbox_term_6790\" data-tax=\"pa_werkstoff\" name=\"fonte\" data-term-id=\"6790\" value=\"6790\"  \/><label class=\"woof_checkbox_label \" for=\"woof_6790_69d1cc8e0add0\">Fonte<\/label>\n                                <input type=\"hidden\" value=\"Fonte\" data-anchor=\"woof_n_pa_werkstoff_fonte\" \/>\n\n            <\/li>\n\n\n                        \n\n\n            <li class=\"woof_term_6794 \" style=\"display: inline-block !important;\"><input type=\"checkbox\"  id=\"woof_6794_69d1cc8e0add3\" class=\"woof_checkbox_term woof_checkbox_term_6794\" data-tax=\"pa_werkstoff\" name=\"inox-super-alliages\" data-term-id=\"6794\" value=\"6794\"  \/><label class=\"woof_checkbox_label \" for=\"woof_6794_69d1cc8e0add3\">Inox \/ Super alliages<\/label>\n                                <input type=\"hidden\" value=\"Inox \/ Super alliages\" data-anchor=\"woof_n_pa_werkstoff_inox-super-alliages\" \/>\n\n            <\/li>\n\n\n                        \n\n\n            <li class=\"woof_term_6792 \" style=\"display: inline-block !important;\"><input type=\"checkbox\"  id=\"woof_6792_69d1cc8e0add5\" class=\"woof_checkbox_term woof_checkbox_term_6792\" data-tax=\"pa_werkstoff\" name=\"metaux-non-ferreux\" data-term-id=\"6792\" value=\"6792\"  \/><label class=\"woof_checkbox_label \" for=\"woof_6792_69d1cc8e0add5\">M\u00e9taux non ferreux<\/label>\n                                <input type=\"hidden\" value=\"M\u00e9taux non ferreux\" data-anchor=\"woof_n_pa_werkstoff_metaux-non-ferreux\" \/>\n\n            <\/li>\n\n\n            \n                <\/ul>\n\t\t\t<\/div>\n\t\t\t\n\t\t<input type=\"hidden\" name=\"woof_t_pa_werkstoff\" value=\"Product Werkstoff ausw\u00e4hlen\" \/><!-- for red button search nav panel -->\n\n\t    <\/div>\n\t<\/div>\n\t\t    \t<div data-css-class=\"woof_container_pa_durchmesser\" class=\"woof_container woof_container_slider woof_container_pa_durchmesser woof_container_1 woof_container_durchmesserbereichauswhlen\">\n\t    <div class=\"woof_container_overlay_item\"><\/div>\n\t    <div class=\"woof_container_inner woof_container_inner_durchmesserbereichauswhlen\">\n\t\t\t    \t<h4>\n                            Durchmesser (Bereich) ausw\u00e4hlen                                                                                <\/h4>\n\t\t\t    \n\t\t\t<div class=\"woof_block_html_items\" >\n\t\t\t            <input type=\"hidden\" value=\"1.5 mm\" data-anchor=\"woof_n_pa_durchmesser_1-5-mm\" \/>\n                <input type=\"hidden\" value=\"1.6 mm\" data-anchor=\"woof_n_pa_durchmesser_1-6-mm\" \/>\n                <input type=\"hidden\" value=\"2 mm\" data-anchor=\"woof_n_pa_durchmesser_2-mm\" \/>\n                <input type=\"hidden\" value=\"2.5 mm\" data-anchor=\"woof_n_pa_durchmesser_2-5-mm\" \/>\n                <input type=\"hidden\" value=\"3 mm\" data-anchor=\"woof_n_pa_durchmesser_3-mm\" \/>\n                <input type=\"hidden\" value=\"3.5 mm\" data-anchor=\"woof_n_pa_durchmesser_3-5-mm\" \/>\n                <input type=\"hidden\" value=\"4 mm\" data-anchor=\"woof_n_pa_durchmesser_4-mm\" \/>\n                <input type=\"hidden\" value=\"5 mm\" data-anchor=\"woof_n_pa_durchmesser_5-mm\" \/>\n                <input type=\"hidden\" value=\"6 mm\" data-anchor=\"woof_n_pa_durchmesser_6-mm\" \/>\n                <input type=\"hidden\" value=\"6.5 mm\" data-anchor=\"woof_n_pa_durchmesser_6-5-mm\" \/>\n                <input type=\"hidden\" value=\"7 mm\" data-anchor=\"woof_n_pa_durchmesser_7-mm\" \/>\n                <input type=\"hidden\" value=\"8 mm\" data-anchor=\"woof_n_pa_durchmesser_8-mm\" \/>\n                <input type=\"hidden\" value=\"8.5 mm\" data-anchor=\"woof_n_pa_durchmesser_8-5-mm\" \/>\n                <input type=\"hidden\" value=\"9 mm\" data-anchor=\"woof_n_pa_durchmesser_9-mm\" \/>\n                <input type=\"hidden\" value=\"10 mm\" data-anchor=\"woof_n_pa_durchmesser_10-mm\" \/>\n                <input type=\"hidden\" value=\"10.5 mm\" data-anchor=\"woof_n_pa_durchmesser_10-5-mm\" \/>\n                <input type=\"hidden\" value=\"11 mm\" data-anchor=\"woof_n_pa_durchmesser_11-mm\" \/>\n                <input type=\"hidden\" value=\"11.5 mm\" data-anchor=\"woof_n_pa_durchmesser_11-5-mm\" \/>\n                <input type=\"hidden\" value=\"12 mm\" data-anchor=\"woof_n_pa_durchmesser_12-mm\" \/>\n                <input type=\"hidden\" value=\"12.5 mm\" data-anchor=\"woof_n_pa_durchmesser_12-5-mm\" \/>\n                <input type=\"hidden\" value=\"12.7 mm\" data-anchor=\"woof_n_pa_durchmesser_12-7-mm\" \/>\n                <input type=\"hidden\" value=\"13 mm\" data-anchor=\"woof_n_pa_durchmesser_13-mm\" \/>\n                <input type=\"hidden\" value=\"13.5 mm\" data-anchor=\"woof_n_pa_durchmesser_13-5-mm\" \/>\n                <input type=\"hidden\" value=\"14 mm\" data-anchor=\"woof_n_pa_durchmesser_14-mm\" \/>\n                <input type=\"hidden\" value=\"14.5 mm\" data-anchor=\"woof_n_pa_durchmesser_14-5-mm\" \/>\n                <input type=\"hidden\" value=\"15 mm\" data-anchor=\"woof_n_pa_durchmesser_15-mm\" \/>\n                <input type=\"hidden\" value=\"15.5 mm\" data-anchor=\"woof_n_pa_durchmesser_15-5-mm\" \/>\n                <input type=\"hidden\" value=\"16 mm\" data-anchor=\"woof_n_pa_durchmesser_16-mm\" \/>\n                <input type=\"hidden\" value=\"16.5 mm\" data-anchor=\"woof_n_pa_durchmesser_16-5-mm\" \/>\n                <input type=\"hidden\" value=\"16.25 mm\" data-anchor=\"woof_n_pa_durchmesser_16-25-mm\" \/>\n                <input type=\"hidden\" value=\"17 mm\" data-anchor=\"woof_n_pa_durchmesser_17-mm\" \/>\n                <input type=\"hidden\" value=\"17.5 mm\" data-anchor=\"woof_n_pa_durchmesser_17-5-mm\" \/>\n                <input type=\"hidden\" value=\"18 mm\" data-anchor=\"woof_n_pa_durchmesser_18-mm\" \/>\n                <input type=\"hidden\" value=\"18.5 mm\" data-anchor=\"woof_n_pa_durchmesser_18-5-mm\" \/>\n                <input type=\"hidden\" value=\"19 mm\" data-anchor=\"woof_n_pa_durchmesser_19-mm\" \/>\n                <input type=\"hidden\" value=\"19.05 mm\" data-anchor=\"woof_n_pa_durchmesser_19-05-mm\" \/>\n                <input type=\"hidden\" value=\"19.5 mm\" data-anchor=\"woof_n_pa_durchmesser_19-5-mm\" \/>\n                <input type=\"hidden\" value=\"20 mm\" data-anchor=\"woof_n_pa_durchmesser_20-mm\" \/>\n                <input type=\"hidden\" value=\"20.5 mm\" data-anchor=\"woof_n_pa_durchmesser_20-5-mm\" \/>\n                <input type=\"hidden\" value=\"21 mm\" data-anchor=\"woof_n_pa_durchmesser_21-mm\" \/>\n                <input type=\"hidden\" value=\"22 mm\" data-anchor=\"woof_n_pa_durchmesser_22-mm\" \/>\n                <input type=\"hidden\" value=\"23 mm\" data-anchor=\"woof_n_pa_durchmesser_23-mm\" \/>\n                <input type=\"hidden\" value=\"24 mm\" data-anchor=\"woof_n_pa_durchmesser_24-mm\" \/>\n                <input type=\"hidden\" value=\"25 mm\" data-anchor=\"woof_n_pa_durchmesser_25-mm\" \/>\n                <input type=\"hidden\" value=\"25.4 mm\" data-anchor=\"woof_n_pa_durchmesser_25-4-mm\" \/>\n                <input type=\"hidden\" value=\"26 mm\" data-anchor=\"woof_n_pa_durchmesser_26-mm\" \/>\n                <input type=\"hidden\" value=\"27 mm\" data-anchor=\"woof_n_pa_durchmesser_27-mm\" \/>\n                <input type=\"hidden\" value=\"28 mm\" data-anchor=\"woof_n_pa_durchmesser_28-mm\" \/>\n                <input type=\"hidden\" value=\"29 mm\" data-anchor=\"woof_n_pa_durchmesser_29-mm\" \/>\n                <input type=\"hidden\" value=\"30 mm\" data-anchor=\"woof_n_pa_durchmesser_30-mm\" \/>\n                <input type=\"hidden\" value=\"31 mm\" data-anchor=\"woof_n_pa_durchmesser_31-mm\" \/>\n                <input type=\"hidden\" value=\"31.75 mm\" data-anchor=\"woof_n_pa_durchmesser_31-75-mm\" \/>\n                <input type=\"hidden\" value=\"32 mm\" data-anchor=\"woof_n_pa_durchmesser_32-mm\" \/>\n                <input type=\"hidden\" value=\"33 mm\" data-anchor=\"woof_n_pa_durchmesser_33-mm\" \/>\n                <input type=\"hidden\" value=\"34 mm\" data-anchor=\"woof_n_pa_durchmesser_34-mm\" \/>\n                <input type=\"hidden\" value=\"35 mm\" data-anchor=\"woof_n_pa_durchmesser_35-mm\" \/>\n                <input type=\"hidden\" value=\"38 mm\" data-anchor=\"woof_n_pa_durchmesser_38-mm\" \/>\n                <input type=\"hidden\" value=\"38.1 mm\" data-anchor=\"woof_n_pa_durchmesser_38-1-mm\" \/>\n                <input type=\"hidden\" value=\"40 mm\" data-anchor=\"woof_n_pa_durchmesser_40-mm\" \/>\n        \n    <input class=\"woof_taxrange_slider\" value='' data-grid_step=\"3n\" data-current=\"\" data-max='59' data-titles='1.5 mm,1.6 mm,2 mm,2.5 mm,3 mm,3.5 mm,4 mm,5 mm,6 mm,6.5 mm,7 mm,8 mm,8.5 mm,9 mm,10 mm,10.5 mm,11 mm,11.5 mm,12 mm,12.5 mm,12.7 mm,13 mm,13.5 mm,14 mm,14.5 mm,15 mm,15.5 mm,16 mm,16.5 mm,16.25 mm,17 mm,17.5 mm,18 mm,18.5 mm,19 mm,19.05 mm,19.5 mm,20 mm,20.5 mm,21 mm,22 mm,23 mm,24 mm,25 mm,25.4 mm,26 mm,27 mm,28 mm,29 mm,30 mm,31 mm,31.75 mm,32 mm,33 mm,34 mm,35 mm,38 mm,38.1 mm,40 mm' data-values='1-5-mm,1-6-mm,2-mm,2-5-mm,3-mm,3-5-mm,4-mm,5-mm,6-mm,6-5-mm,7-mm,8-mm,8-5-mm,9-mm,10-mm,10-5-mm,11-mm,11-5-mm,12-mm,12-5-mm,12-7-mm,13-mm,13-5-mm,14-mm,14-5-mm,15-mm,15-5-mm,16-mm,16-5-mm,16-25-mm,17-mm,17-5-mm,18-mm,18-5-mm,19-mm,19-05-mm,19-5-mm,20-mm,20-5-mm,21-mm,22-mm,23-mm,24-mm,25-mm,25-4-mm,26-mm,27-mm,28-mm,29-mm,30-mm,31-mm,31-75-mm,32-mm,33-mm,34-mm,35-mm,38-mm,38-1-mm,40-mm' data-tax=\"pa_durchmesser\" \/>\n\n\n\t\t\t<\/div>\n\t\t\t\n\t\t<input type=\"hidden\" name=\"woof_t_pa_durchmesser\" value=\"Product Durchmesser\" \/><!-- for red button search nav panel -->\n\n\t    <\/div>\n\t<\/div>\n\t\t    \t<div data-css-class=\"woof_container_pa_bohrtiefe\" class=\"woof_container woof_container_slider woof_container_pa_bohrtiefe woof_container_2 woof_container_bohrtiefebereichauswhlen\">\n\t    <div class=\"woof_container_overlay_item\"><\/div>\n\t    <div class=\"woof_container_inner woof_container_inner_bohrtiefebereichauswhlen\">\n\t\t\t    \t<h4>\n                            Bohrtiefe (Bereich) ausw\u00e4hlen                                                                                <\/h4>\n\t\t\t    \n\t\t\t<div class=\"woof_block_html_items\" >\n\t\t\t            <input type=\"hidden\" value=\"10 x \u00d8\" data-anchor=\"woof_n_pa_bohrtiefe_10-x-o\" \/>\n                <input type=\"hidden\" value=\"15 x \u00d8\" data-anchor=\"woof_n_pa_bohrtiefe_15-x-o\" \/>\n                <input type=\"hidden\" value=\"20 x \u00d8\" data-anchor=\"woof_n_pa_bohrtiefe_20-x-o\" \/>\n                <input type=\"hidden\" value=\"25 x \u00d8\" data-anchor=\"woof_n_pa_bohrtiefe_25-x-o\" \/>\n                <input type=\"hidden\" value=\"30 x \u00d8\" data-anchor=\"woof_n_pa_bohrtiefe_30-x-o\" \/>\n                <input type=\"hidden\" value=\"35 x \u00d8\" data-anchor=\"woof_n_pa_bohrtiefe_35-x-o\" \/>\n                <input type=\"hidden\" value=\"40 x \u00d8\" data-anchor=\"woof_n_pa_bohrtiefe_40-x-o\" \/>\n                <input type=\"hidden\" value=\"45 x \u00d8\" data-anchor=\"woof_n_pa_bohrtiefe_45-x-o\" \/>\n                <input type=\"hidden\" value=\"50 x \u00d8\" data-anchor=\"woof_n_pa_bohrtiefe_50-x-o\" \/>\n                <input type=\"hidden\" value=\"55 x \u00d8\" data-anchor=\"woof_n_pa_bohrtiefe_55-x-o\" \/>\n                <input type=\"hidden\" value=\"60 x \u00d8\" data-anchor=\"woof_n_pa_bohrtiefe_60-x-o\" \/>\n        \n    <input class=\"woof_taxrange_slider\" value='' data-grid_step=\"1\" data-current=\"\" data-max='11' data-titles='10 x \u00d8,15 x \u00d8,20 x \u00d8,25 x \u00d8,30 x \u00d8,35 x \u00d8,40 x \u00d8,45 x \u00d8,50 x \u00d8,55 x \u00d8,60 x \u00d8' data-values='10-x-o,15-x-o,20-x-o,25-x-o,30-x-o,35-x-o,40-x-o,45-x-o,50-x-o,55-x-o,60-x-o' data-tax=\"pa_bohrtiefe\" \/>\n\n\n\t\t\t<\/div>\n\t\t\t\n\t\t<input type=\"hidden\" name=\"woof_t_pa_bohrtiefe\" value=\"Product Bohrtiefe\" \/><!-- for red button search nav panel -->\n\n\t    <\/div>\n\t<\/div>\n\t\t    \t<div data-css-class=\"woof_container_pa_fertigung\" class=\"woof_container woof_container_checkbox woof_container_pa_fertigung woof_container_3 woof_container_fertigungsartauswhlen\">\n\t    <div class=\"woof_container_overlay_item\"><\/div>\n\t    <div class=\"woof_container_inner woof_container_inner_fertigungsartauswhlen\">\n\t\t\t    \t<h4>\n                            Fertigungsart ausw\u00e4hlen                                                                                <\/h4>\n\t\t\t    \t\t\t<div class=\"woof_block_html_items\" >\n\t\t\t<ul class=\"woof_list woof_list_checkbox\">\n                            \n\n\n            <li class=\"woof_term_6938 \" style=\"display: inline-block !important;\"><input type=\"checkbox\"  id=\"woof_6938_69d1cc8e0afea\" class=\"woof_checkbox_term woof_checkbox_term_6938\" data-tax=\"pa_fertigung\" name=\"production-unitaire\" data-term-id=\"6938\" value=\"6938\"  \/><label class=\"woof_checkbox_label \" for=\"woof_6938_69d1cc8e0afea\">Production unitaire<\/label>\n                                <input type=\"hidden\" value=\"Production unitaire\" data-anchor=\"woof_n_pa_fertigung_production-unitaire\" \/>\n\n            <\/li>\n\n\n                        \n\n\n            <li class=\"woof_term_6940 \" style=\"display: inline-block !important;\"><input type=\"checkbox\"  id=\"woof_6940_69d1cc8e0afee\" class=\"woof_checkbox_term woof_checkbox_term_6940\" data-tax=\"pa_fertigung\" name=\"production-en-serie\" data-term-id=\"6940\" value=\"6940\"  \/><label class=\"woof_checkbox_label \" for=\"woof_6940_69d1cc8e0afee\">Production en s\u00e9rie<\/label>\n                                <input type=\"hidden\" value=\"Production en s\u00e9rie\" data-anchor=\"woof_n_pa_fertigung_production-en-serie\" \/>\n\n            <\/li>\n\n\n            \n                <\/ul>\n\t\t\t<\/div>\n\t\t\t\n\t\t<input type=\"hidden\" name=\"woof_t_pa_fertigung\" value=\"Product Fertigung\" \/><!-- for red button search nav panel -->\n\n\t    <\/div>\n\t<\/div>\n\t\t    \t<div data-css-class=\"woof_container_pa_vorschub\" class=\"woof_container woof_container_checkbox woof_container_pa_vorschub woof_container_4 woof_container_vorschubauswhlen\">\n\t    <div class=\"woof_container_overlay_item\"><\/div>\n\t    <div class=\"woof_container_inner woof_container_inner_vorschubauswhlen\">\n\t\t\t    \t<h4>\n                            Vorschub ausw\u00e4hlen                                                                                <\/h4>\n\t\t\t    \t\t\t<div class=\"woof_block_html_items\" >\n\t\t\t<ul class=\"woof_list woof_list_checkbox\">\n                            \n\n\n            <li class=\"woof_term_6942 \" style=\"display: inline-block !important;\"><input type=\"checkbox\"  id=\"woof_6942_69d1cc8e0b0a6\" class=\"woof_checkbox_term woof_checkbox_term_6942\" data-tax=\"pa_vorschub\" name=\"normal\" data-term-id=\"6942\" value=\"6942\"  \/><label class=\"woof_checkbox_label \" for=\"woof_6942_69d1cc8e0b0a6\">Normal<\/label>\n                                <input type=\"hidden\" value=\"Normal\" data-anchor=\"woof_n_pa_vorschub_normal\" \/>\n\n            <\/li>\n\n\n                        \n\n\n            <li class=\"woof_term_6944 \" style=\"display: inline-block !important;\"><input type=\"checkbox\"  id=\"woof_6944_69d1cc8e0b0a9\" class=\"woof_checkbox_term woof_checkbox_term_6944\" data-tax=\"pa_vorschub\" name=\"haute\" data-term-id=\"6944\" value=\"6944\"  \/><label class=\"woof_checkbox_label \" for=\"woof_6944_69d1cc8e0b0a9\">Haute<\/label>\n                                <input type=\"hidden\" value=\"Haute\" data-anchor=\"woof_n_pa_vorschub_haute\" \/>\n\n            <\/li>\n\n\n                        \n\n\n            <li class=\"woof_term_6946 \" style=\"display: inline-block !important;\"><input type=\"checkbox\"  id=\"woof_6946_69d1cc8e0b0ab\" class=\"woof_checkbox_term woof_checkbox_term_6946\" data-tax=\"pa_vorschub\" name=\"tres-haute\" data-term-id=\"6946\" value=\"6946\"  \/><label class=\"woof_checkbox_label \" for=\"woof_6946_69d1cc8e0b0ab\">Tr\u00e8s haute<\/label>\n                                <input type=\"hidden\" value=\"Tr\u00e8s haute\" data-anchor=\"woof_n_pa_vorschub_tres-haute\" \/>\n\n            <\/li>\n\n\n            \n                <\/ul>\n\t\t\t<\/div>\n\t\t\t\n\t\t<input type=\"hidden\" name=\"woof_t_pa_vorschub\" value=\"Product Vorschub\" \/><!-- for red button search nav panel -->\n\n\t    <\/div>\n\t<\/div>\n\t\t    \t<div data-css-class=\"woof_container_pa_bohrungsqualitaet\" class=\"woof_container woof_container_checkbox woof_container_pa_bohrungsqualitaet woof_container_5 woof_container_bohrungsqualittauswhlen\">\n\t    <div class=\"woof_container_overlay_item\"><\/div>\n\t    <div class=\"woof_container_inner woof_container_inner_bohrungsqualittauswhlen\">\n\t\t\t    \t<h4>\n                            Bohrungsqualit\u00e4t ausw\u00e4hlen                                                                                <\/h4>\n\t\t\t    \t\t\t<div class=\"woof_block_html_items\" >\n\t\t\t<ul class=\"woof_list woof_list_checkbox\">\n                            \n\n\n            <li class=\"woof_term_6934 \" style=\"display: inline-block !important;\"><input type=\"checkbox\"  id=\"woof_6934_69d1cc8e0b175\" class=\"woof_checkbox_term woof_checkbox_term_6934\" data-tax=\"pa_bohrungsqualitaet\" name=\"normale\" data-term-id=\"6934\" value=\"6934\"  \/><label class=\"woof_checkbox_label \" for=\"woof_6934_69d1cc8e0b175\">Normale<\/label>\n                                <input type=\"hidden\" value=\"Normale\" data-anchor=\"woof_n_pa_bohrungsqualitaet_normale\" \/>\n\n            <\/li>\n\n\n                        \n\n\n            <li class=\"woof_term_6936 \" style=\"display: inline-block !important;\"><input type=\"checkbox\"  id=\"woof_6936_69d1cc8e0b179\" class=\"woof_checkbox_term woof_checkbox_term_6936\" data-tax=\"pa_bohrungsqualitaet\" name=\"haute\" data-term-id=\"6936\" value=\"6936\"  \/><label class=\"woof_checkbox_label \" for=\"woof_6936_69d1cc8e0b179\">Haute<\/label>\n                                <input type=\"hidden\" value=\"Haute\" data-anchor=\"woof_n_pa_bohrungsqualitaet_haute\" \/>\n\n            <\/li>\n\n\n            \n                <\/ul>\n\t\t\t<\/div>\n\t\t\t\n\t\t<input type=\"hidden\" name=\"woof_t_pa_bohrungsqualitaet\" value=\"Product Bohrungsqualit\u00e4t\" \/><!-- for red button search nav panel -->\n\n\t    <\/div>\n\t<\/div>\n\t\t    \n\n                            <div class=\"woof_submit_search_form_container\">\n\n            \n                                                <button style=\"float: left;\" class=\"button woof_submit_search_form\">Ausw\u00e4hlen<\/button>\n            \n        <\/div>            \n            \n\t\t    \n\n\n                <\/div>\n\n            <\/div>\n\n\n\n\t\t        <div class=\"woof_step_next_back_btn\">\n        <button  class=\"button woof_step_filter_prev\">Back<\/button>&nbsp;<button  class=\"button woof_reset_search_form\" data-link=\"\">Zur\u00fccksetzen<\/button>       \n        <button style=\"float: right;\" class=\"button woof_step_filter_next\">Next<\/button>\n    <\/div>\n<\/div>\n\n \n                    \n                <div class=\"woocommerce columns-4 woocommerce-page woof_shortcode_output\">\n\n                            <\/div>\n\n\n            \n                            <\/p>\n<\/div><div class=\"fusion-clearfix\"><\/div><\/div><\/div><\/div><\/div>\n","protected":false},"excerpt":{"rendered":"","protected":false},"author":1,"featured_media":0,"parent":3506,"menu_order":0,"comment_status":"closed","ping_status":"closed","template":"","meta":{"footnotes":""},"class_list":{"0":"post-3561","1":"page","2":"type-page","3":"status-publish","4":"hentry","5":"product","6":"type-product","8":"has-post-thumbnail","9":"post-17923"},"_links":{"self":[{"href":"https:\/\/www.botek.de\/fr\/wp-json\/wp\/v2\/pages\/3561","targetHints":{"allow":["GET"]}}],"collection":[{"href":"https:\/\/www.botek.de\/fr\/wp-json\/wp\/v2\/pages"}],"about":[{"href":"https:\/\/www.botek.de\/fr\/wp-json\/wp\/v2\/types\/page"}],"author":[{"embeddable":true,"href":"https:\/\/www.botek.de\/fr\/wp-json\/wp\/v2\/users\/1"}],"replies":[{"embeddable":true,"href":"https:\/\/www.botek.de\/fr\/wp-json\/wp\/v2\/comments?post=3561"}],"version-history":[{"count":0,"href":"https:\/\/www.botek.de\/fr\/wp-json\/wp\/v2\/pages\/3561\/revisions"}],"up":[{"embeddable":true,"href":"https:\/\/www.botek.de\/fr\/wp-json\/wp\/v2\/pages\/3506"}],"wp:attachment":[{"href":"https:\/\/www.botek.de\/fr\/wp-json\/wp\/v2\/media?parent=3561"}],"curies":[{"name":"wp","href":"https:\/\/api.w.org\/{rel}","templated":true}]}}