{"id":29509,"date":"2025-07-22T09:17:42","date_gmt":"2025-07-22T07:17:42","guid":{"rendered":"https:\/\/www.botek.de\/?page_id=29509"},"modified":"2025-07-22T10:07:21","modified_gmt":"2025-07-22T08:07:21","slug":"axial-pulsator","status":"publish","type":"page","link":"https:\/\/www.botek.de\/fr\/produit\/axial-pulsator\/","title":{"rendered":"Axial-Pulsator"},"content":{"rendered":"<div class=\"fusion-fullwidth fullwidth-box fusion-builder-row-1 fusion-flex-container has-pattern-background has-mask-background nonhundred-percent-fullwidth non-hundred-percent-height-scrolling\" style=\"--awb-border-radius-top-left:0px;--awb-border-radius-top-right:0px;--awb-border-radius-bottom-right:0px;--awb-border-radius-bottom-left:0px;--awb-flex-wrap:wrap;\" ><div class=\"fusion-builder-row fusion-row fusion-flex-align-items-flex-start fusion-flex-content-wrap\" style=\"max-width:1320.8px;margin-left: calc(-4% \/ 2 );margin-right: calc(-4% \/ 2 );\"><div class=\"fusion-layout-column fusion_builder_column fusion-builder-column-0 fusion_builder_column_1_1 1_1 fusion-flex-column\" style=\"--awb-bg-size:cover;--awb-width-large:100%;--awb-margin-top-large:0px;--awb-spacing-right-large:1.92%;--awb-margin-bottom-large:20px;--awb-spacing-left-large:1.92%;--awb-width-medium:100%;--awb-order-medium:0;--awb-spacing-right-medium:1.92%;--awb-spacing-left-medium:1.92%;--awb-width-small:100%;--awb-order-small:0;--awb-spacing-right-small:1.92%;--awb-spacing-left-small:1.92%;\"><div class=\"fusion-column-wrapper fusion-column-has-shadow fusion-flex-justify-content-flex-start fusion-content-layout-column\"><div class=\"fusion-text fusion-text-1 fusion-text-no-margin\" style=\"--awb-font-size:22px;--awb-margin-bottom:50px;\"><h1><strong>Axial-Pulsator<\/strong><\/h1>\n<p>Pulsateur axial botek a d\u00e9velopp\u00e9 le pulsateur axial pour maximiser l\u2018utilisation des forets \u00e0 goujures droites et profondes, en particulier dans l\u2018acier et les mat\u00e9riaux \u00e0 copeaux longs. Toutes les caract\u00e9ristiques de qualit\u00e9 qui caract\u00e9risent le per\u00e7age avec les forets \u00e0 une ou deux l\u00e8vres \u2013 telles que la qualit\u00e9 de surface \u00e9lev\u00e9e, la ligne centrale de per\u00e7age basse et les valeurs optimales pour la rectitude et la circularit\u00e9 \u2013 peuvent \u00eatre obtenues de mani\u00e8re particuli\u00e8rement \u00e9conomique en combinaison avec le pulsateur. Et ce, avec une grande capacit\u00e9 de traitement.<\/p>\n<\/div>\n<div class=\"wpdt-c wdt-skin-light\">\n    \n    <input type=\"hidden\" id=\"wdtNonceFrontendServerSide_269\" name=\"wdtNonceFrontendServerSide_269\" value=\"27b74eb5fb\" \/><input type=\"hidden\" name=\"_wp_http_referer\" value=\"\/fr\/wp-json\/wp\/v2\/pages\/29509\" \/>    <input type=\"hidden\" id=\"table_1_desc\"\n           value='{\"tableId\":\"table_1\",\"tableType\":\"manual\",\"selector\":\"#table_1\",\"responsive\":true,\"responsiveAction\":\"icon\",\"editable\":false,\"inlineEditing\":false,\"infoBlock\":false,\"pagination_top\":0,\"pagination\":1,\"paginationAlign\":\"right\",\"paginationLayout\":\"full_numbers\",\"paginationLayoutMobile\":\"simple\",\"file_location\":\"\",\"tableSkin\":\"light\",\"table_wcag\":0,\"simple_template_id\":0,\"scrollable\":false,\"fixedLayout\":false,\"globalSearch\":false,\"showRowsPerPage\":false,\"popoverTools\":false,\"loader\":\"1\",\"showCartInformation\":1,\"hideBeforeLoad\":true,\"number_format\":1,\"decimalPlaces\":2,\"spinnerSrc\":\"https:\\\/\\\/www.botek.de\\\/wp-content\\\/plugins\\\/wpdatatables\\\/assets\\\/\\\/img\\\/spinner.gif\",\"index_column\":0,\"groupingEnabled\":false,\"tableWpId\":269,\"dataTableParams\":{\"sDom\":\"BT\\u003C\\u0027clear\\u0027\\u003Etp\",\"bSortCellsTop\":false,\"bFilter\":true,\"bPaginate\":true,\"sPaginationType\":\"full_numbers\",\"aLengthMenu\":[[1,5,10,25,50,100,-1],[1,5,10,25,50,100,\"Tout\"]],\"iDisplayLength\":-1,\"columnDefs\":[{\"sType\":\"formatted-num\",\"wdtType\":\"int\",\"bVisible\":false,\"orderable\":true,\"searchable\":true,\"InputType\":\"text\",\"name\":\"wdt_ID\",\"origHeader\":\"wdt_ID\",\"notNull\":false,\"conditionalFormattingRules\":[],\"transformValueRules\":\"\",\"className\":\"numdata integer  column-wdt_id\",\"aTargets\":[0]},{\"sType\":\"string\",\"wdtType\":\"icon\",\"bVisible\":true,\"orderable\":true,\"searchable\":true,\"InputType\":\"attachment\",\"name\":\"bild\",\"origHeader\":\"bild\",\"notNull\":false,\"conditionalFormattingRules\":[],\"transformValueRules\":\"\",\"className\":\" column-bild\",\"aTargets\":[1]},{\"sType\":\"string\",\"wdtType\":\"string\",\"bVisible\":true,\"orderable\":true,\"searchable\":true,\"InputType\":\"text\",\"name\":\"vonbis\",\"origHeader\":\"vonbis\",\"notNull\":false,\"conditionalFormattingRules\":[],\"transformValueRules\":\"\",\"className\":\" column-vonbis\",\"aTargets\":[2]},{\"sType\":\"string\",\"wdtType\":\"string\",\"bVisible\":true,\"orderable\":true,\"searchable\":true,\"InputType\":\"link\",\"name\":\"artikelnummer\",\"origHeader\":\"artikelnummer\",\"notNull\":false,\"conditionalFormattingRules\":[],\"transformValueRules\":\"\",\"className\":\" column-artikelnummer\",\"aTargets\":[3]}],\"bAutoWidth\":false,\"order\":[[0,\"asc\"]],\"ordering\":false,\"fixedHeader\":{\"header\":false,\"headerOffset\":0},\"fixedColumns\":false,\"oLanguage\":{\"sProcessing\":\"Bitte warten...\",\"sLengthMenu\":\"_MENU_ Eintr\\u00e4ge anzeigen\",\"sZeroRecords\":\"Keine Eintr\\u00e4ge vorhanden.\",\"sInfo\":\"_START_ bis _END_ von _TOTAL_ Eintr\\u00e4gen\",\"sInfoEmpty\":\"0 bis 0 von 0 Eintr\\u00e4gen\",\"sInfoFiltered\":\"(gefiltert von _MAX_  Eintr\\u00e4gen)\",\"sInfoPostFix\":\"\",\"sSearch\":\"Suchen\",\"sSearchPlaceholder\":\"\",\"sUrl\":\"\",\"oPaginate\":{\"sFirst\":\"Erster\",\"sPrevious\":\"Zur\\u00fcck\",\"sNext\":\"N\\u00e4chster\",\"sLast\":\"Letzter\"}},\"buttons\":[],\"bProcessing\":false,\"serverSide\":true,\"ajax\":{\"url\":\"https:\\\/\\\/www.botek.de\\\/wp-admin\\\/admin-ajax.php?action=get_wdtable&table_id=269\",\"type\":\"POST\"},\"oSearch\":{\"bSmart\":false,\"bRegex\":false,\"sSearch\":\"\"}},\"customRowDisplay\":\"\",\"tabletWidth\":\"1260\",\"mobileWidth\":\"780\",\"renderFilter\":\"footer\",\"advancedFilterEnabled\":false,\"serverSide\":true,\"autoRefreshInterval\":0,\"processing\":true,\"fnServerData\":true,\"columnsFixed\":0,\"sumFunctionsLabel\":\"\",\"avgFunctionsLabel\":\"\",\"minFunctionsLabel\":\"\",\"maxFunctionsLabel\":\"SuperAdministrator\",\"columnsDecimalPlaces\":{\"wdt_ID\":-1,\"bild\":-1,\"vonbis\":-1,\"artikelnummer\":-1},\"columnsThousandsSeparator\":{\"wdt_ID\":0},\"sumColumns\":[],\"avgColumns\":[],\"sumAvgColumns\":[],\"timeFormat\":\"H:i\",\"datepickFormat\":\"mm.dd.yy\"}'\/>\n\n    <table id=\"table_1\"\n           class=\"  responsive display nowrap wdt-no-display data-t data-t wpDataTable wpDataTableID-269 \"\n           style=\"display: none; \"\n           data-described-by='table_1_desc'\n           data-wpdatatable_id=\"269\">\n        \n        <!-- Table header -->\n        \n<thead>\n<tr>\n                    <th\n                        class=\" wdtheader sort numdata integer \"\n        style=\"\">        wdt_ID<\/th>        <th\n        data-class=\"expand\"                class=\" wdtheader sort \"\n        style=\"\">        Image<\/th>        <th\n                        class=\" wdtheader sort \"\n        style=\"\">        Diam\u00e8tre de per\u00e7age<\/th>        <th\n                        class=\" wdtheader sort \"\n        style=\"\">        Actions<\/th>    <\/tr>\n<\/thead>\n        <!-- \/Table header -->\n\n        <!-- Table body -->\n        \n<tbody>\n<!-- Table body -->\n<div data-id=\"269\"\n     class=\"wdt-timeline-item wdt-timeline-table_1\"\n     style=\"\">\n    <div class=\"wdt-table-loader\">\n        <div class=\"wdt-table-loader-row wdt-table-loader-header\">\n            <div class=\"wdt-table-loader-header-cell wdt-animated-background\"><\/div>\n            <div class=\"wdt-table-loader-header-cell wdt-animated-background\"><\/div>\n            <div class=\"wdt-table-loader-header-cell wdt-animated-background\"><\/div>\n        <\/div>\n                    <div class=\"wdt-table-loader-row\">\n                <div class=\"wdt-table-loader-cell wdt-animated-background\"><\/div>\n                <div class=\"wdt-table-loader-cell wdt-animated-background\"><\/div>\n                <div class=\"wdt-table-loader-cell wdt-animated-background\"><\/div>\n            <\/div>\n                    <div class=\"wdt-table-loader-row\">\n                <div class=\"wdt-table-loader-cell wdt-animated-background\"><\/div>\n                <div class=\"wdt-table-loader-cell wdt-animated-background\"><\/div>\n                <div class=\"wdt-table-loader-cell wdt-animated-background\"><\/div>\n            <\/div>\n                    <div class=\"wdt-table-loader-row\">\n                <div class=\"wdt-table-loader-cell wdt-animated-background\"><\/div>\n                <div class=\"wdt-table-loader-cell wdt-animated-background\"><\/div>\n                <div class=\"wdt-table-loader-cell wdt-animated-background\"><\/div>\n            <\/div>\n            <\/div>\n<\/div><!-- \/Table body -->\n                    <tr id=\"table_269_row_0\"\n            data-row-index=\"0\">\n                            <td style=\"\">1<\/td>\n                            <td style=\"\"><img src='https:\/\/www.botek.de\/wp-content\/uploads\/2025\/07\/Axial_Pulsator_klein_schatten_200.jpg' alt='Axial_Pulsator_klein_schatten_200.jpg'\/><\/td>\n                            <td style=\"\">jusqu\u2019\u00e0 4,0 mm\t<\/td>\n                            <td style=\"\"><a href=\"https:\/\/www.botek.de\/wp-content\/uploads\/2019\/05\/Flyer_Pulsator_ENGLISCH_33-2007-1.pdf\"><button>Catalogue<\/button><\/a><br>\n<a href=\"https:\/\/www.botek.de\/fr\/boutique\/presentation-du-produit\/axial-pulsator\/\"><button>Boutique<\/button><\/a><\/td>\n                    <\/tr>\n                            <tr id=\"table_269_row_1\"\n            data-row-index=\"1\">\n                            <td style=\"\">8<\/td>\n                            <td style=\"\"><img src='https:\/\/www.botek.de\/wp-content\/uploads\/2025\/07\/Axial_Pulsator_gross_schatten_200.jpg' alt='Axial_Pulsator_gross_schatten_200.jpg'\/><\/td>\n                            <td style=\"\">4,0 mm \u00e0 12,0 mm\t<\/td>\n                            <td style=\"\"><a href=\"https:\/\/www.botek.de\/wp-content\/uploads\/2019\/05\/Flyer_Pulsator_ENGLISCH_33-2007-1.pdf\"><button>Catalogue<\/button><\/a><br>\n<a href=\"https:\/\/www.botek.de\/fr\/boutique\/presentation-du-produit\/axial-pulsator\/\"><button>Boutique<\/button><\/a><\/td>\n                    <\/tr>\n            <\/tbody>        <!-- \/Table body -->\n\n        <!-- Table footer -->\n        \n        <!-- \/Table footer -->\n    <\/table>\n\n<\/div><style>\n.columnValue {\n    display:block;\n    white-space: normal;\n}\n.columnValue > img {\n    width: 80%;\n}\n\n.row-detail > td > ul {\n    padding: 0 0 20px 10px;\n}\n\n.wpDataTable img {\n    max-width: 250px;\n}\n.wpDataTable .table-image {\n    min-width: 250px;\n}\n\na > button {\n    padding: 5px 0;\n    max-width: 220px !important;\n    height: auto !important;\n    margin: 5px 0 !important;\n}\n\n@media screen and (max-width:500px) {\n    .wpDataTables {\n        width: 110%;\n        margin-left: -5%;\n    }\n}table.wpDataTable td.numdata { text-align: right !important; }\n<\/style>\n<style>\n                    \n                \/* odd rows background color *\/\n    .wpdt-c.wpDataTablesWrapper table.wpdtSimpleTable tr.odd td,\n    .wpdt-c .wpDataTablesWrapper table.wpDataTable tr.odd td {\n        background-color: #ffffff !important;\n    }\n\n            \/* even rows background color *\/\n    .wpdt-c.wpDataTablesWrapper table.wpdtSimpleTable tr.even td,\n    .wpdt-c .wpDataTablesWrapper table.wpDataTable tr.even td,\n    .wpdt-c .wpDataTablesWrapper table.has-columns-hidden tr.row-detail > td {\n        background-color: #ffffff !important;\n    }\n\n                    \/* rows hover background color *\/\n    .wpdt-c.wpDataTablesWrapper table.wpdtSimpleTable tr.odd:hover > td,\n    .wpdt-c .wpDataTablesWrapper table.wpDataTable tr.odd:hover > td,\n    .wpdt-c .wpDataTablesWrapper table.wpDataTable tr.odd:hover > td.sorting_1,\n    .wpdt-c .wpDataTablesWrapper table.wpDataTable tr.even:hover > td,\n    .wpdt-c.wpDataTablesWrapper table.wpdtSimpleTable tr.even:hover > td,\n    .wpdt-c .wpDataTablesWrapper table.wpDataTable tr.even:hover > td.sorting_1 {\n        background-color: #ffffff !important;\n    }\n\n            \/* selected rows background color *\/\n    .wpdt-c .wpDataTablesWrapper table.wpDataTable tr.odd.selected > td,\n    .wpdt-c .wpDataTablesWrapper table.wpDataTable tr.odd.selected > td.sorting_1,\n    .wpdt-c .wpDataTablesWrapper table.wpDataTable tr.even.selected > td,\n    .wpdt-c .wpDataTablesWrapper table.wpDataTable tr.even.selected > td.sorting_1 {\n        background-color: #ffffff !important;\n    }\n\n                                                                    \n                <\/style>\n<style>\n<\/style>\n<style>\n                            \n                                        \n                    \n<\/style>\n<\/div><\/div><\/div><\/div>\n","protected":false},"excerpt":{"rendered":"","protected":false},"author":1,"featured_media":0,"parent":774,"menu_order":0,"comment_status":"closed","ping_status":"closed","template":"","meta":{"footnotes":""},"class_list":["post-29509","page","type-page","status-publish","hentry"],"_links":{"self":[{"href":"https:\/\/www.botek.de\/fr\/wp-json\/wp\/v2\/pages\/29509","targetHints":{"allow":["GET"]}}],"collection":[{"href":"https:\/\/www.botek.de\/fr\/wp-json\/wp\/v2\/pages"}],"about":[{"href":"https:\/\/www.botek.de\/fr\/wp-json\/wp\/v2\/types\/page"}],"author":[{"embeddable":true,"href":"https:\/\/www.botek.de\/fr\/wp-json\/wp\/v2\/users\/1"}],"replies":[{"embeddable":true,"href":"https:\/\/www.botek.de\/fr\/wp-json\/wp\/v2\/comments?post=29509"}],"version-history":[{"count":3,"href":"https:\/\/www.botek.de\/fr\/wp-json\/wp\/v2\/pages\/29509\/revisions"}],"predecessor-version":[{"id":29521,"href":"https:\/\/www.botek.de\/fr\/wp-json\/wp\/v2\/pages\/29509\/revisions\/29521"}],"up":[{"embeddable":true,"href":"https:\/\/www.botek.de\/fr\/wp-json\/wp\/v2\/pages\/774"}],"wp:attachment":[{"href":"https:\/\/www.botek.de\/fr\/wp-json\/wp\/v2\/media?parent=29509"}],"curies":[{"name":"wp","href":"https:\/\/api.w.org\/{rel}","templated":true}]}}