{"id":17410,"date":"2022-07-27T09:36:04","date_gmt":"2022-07-27T07:36:04","guid":{"rendered":"https:\/\/www.botek.de\/?page_id=17410"},"modified":"2026-02-09T10:37:17","modified_gmt":"2026-02-09T09:37:17","slug":"conformite","status":"publish","type":"page","link":"https:\/\/www.botek.de\/fr\/entreprise\/conformite\/","title":{"rendered":"Conformit\u00e9\/ Whistleblowing"},"content":{"rendered":"<div class=\"fusion-fullwidth fullwidth-box fusion-builder-row-1 fusion-flex-container nonhundred-percent-fullwidth non-hundred-percent-height-scrolling\" style=\"--awb-border-radius-top-left:0px;--awb-border-radius-top-right:0px;--awb-border-radius-bottom-right:0px;--awb-border-radius-bottom-left:0px;--awb-flex-wrap:wrap;\" ><div class=\"fusion-builder-row fusion-row fusion-flex-align-items-flex-start fusion-flex-content-wrap\" style=\"max-width:1320.8px;margin-left: calc(-4% \/ 2 );margin-right: calc(-4% \/ 2 );\"><div class=\"fusion-layout-column fusion_builder_column fusion-builder-column-0 fusion_builder_column_1_1 1_1 fusion-flex-column\" style=\"--awb-bg-size:cover;--awb-width-large:100%;--awb-margin-top-large:0px;--awb-spacing-right-large:1.92%;--awb-margin-bottom-large:20px;--awb-spacing-left-large:1.92%;--awb-width-medium:100%;--awb-order-medium:0;--awb-spacing-right-medium:1.92%;--awb-spacing-left-medium:1.92%;--awb-width-small:100%;--awb-order-small:0;--awb-spacing-right-small:1.92%;--awb-spacing-left-small:1.92%;\"><div class=\"fusion-column-wrapper fusion-column-has-shadow fusion-flex-justify-content-flex-start fusion-content-layout-column\"><div class=\"fusion-title title fusion-title-1 fusion-sep-none fusion-title-text fusion-title-size-one\" style=\"--awb-margin-top-small:0px;--awb-margin-right-small:0px;--awb-margin-bottom-small:20px;--awb-margin-left-small:0px;\"><h1 class=\"fusion-title-heading title-heading-left fusion-responsive-typography-calculated\" style=\"margin:0;--fontSize:36;line-height:1.4;\"><h1><strong>Conformit\u00e9\/ Les directive de botek :<\/strong><\/h1><\/h1><\/div><div class=\"fusion-text fusion-text-1\" style=\"--awb-font-size:22px;--awb-text-color:#444444;\"><p>La soci\u00e9t\u00e9 botek Pr\u00e4zisionsbohrtechnik GmbH s&#8217;engage \u00e0 mener ses activit\u00e9s de mani\u00e8re \u00e9cologiquement et socialement responsable.<\/p>\n<p>Les directives de botek sont une promesse de relations respectueuses au sein de l&#8217;entreprise et une promesse vers l&#8217;ext\u00e9rieur d&#8217;une action responsable envers nos partenaires commerciaux et le public.<\/p>\n<p>Nous attendons \u00e9galement de nos fournisseurs, prestataires de services et autres parties int\u00e9ress\u00e9es ainsi que de leurs collaborateurs qu&#8217;ils agissent de mani\u00e8re responsable et respectent les principes \u00e9nonc\u00e9s. Nous nous effor\u00e7ons en outre d&#8217;optimiser en permanence notre action entrepreneuriale et nos produits dans le sens de la durabilit\u00e9 et demandons \u00e0 nos fournisseurs d&#8217;y contribuer dans le sens d&#8217;une approche globale.<\/p>\n<p>Si vous souhaitez signaler une infraction \u00e0 la loi ou si vous avez d\u00e9couvert un risque de conformit\u00e9 susceptible d&#8217;entra\u00eener une infraction \u00e0 la loi, veuillez vous adresser \u00e0 notre responsable de la conformit\u00e9 ou signaler l&#8217;incident via le syst\u00e8me d&#8217;alerte.<\/p>\n<\/div><div class=\"fusion-text fusion-text-2\" style=\"--awb-font-size:22px;--awb-text-color:#444444;--awb-margin-top:30px;\"><p><strong>Responsable de la conformit\u00e9:<\/strong><\/p>\n<p>Mr. Oliver Baisch<br \/>\nEmail: <a href=\"mailto:compliance-officer@botek.de\">compliance-officer@botek.de<\/a><br \/>\nP: +49 7123 3808-147<\/p>\n<\/div><div class=\"fusion-text fusion-text-3\" style=\"--awb-font-size:22px;--awb-text-color:#444444;--awb-margin-top:30px;\"><p><strong>Syst\u00e8me d&#8217;alerte :<\/strong><\/p>\n<p>La mise en place d&#8217;un syst\u00e8me d&#8217;alerte constitue un \u00e9l\u00e9ment essentiel de notre processus de gestion de la conformit\u00e9. Ce syst\u00e8me permet une communication s\u00e9curis\u00e9e entre le lanceur d&#8217;alerte et le portail d&#8217;alerte externe.<\/p>\n<p>Chaque lanceur d&#8217;alerte est libre de d\u00e9cider s&#8217;il souhaite signaler un fait en son nom propre ou de mani\u00e8re anonyme.<\/p>\n<p>Tous les collaborateurs, ainsi que nos partenaires commerciaux et les parties prenantes externes, ont la possibilit\u00e9 de signaler des violations \u00e0 l&#8217;adresse suivante :<\/p>\n<p><strong>Canaux de signalement par t\u00e9l\u00e9phone :<\/strong><\/p>\n<p>Du lundi au vendredi : de 9 h \u00e0 17 h (CET)<br \/>\nDepuis l&#8217;Allemagne : +49 800 3800 999<br \/>\nDepuis l&#8217;\u00e9tranger : +49 69 99998839<\/p>\n<p><strong>Portail de signalement :<\/strong> les lanceurs d&#8217;alerte peuvent signaler <strong>un cas via ce lien.<br \/>\n<\/strong><a href=\"https:\/\/app.whistle-report.com\/report\/81ea409b-5d40-474c-b9a0-aff2f624dda5\" target=\"_blank\" rel=\"noopener\">https:\/\/app.whistle-report.com\/report\/81ea409b-5d40-474c-b9a0-aff2f624dda5<\/a><\/p>\n<p><strong>Code QR :<\/strong><\/p>\n<\/div><div class=\"fusion-image-element \" style=\"--awb-caption-title-font-family:var(--h2_typography-font-family);--awb-caption-title-font-weight:var(--h2_typography-font-weight);--awb-caption-title-font-style:var(--h2_typography-font-style);--awb-caption-title-size:var(--h2_typography-font-size);--awb-caption-title-transform:var(--h2_typography-text-transform);--awb-caption-title-line-height:var(--h2_typography-line-height);--awb-caption-title-letter-spacing:var(--h2_typography-letter-spacing);\"><span class=\" fusion-imageframe imageframe-none imageframe-1 hover-type-none\"><img loading=\"lazy\" decoding=\"async\" width=\"273\" height=\"273\" title=\"qr-compliance\" src=\"https:\/\/www.botek.de\/wp-content\/uploads\/2026\/02\/qr-compliance.jpg\" alt class=\"img-responsive wp-image-31332\" srcset=\"https:\/\/www.botek.de\/wp-content\/uploads\/2026\/02\/qr-compliance-200x200.jpg 200w, https:\/\/www.botek.de\/wp-content\/uploads\/2026\/02\/qr-compliance.jpg 273w\" sizes=\"auto, (max-width: 1024px) 100vw, (max-width: 640px) 100vw, 273px\" \/><\/span><\/div><\/div><\/div><\/div><\/div>\n","protected":false},"excerpt":{"rendered":"","protected":false},"author":1,"featured_media":0,"parent":823,"menu_order":0,"comment_status":"closed","ping_status":"closed","template":"","meta":{"footnotes":""},"class_list":["post-17410","page","type-page","status-publish","hentry"],"_links":{"self":[{"href":"https:\/\/www.botek.de\/fr\/wp-json\/wp\/v2\/pages\/17410","targetHints":{"allow":["GET"]}}],"collection":[{"href":"https:\/\/www.botek.de\/fr\/wp-json\/wp\/v2\/pages"}],"about":[{"href":"https:\/\/www.botek.de\/fr\/wp-json\/wp\/v2\/types\/page"}],"author":[{"embeddable":true,"href":"https:\/\/www.botek.de\/fr\/wp-json\/wp\/v2\/users\/1"}],"replies":[{"embeddable":true,"href":"https:\/\/www.botek.de\/fr\/wp-json\/wp\/v2\/comments?post=17410"}],"version-history":[{"count":3,"href":"https:\/\/www.botek.de\/fr\/wp-json\/wp\/v2\/pages\/17410\/revisions"}],"predecessor-version":[{"id":31338,"href":"https:\/\/www.botek.de\/fr\/wp-json\/wp\/v2\/pages\/17410\/revisions\/31338"}],"up":[{"embeddable":true,"href":"https:\/\/www.botek.de\/fr\/wp-json\/wp\/v2\/pages\/823"}],"wp:attachment":[{"href":"https:\/\/www.botek.de\/fr\/wp-json\/wp\/v2\/media?parent=17410"}],"curies":[{"name":"wp","href":"https:\/\/api.w.org\/{rel}","templated":true}]}}