{"id":3419,"date":"2019-06-27T16:00:49","date_gmt":"2019-06-27T14:00:49","guid":{"rendered":"https:\/\/www.botek.de\/?page_id=3419"},"modified":"2023-02-27T13:49:32","modified_gmt":"2023-02-27T12:49:32","slug":"produktfinder","status":"publish","type":"page","link":"https:\/\/www.botek.de\/en\/online-shop\/produktfinder\/","title":{"rendered":"Product finder"},"content":{"rendered":"<div class=\"fusion-fullwidth fullwidth-box fusion-builder-row-1 nonhundred-percent-fullwidth non-hundred-percent-height-scrolling\" style=\"--awb-border-radius-top-left:0px;--awb-border-radius-top-right:0px;--awb-border-radius-bottom-right:0px;--awb-border-radius-bottom-left:0px;--awb-flex-wrap:wrap;\" ><div class=\"fusion-builder-row fusion-row\"><div class=\"fusion-layout-column fusion_builder_column fusion-builder-column-0 fusion_builder_column_1_1 1_1 fusion-one-full fusion-column-first fusion-column-last\" style=\"--awb-bg-size:cover;\"><div class=\"fusion-column-wrapper fusion-column-has-shadow fusion-flex-column-wrapper-legacy\"><div class=\"fusion-text fusion-text-1\" style=\"--awb-font-size:22px;--awb-text-color:#444444;\"><h1><strong>Product finder<\/strong><\/h1>\n<p>With our product finder you can find the right drill for your individual drilling task with just a few clicks based on your requirements.<\/p>\n<\/div><div class=\"fusion-text fusion-text-2\"><p>\n\n<div class=\"woof_step  woof_step_filter_2\" data-filter_type=\"2\"  data-autosubmit=\"0\" data-hide=\"0\">\n    \n\n\n\n            <div class=\"woof \"  data-shortcode=\"woof ajax_redraw='1' autosubmit='0' by_only='pa_durchmesser' by_step='pa_werkstoff,pa_durchmesser,pa_bohrtiefe,pa_fertigung,pa_vorschub,pa_bohrungsqualitaet' \" data-redirect=\"\" data-autosubmit=\"0\" data-ajax-redraw=\"1\">\n\n\n                <!--- here is possible drop html code which is never redraws by AJAX ---->\n\n                <div class=\"woof_redraw_zone\" data-woof-ver=\"2.2.2.1\">\n    \n\n    \t\t<div data-css-class=\"woof_container_pa_werkstoff\" class=\"woof_container woof_container_checkbox woof_container_pa_werkstoff woof_container_0 woof_container_produktwerkstoffauswhlen\">\n\t    <div class=\"woof_container_overlay_item\"><\/div>\n\t    <div class=\"woof_container_inner woof_container_inner_produktwerkstoffauswhlen\">\n\t\t\t    \t<h4>\n                            Produkt Werkstoff ausw\u00e4hlen                                                                                <\/h4>\n\t\t\t    \t\t\t<div class=\"woof_block_html_items\" >\n\t\t\t<ul class=\"woof_list woof_list_checkbox\">\n                            \n\n\n            <li class=\"woof_term_6330 \" style=\"display: inline-block !important;\"><input type=\"checkbox\"  id=\"woof_6330_69d18094b61cb\" class=\"woof_checkbox_term woof_checkbox_term_6330\" data-tax=\"pa_werkstoff\" name=\"steel\" data-term-id=\"6330\" value=\"6330\"  \/><label class=\"woof_checkbox_label \" for=\"woof_6330_69d18094b61cb\">Steel<\/label>\n                                <input type=\"hidden\" value=\"Steel\" data-anchor=\"woof_n_pa_werkstoff_steel\" \/>\n\n            <\/li>\n\n\n                        \n\n\n            <li class=\"woof_term_6332 \" style=\"display: inline-block !important;\"><input type=\"checkbox\"  id=\"woof_6332_69d18094b61d2\" class=\"woof_checkbox_term woof_checkbox_term_6332\" data-tax=\"pa_werkstoff\" name=\"cast-iron\" data-term-id=\"6332\" value=\"6332\"  \/><label class=\"woof_checkbox_label \" for=\"woof_6332_69d18094b61d2\">Cast iron<\/label>\n                                <input type=\"hidden\" value=\"Cast iron\" data-anchor=\"woof_n_pa_werkstoff_cast-iron\" \/>\n\n            <\/li>\n\n\n                        \n\n\n            <li class=\"woof_term_6334 \" style=\"display: inline-block !important;\"><input type=\"checkbox\"  id=\"woof_6334_69d18094b61d4\" class=\"woof_checkbox_term woof_checkbox_term_6334\" data-tax=\"pa_werkstoff\" name=\"non-ferrous-metals\" data-term-id=\"6334\" value=\"6334\"  \/><label class=\"woof_checkbox_label \" for=\"woof_6334_69d18094b61d4\">Non-ferrous metals<\/label>\n                                <input type=\"hidden\" value=\"Non-ferrous metals\" data-anchor=\"woof_n_pa_werkstoff_non-ferrous-metals\" \/>\n\n            <\/li>\n\n\n                        \n\n\n            <li class=\"woof_term_6336 \" style=\"display: inline-block !important;\"><input type=\"checkbox\"  id=\"woof_6336_69d18094b61d6\" class=\"woof_checkbox_term woof_checkbox_term_6336\" data-tax=\"pa_werkstoff\" name=\"stainless-steel-superalloys\" data-term-id=\"6336\" value=\"6336\"  \/><label class=\"woof_checkbox_label \" for=\"woof_6336_69d18094b61d6\">Stainless steel \/ superalloys<\/label>\n                                <input type=\"hidden\" value=\"Stainless steel \/ superalloys\" data-anchor=\"woof_n_pa_werkstoff_stainless-steel-superalloys\" \/>\n\n            <\/li>\n\n\n            \n                <\/ul>\n\t\t\t<\/div>\n\t\t\t\n\t\t<input type=\"hidden\" name=\"woof_t_pa_werkstoff\" value=\"Product Werkstoff ausw\u00e4hlen\" \/><!-- for red button search nav panel -->\n\n\t    <\/div>\n\t<\/div>\n\t\t    \t<div data-css-class=\"woof_container_pa_durchmesser\" class=\"woof_container woof_container_slider woof_container_pa_durchmesser woof_container_1 woof_container_durchmesserbereichauswhlen\">\n\t    <div class=\"woof_container_overlay_item\"><\/div>\n\t    <div class=\"woof_container_inner woof_container_inner_durchmesserbereichauswhlen\">\n\t\t\t    \t<h4>\n                            Durchmesser (Bereich) ausw\u00e4hlen                                                                                <\/h4>\n\t\t\t    \n\t\t\t<div class=\"woof_block_html_items\" >\n\t\t\t            <input type=\"hidden\" value=\"1.5 mm\" data-anchor=\"woof_n_pa_durchmesser_1-5-mm\" \/>\n                <input type=\"hidden\" value=\"1.6 mm\" data-anchor=\"woof_n_pa_durchmesser_1-6-mm\" \/>\n                <input type=\"hidden\" value=\"2 mm\" data-anchor=\"woof_n_pa_durchmesser_2-mm\" \/>\n                <input type=\"hidden\" value=\"2.5 mm\" data-anchor=\"woof_n_pa_durchmesser_2-5-mm\" \/>\n                <input type=\"hidden\" value=\"3 mm\" data-anchor=\"woof_n_pa_durchmesser_3-mm\" \/>\n                <input type=\"hidden\" value=\"3.5 mm\" data-anchor=\"woof_n_pa_durchmesser_3-5-mm\" \/>\n                <input type=\"hidden\" value=\"4 mm\" data-anchor=\"woof_n_pa_durchmesser_4-mm\" \/>\n                <input type=\"hidden\" value=\"5 mm\" data-anchor=\"woof_n_pa_durchmesser_5-mm\" \/>\n                <input type=\"hidden\" value=\"6 mm\" data-anchor=\"woof_n_pa_durchmesser_6-mm\" \/>\n                <input type=\"hidden\" value=\"6.5 mm\" data-anchor=\"woof_n_pa_durchmesser_6-5-mm\" \/>\n                <input type=\"hidden\" value=\"7 mm\" data-anchor=\"woof_n_pa_durchmesser_7-mm\" \/>\n                <input type=\"hidden\" value=\"8 mm\" data-anchor=\"woof_n_pa_durchmesser_8-mm\" \/>\n                <input type=\"hidden\" value=\"8.5 mm\" data-anchor=\"woof_n_pa_durchmesser_8-5-mm\" \/>\n                <input type=\"hidden\" value=\"9 mm\" data-anchor=\"woof_n_pa_durchmesser_9-mm\" \/>\n                <input type=\"hidden\" value=\"10 mm\" data-anchor=\"woof_n_pa_durchmesser_10-mm\" \/>\n                <input type=\"hidden\" value=\"10.5 mm\" data-anchor=\"woof_n_pa_durchmesser_10-5-mm\" \/>\n                <input type=\"hidden\" value=\"11 mm\" data-anchor=\"woof_n_pa_durchmesser_11-mm\" \/>\n                <input type=\"hidden\" value=\"11.5 mm\" data-anchor=\"woof_n_pa_durchmesser_11-5-mm\" \/>\n                <input type=\"hidden\" value=\"12 mm\" data-anchor=\"woof_n_pa_durchmesser_12-mm\" \/>\n                <input type=\"hidden\" value=\"12.5 mm\" data-anchor=\"woof_n_pa_durchmesser_12-5-mm\" \/>\n                <input type=\"hidden\" value=\"12.7 mm\" data-anchor=\"woof_n_pa_durchmesser_12-7-mm\" \/>\n                <input type=\"hidden\" value=\"13 mm\" data-anchor=\"woof_n_pa_durchmesser_13-mm\" \/>\n                <input type=\"hidden\" value=\"13.5 mm\" data-anchor=\"woof_n_pa_durchmesser_13-5-mm\" \/>\n                <input type=\"hidden\" value=\"14 mm\" data-anchor=\"woof_n_pa_durchmesser_14-mm\" \/>\n                <input type=\"hidden\" value=\"14.5 mm\" data-anchor=\"woof_n_pa_durchmesser_14-5-mm\" \/>\n                <input type=\"hidden\" value=\"15 mm\" data-anchor=\"woof_n_pa_durchmesser_15-mm\" \/>\n                <input type=\"hidden\" value=\"15.5 mm\" data-anchor=\"woof_n_pa_durchmesser_15-5-mm\" \/>\n                <input type=\"hidden\" value=\"16 mm\" data-anchor=\"woof_n_pa_durchmesser_16-mm\" \/>\n                <input type=\"hidden\" value=\"16.5 mm\" data-anchor=\"woof_n_pa_durchmesser_16-5-mm\" \/>\n                <input type=\"hidden\" value=\"16.25 mm\" data-anchor=\"woof_n_pa_durchmesser_16-25-mm\" \/>\n                <input type=\"hidden\" value=\"17 mm\" data-anchor=\"woof_n_pa_durchmesser_17-mm\" \/>\n                <input type=\"hidden\" value=\"17.5 mm\" data-anchor=\"woof_n_pa_durchmesser_17-5-mm\" \/>\n                <input type=\"hidden\" value=\"18 mm\" data-anchor=\"woof_n_pa_durchmesser_18-mm\" \/>\n                <input type=\"hidden\" value=\"18.5 mm\" data-anchor=\"woof_n_pa_durchmesser_18-5-mm\" \/>\n                <input type=\"hidden\" value=\"19 mm\" data-anchor=\"woof_n_pa_durchmesser_19-mm\" \/>\n                <input type=\"hidden\" value=\"19.05 mm\" data-anchor=\"woof_n_pa_durchmesser_19-05-mm\" \/>\n                <input type=\"hidden\" value=\"19.5 mm\" data-anchor=\"woof_n_pa_durchmesser_19-5-mm\" \/>\n                <input type=\"hidden\" value=\"20 mm\" data-anchor=\"woof_n_pa_durchmesser_20-mm\" \/>\n                <input type=\"hidden\" value=\"20.5 mm\" data-anchor=\"woof_n_pa_durchmesser_20-5-mm\" \/>\n                <input type=\"hidden\" value=\"21 mm\" data-anchor=\"woof_n_pa_durchmesser_21-mm\" \/>\n                <input type=\"hidden\" value=\"22 mm\" data-anchor=\"woof_n_pa_durchmesser_22-mm\" \/>\n                <input type=\"hidden\" value=\"23 mm\" data-anchor=\"woof_n_pa_durchmesser_23-mm\" \/>\n                <input type=\"hidden\" value=\"24 mm\" data-anchor=\"woof_n_pa_durchmesser_24-mm\" \/>\n                <input type=\"hidden\" value=\"25 mm\" data-anchor=\"woof_n_pa_durchmesser_25-mm\" \/>\n                <input type=\"hidden\" value=\"25.4 mm\" data-anchor=\"woof_n_pa_durchmesser_25-4-mm\" \/>\n                <input type=\"hidden\" value=\"26 mm\" data-anchor=\"woof_n_pa_durchmesser_26-mm\" \/>\n                <input type=\"hidden\" value=\"27 mm\" data-anchor=\"woof_n_pa_durchmesser_27-mm\" \/>\n                <input type=\"hidden\" value=\"28 mm\" data-anchor=\"woof_n_pa_durchmesser_28-mm\" \/>\n                <input type=\"hidden\" value=\"29 mm\" data-anchor=\"woof_n_pa_durchmesser_29-mm\" \/>\n                <input type=\"hidden\" value=\"30 mm\" data-anchor=\"woof_n_pa_durchmesser_30-mm\" \/>\n                <input type=\"hidden\" value=\"31 mm\" data-anchor=\"woof_n_pa_durchmesser_31-mm\" \/>\n                <input type=\"hidden\" value=\"31.75 mm\" data-anchor=\"woof_n_pa_durchmesser_31-75-mm\" \/>\n                <input type=\"hidden\" value=\"32 mm\" data-anchor=\"woof_n_pa_durchmesser_32-mm\" \/>\n                <input type=\"hidden\" value=\"33 mm\" data-anchor=\"woof_n_pa_durchmesser_33-mm\" \/>\n                <input type=\"hidden\" value=\"34 mm\" data-anchor=\"woof_n_pa_durchmesser_34-mm\" \/>\n                <input type=\"hidden\" value=\"35 mm\" data-anchor=\"woof_n_pa_durchmesser_35-mm\" \/>\n                <input type=\"hidden\" value=\"38 mm\" data-anchor=\"woof_n_pa_durchmesser_38-mm\" \/>\n                <input type=\"hidden\" value=\"38.1 mm\" data-anchor=\"woof_n_pa_durchmesser_38-1-mm\" \/>\n                <input type=\"hidden\" value=\"40 mm\" data-anchor=\"woof_n_pa_durchmesser_40-mm\" \/>\n        \n    <input class=\"woof_taxrange_slider\" value='' data-grid_step=\"3n\" data-current=\"\" data-max='59' data-titles='1.5 mm,1.6 mm,2 mm,2.5 mm,3 mm,3.5 mm,4 mm,5 mm,6 mm,6.5 mm,7 mm,8 mm,8.5 mm,9 mm,10 mm,10.5 mm,11 mm,11.5 mm,12 mm,12.5 mm,12.7 mm,13 mm,13.5 mm,14 mm,14.5 mm,15 mm,15.5 mm,16 mm,16.5 mm,16.25 mm,17 mm,17.5 mm,18 mm,18.5 mm,19 mm,19.05 mm,19.5 mm,20 mm,20.5 mm,21 mm,22 mm,23 mm,24 mm,25 mm,25.4 mm,26 mm,27 mm,28 mm,29 mm,30 mm,31 mm,31.75 mm,32 mm,33 mm,34 mm,35 mm,38 mm,38.1 mm,40 mm' data-values='1-5-mm,1-6-mm,2-mm,2-5-mm,3-mm,3-5-mm,4-mm,5-mm,6-mm,6-5-mm,7-mm,8-mm,8-5-mm,9-mm,10-mm,10-5-mm,11-mm,11-5-mm,12-mm,12-5-mm,12-7-mm,13-mm,13-5-mm,14-mm,14-5-mm,15-mm,15-5-mm,16-mm,16-5-mm,16-25-mm,17-mm,17-5-mm,18-mm,18-5-mm,19-mm,19-05-mm,19-5-mm,20-mm,20-5-mm,21-mm,22-mm,23-mm,24-mm,25-mm,25-4-mm,26-mm,27-mm,28-mm,29-mm,30-mm,31-mm,31-75-mm,32-mm,33-mm,34-mm,35-mm,38-mm,38-1-mm,40-mm' data-tax=\"pa_durchmesser\" \/>\n\n\n\t\t\t<\/div>\n\t\t\t\n\t\t<input type=\"hidden\" name=\"woof_t_pa_durchmesser\" value=\"Product Durchmesser\" \/><!-- for red button search nav panel -->\n\n\t    <\/div>\n\t<\/div>\n\t\t    \t<div data-css-class=\"woof_container_pa_bohrtiefe\" class=\"woof_container woof_container_slider woof_container_pa_bohrtiefe woof_container_2 woof_container_bohrtiefebereichauswhlen\">\n\t    <div class=\"woof_container_overlay_item\"><\/div>\n\t    <div class=\"woof_container_inner woof_container_inner_bohrtiefebereichauswhlen\">\n\t\t\t    \t<h4>\n                            Bohrtiefe (Bereich) ausw\u00e4hlen                                                                                <\/h4>\n\t\t\t    \n\t\t\t<div class=\"woof_block_html_items\" >\n\t\t\t            <input type=\"hidden\" value=\"10 x \u00d8\" data-anchor=\"woof_n_pa_bohrtiefe_10-x-o\" \/>\n                <input type=\"hidden\" value=\"15 x \u00d8\" data-anchor=\"woof_n_pa_bohrtiefe_15-x-o\" \/>\n                <input type=\"hidden\" value=\"20 x \u00d8\" data-anchor=\"woof_n_pa_bohrtiefe_20-x-o\" \/>\n                <input type=\"hidden\" value=\"25 x \u00d8\" data-anchor=\"woof_n_pa_bohrtiefe_25-x-o\" \/>\n                <input type=\"hidden\" value=\"30 x \u00d8\" data-anchor=\"woof_n_pa_bohrtiefe_30-x-o\" \/>\n                <input type=\"hidden\" value=\"35 x \u00d8\" data-anchor=\"woof_n_pa_bohrtiefe_35-x-o\" \/>\n                <input type=\"hidden\" value=\"40 x \u00d8\" data-anchor=\"woof_n_pa_bohrtiefe_40-x-o\" \/>\n                <input type=\"hidden\" value=\"45 x \u00d8\" data-anchor=\"woof_n_pa_bohrtiefe_45-x-o\" \/>\n                <input type=\"hidden\" value=\"50 x \u00d8\" data-anchor=\"woof_n_pa_bohrtiefe_50-x-o\" \/>\n                <input type=\"hidden\" value=\"55 x \u00d8\" data-anchor=\"woof_n_pa_bohrtiefe_55-x-o\" \/>\n                <input type=\"hidden\" value=\"60 x \u00d8\" data-anchor=\"woof_n_pa_bohrtiefe_60-x-o\" \/>\n        \n    <input class=\"woof_taxrange_slider\" value='' data-grid_step=\"1\" data-current=\"\" data-max='11' data-titles='10 x \u00d8,15 x \u00d8,20 x \u00d8,25 x \u00d8,30 x \u00d8,35 x \u00d8,40 x \u00d8,45 x \u00d8,50 x \u00d8,55 x \u00d8,60 x \u00d8' data-values='10-x-o,15-x-o,20-x-o,25-x-o,30-x-o,35-x-o,40-x-o,45-x-o,50-x-o,55-x-o,60-x-o' data-tax=\"pa_bohrtiefe\" \/>\n\n\n\t\t\t<\/div>\n\t\t\t\n\t\t<input type=\"hidden\" name=\"woof_t_pa_bohrtiefe\" value=\"Product Bohrtiefe\" \/><!-- for red button search nav panel -->\n\n\t    <\/div>\n\t<\/div>\n\t\t    \t<div data-css-class=\"woof_container_pa_fertigung\" class=\"woof_container woof_container_checkbox woof_container_pa_fertigung woof_container_3 woof_container_fertigungsartauswhlen\">\n\t    <div class=\"woof_container_overlay_item\"><\/div>\n\t    <div class=\"woof_container_inner woof_container_inner_fertigungsartauswhlen\">\n\t\t\t    \t<h4>\n                            Fertigungsart ausw\u00e4hlen                                                                                <\/h4>\n\t\t\t    \t\t\t<div class=\"woof_block_html_items\" >\n\t\t\t<ul class=\"woof_list woof_list_checkbox\">\n                            \n\n\n            <li class=\"woof_term_6320 \" style=\"display: inline-block !important;\"><input type=\"checkbox\"  id=\"woof_6320_69d18094b63db\" class=\"woof_checkbox_term woof_checkbox_term_6320\" data-tax=\"pa_fertigung\" name=\"single-item-production\" data-term-id=\"6320\" value=\"6320\"  \/><label class=\"woof_checkbox_label \" for=\"woof_6320_69d18094b63db\">Single-item production<\/label>\n                                <input type=\"hidden\" value=\"Single-item production\" data-anchor=\"woof_n_pa_fertigung_single-item-production\" \/>\n\n            <\/li>\n\n\n                        \n\n\n            <li class=\"woof_term_6322 \" style=\"display: inline-block !important;\"><input type=\"checkbox\"  id=\"woof_6322_69d18094b63e0\" class=\"woof_checkbox_term woof_checkbox_term_6322\" data-tax=\"pa_fertigung\" name=\"series-production\" data-term-id=\"6322\" value=\"6322\"  \/><label class=\"woof_checkbox_label \" for=\"woof_6322_69d18094b63e0\">Series production<\/label>\n                                <input type=\"hidden\" value=\"Series production\" data-anchor=\"woof_n_pa_fertigung_series-production\" \/>\n\n            <\/li>\n\n\n            \n                <\/ul>\n\t\t\t<\/div>\n\t\t\t\n\t\t<input type=\"hidden\" name=\"woof_t_pa_fertigung\" value=\"Product Fertigung\" \/><!-- for red button search nav panel -->\n\n\t    <\/div>\n\t<\/div>\n\t\t    \t<div data-css-class=\"woof_container_pa_vorschub\" class=\"woof_container woof_container_checkbox woof_container_pa_vorschub woof_container_4 woof_container_vorschubauswhlen\">\n\t    <div class=\"woof_container_overlay_item\"><\/div>\n\t    <div class=\"woof_container_inner woof_container_inner_vorschubauswhlen\">\n\t\t\t    \t<h4>\n                            Vorschub ausw\u00e4hlen                                                                                <\/h4>\n\t\t\t    \t\t\t<div class=\"woof_block_html_items\" >\n\t\t\t<ul class=\"woof_list woof_list_checkbox\">\n                            \n\n\n            <li class=\"woof_term_6324 \" style=\"display: inline-block !important;\"><input type=\"checkbox\"  id=\"woof_6324_69d18094b64aa\" class=\"woof_checkbox_term woof_checkbox_term_6324\" data-tax=\"pa_vorschub\" name=\"normal\" data-term-id=\"6324\" value=\"6324\"  \/><label class=\"woof_checkbox_label \" for=\"woof_6324_69d18094b64aa\">Normal<\/label>\n                                <input type=\"hidden\" value=\"Normal\" data-anchor=\"woof_n_pa_vorschub_normal\" \/>\n\n            <\/li>\n\n\n                        \n\n\n            <li class=\"woof_term_6326 \" style=\"display: inline-block !important;\"><input type=\"checkbox\"  id=\"woof_6326_69d18094b64ae\" class=\"woof_checkbox_term woof_checkbox_term_6326\" data-tax=\"pa_vorschub\" name=\"high\" data-term-id=\"6326\" value=\"6326\"  \/><label class=\"woof_checkbox_label \" for=\"woof_6326_69d18094b64ae\">High<\/label>\n                                <input type=\"hidden\" value=\"High\" data-anchor=\"woof_n_pa_vorschub_high\" \/>\n\n            <\/li>\n\n\n                        \n\n\n            <li class=\"woof_term_6328 \" style=\"display: inline-block !important;\"><input type=\"checkbox\"  id=\"woof_6328_69d18094b64af\" class=\"woof_checkbox_term woof_checkbox_term_6328\" data-tax=\"pa_vorschub\" name=\"very-high\" data-term-id=\"6328\" value=\"6328\"  \/><label class=\"woof_checkbox_label \" for=\"woof_6328_69d18094b64af\">Very high<\/label>\n                                <input type=\"hidden\" value=\"Very high\" data-anchor=\"woof_n_pa_vorschub_very-high\" \/>\n\n            <\/li>\n\n\n            \n                <\/ul>\n\t\t\t<\/div>\n\t\t\t\n\t\t<input type=\"hidden\" name=\"woof_t_pa_vorschub\" value=\"Product Vorschub\" \/><!-- for red button search nav panel -->\n\n\t    <\/div>\n\t<\/div>\n\t\t    \t<div data-css-class=\"woof_container_pa_bohrungsqualitaet\" class=\"woof_container woof_container_checkbox woof_container_pa_bohrungsqualitaet woof_container_5 woof_container_bohrungsqualittauswhlen\">\n\t    <div class=\"woof_container_overlay_item\"><\/div>\n\t    <div class=\"woof_container_inner woof_container_inner_bohrungsqualittauswhlen\">\n\t\t\t    \t<h4>\n                            Bohrungsqualit\u00e4t ausw\u00e4hlen                                                                                <\/h4>\n\t\t\t    \t\t\t<div class=\"woof_block_html_items\" >\n\t\t\t<ul class=\"woof_list woof_list_checkbox\">\n                            \n\n\n            <li class=\"woof_term_6178 \" style=\"display: inline-block !important;\"><input type=\"checkbox\"  id=\"woof_6178_69d18094b6563\" class=\"woof_checkbox_term woof_checkbox_term_6178\" data-tax=\"pa_bohrungsqualitaet\" name=\"normal\" data-term-id=\"6178\" value=\"6178\"  \/><label class=\"woof_checkbox_label \" for=\"woof_6178_69d18094b6563\">Normal<\/label>\n                                <input type=\"hidden\" value=\"Normal\" data-anchor=\"woof_n_pa_bohrungsqualitaet_normal\" \/>\n\n            <\/li>\n\n\n                        \n\n\n            <li class=\"woof_term_6180 \" style=\"display: inline-block !important;\"><input type=\"checkbox\"  id=\"woof_6180_69d18094b6566\" class=\"woof_checkbox_term woof_checkbox_term_6180\" data-tax=\"pa_bohrungsqualitaet\" name=\"high\" data-term-id=\"6180\" value=\"6180\"  \/><label class=\"woof_checkbox_label \" for=\"woof_6180_69d18094b6566\">High<\/label>\n                                <input type=\"hidden\" value=\"High\" data-anchor=\"woof_n_pa_bohrungsqualitaet_high\" \/>\n\n            <\/li>\n\n\n            \n                <\/ul>\n\t\t\t<\/div>\n\t\t\t\n\t\t<input type=\"hidden\" name=\"woof_t_pa_bohrungsqualitaet\" value=\"Product Bohrungsqualit\u00e4t\" \/><!-- for red button search nav panel -->\n\n\t    <\/div>\n\t<\/div>\n\t\t    \n\n                            <div class=\"woof_submit_search_form_container\">\n\n            \n                                                <button style=\"float: left;\" class=\"button woof_submit_search_form\">Ausw\u00e4hlen<\/button>\n            \n        <\/div>            \n            \n\t\t    \n\n\n                <\/div>\n\n            <\/div>\n\n\n\n\t\t        <div class=\"woof_step_next_back_btn\">\n        <button  class=\"button woof_step_filter_prev\">Back<\/button>&nbsp;<button  class=\"button woof_reset_search_form\" data-link=\"\">Zur\u00fccksetzen<\/button>       \n        <button style=\"float: right;\" class=\"button woof_step_filter_next\">Next<\/button>\n    <\/div>\n<\/div>\n\n \n                    \n                <div class=\"woocommerce columns-4 woocommerce-page woof_shortcode_output\">\n\n                            <\/div>\n\n\n            \n                            <\/p>\n<\/div><div class=\"fusion-clearfix\"><\/div><\/div><\/div><\/div><\/div>\n","protected":false},"excerpt":{"rendered":"","protected":false},"author":1,"featured_media":0,"parent":3454,"menu_order":0,"comment_status":"closed","ping_status":"closed","template":"","meta":{"footnotes":""},"class_list":{"0":"post-3419","1":"page","2":"type-page","3":"status-publish","4":"hentry","5":"product","6":"type-product","8":"has-post-thumbnail","9":"post-29475"},"_links":{"self":[{"href":"https:\/\/www.botek.de\/en\/wp-json\/wp\/v2\/pages\/3419","targetHints":{"allow":["GET"]}}],"collection":[{"href":"https:\/\/www.botek.de\/en\/wp-json\/wp\/v2\/pages"}],"about":[{"href":"https:\/\/www.botek.de\/en\/wp-json\/wp\/v2\/types\/page"}],"author":[{"embeddable":true,"href":"https:\/\/www.botek.de\/en\/wp-json\/wp\/v2\/users\/1"}],"replies":[{"embeddable":true,"href":"https:\/\/www.botek.de\/en\/wp-json\/wp\/v2\/comments?post=3419"}],"version-history":[{"count":0,"href":"https:\/\/www.botek.de\/en\/wp-json\/wp\/v2\/pages\/3419\/revisions"}],"up":[{"embeddable":true,"href":"https:\/\/www.botek.de\/en\/wp-json\/wp\/v2\/pages\/3454"}],"wp:attachment":[{"href":"https:\/\/www.botek.de\/en\/wp-json\/wp\/v2\/media?parent=3419"}],"curies":[{"name":"wp","href":"https:\/\/api.w.org\/{rel}","templated":true}]}}