{"id":16925,"date":"2023-03-27T12:42:44","date_gmt":"2023-03-27T10:42:44","guid":{"rendered":"https:\/\/www.botek.de\/?page_id=16925"},"modified":"2026-02-17T15:23:05","modified_gmt":"2026-02-17T14:23:05","slug":"webaruhaz-termekvalasztek","status":"publish","type":"page","link":"https:\/\/www.botek.de\/en\/online-shop\/webaruhaz-termekvalasztek\/","title":{"rendered":"Web\u00e1ruh\u00e1z term\u00e9kv\u00e1laszt\u00e9k"},"content":{"rendered":"<div class=\"fusion-fullwidth fullwidth-box fusion-builder-row-1 nonhundred-percent-fullwidth non-hundred-percent-height-scrolling\" style=\"--awb-border-radius-top-left:0px;--awb-border-radius-top-right:0px;--awb-border-radius-bottom-right:0px;--awb-border-radius-bottom-left:0px;--awb-flex-wrap:wrap;\" ><div class=\"fusion-builder-row fusion-row\"><div class=\"fusion-layout-column fusion_builder_column fusion-builder-column-0 fusion_builder_column_1_5 1_5 fusion-one-fifth fusion-column-first\" style=\"--awb-bg-size:cover;width:20%;width:calc(20% - ( ( 2% + 2% + 2% + 2% ) * 0.2 ) );margin-right: 2%;\"><div class=\"fusion-column-wrapper fusion-column-has-shadow fusion-flex-column-wrapper-legacy\"><div class=\"fusion-image-element in-legacy-container\" style=\"--awb-caption-title-font-family:var(--h2_typography-font-family);--awb-caption-title-font-weight:var(--h2_typography-font-weight);--awb-caption-title-font-style:var(--h2_typography-font-style);--awb-caption-title-size:var(--h2_typography-font-size);--awb-caption-title-transform:var(--h2_typography-text-transform);--awb-caption-title-line-height:var(--h2_typography-line-height);--awb-caption-title-letter-spacing:var(--h2_typography-letter-spacing);\"><span class=\" fusion-imageframe imageframe-none imageframe-1 hover-type-none\"><a class=\"fusion-no-lightbox\" href=\"https:\/\/www.botek.de\/en\/online-shop\/product-overview\/single-flute-gundrills\/\" target=\"_self\" aria-label=\"111 386 rzKachel_Icon_ELB_H_Bohrer_V2\"><img loading=\"lazy\" decoding=\"async\" width=\"380\" height=\"380\" src=\"https:\/\/www.botek.de\/wp-content\/uploads\/2023\/03\/111-386-rzKachel_Icon_ELB_H_Bohrer_V2.png\" alt class=\"img-responsive wp-image-16929\" srcset=\"https:\/\/www.botek.de\/wp-content\/uploads\/2023\/03\/111-386-rzKachel_Icon_ELB_H_Bohrer_V2-200x200.png 200w, https:\/\/www.botek.de\/wp-content\/uploads\/2023\/03\/111-386-rzKachel_Icon_ELB_H_Bohrer_V2.png 380w\" sizes=\"auto, (max-width: 1023px) 100vw, 380px\" \/><\/a><\/span><\/div><div class=\"fusion-clearfix\"><\/div><\/div><\/div><div class=\"fusion-layout-column fusion_builder_column fusion-builder-column-1 fusion_builder_column_1_5 1_5 fusion-one-fifth\" style=\"--awb-bg-size:cover;width:20%;width:calc(20% - ( ( 2% + 2% + 2% + 2% ) * 0.2 ) );margin-right: 2%;\"><div class=\"fusion-column-wrapper fusion-column-has-shadow fusion-flex-column-wrapper-legacy\"><div class=\"fusion-image-element in-legacy-container\" style=\"--awb-caption-title-font-family:var(--h2_typography-font-family);--awb-caption-title-font-weight:var(--h2_typography-font-weight);--awb-caption-title-font-style:var(--h2_typography-font-style);--awb-caption-title-size:var(--h2_typography-font-size);--awb-caption-title-transform:var(--h2_typography-text-transform);--awb-caption-title-line-height:var(--h2_typography-line-height);--awb-caption-title-letter-spacing:var(--h2_typography-letter-spacing);\"><span class=\" fusion-imageframe imageframe-none imageframe-2 hover-type-none\"><a class=\"fusion-no-lightbox\" href=\"https:\/\/www.botek.de\/en\/online-shop\/product-overview\/system-bta\/\" target=\"_self\" aria-label=\"111 386 Kachel_BTA_H_V1\"><img loading=\"lazy\" decoding=\"async\" width=\"380\" height=\"380\" src=\"https:\/\/www.botek.de\/wp-content\/uploads\/2023\/03\/111-386-Kachel_BTA_H_V1.png\" alt class=\"img-responsive wp-image-16927\" srcset=\"https:\/\/www.botek.de\/wp-content\/uploads\/2023\/03\/111-386-Kachel_BTA_H_V1-200x200.png 200w, https:\/\/www.botek.de\/wp-content\/uploads\/2023\/03\/111-386-Kachel_BTA_H_V1.png 380w\" sizes=\"auto, (max-width: 1023px) 100vw, 380px\" \/><\/a><\/span><\/div><div class=\"fusion-clearfix\"><\/div><\/div><\/div><div class=\"fusion-layout-column fusion_builder_column fusion-builder-column-2 fusion_builder_column_1_5 1_5 fusion-one-fifth\" style=\"--awb-bg-size:cover;width:20%;width:calc(20% - ( ( 2% + 2% + 2% + 2% ) * 0.2 ) );margin-right: 2%;\"><div class=\"fusion-column-wrapper fusion-column-has-shadow fusion-flex-column-wrapper-legacy\"><div class=\"fusion-image-element in-legacy-container\" style=\"--awb-caption-title-font-family:var(--h2_typography-font-family);--awb-caption-title-font-weight:var(--h2_typography-font-weight);--awb-caption-title-font-style:var(--h2_typography-font-style);--awb-caption-title-size:var(--h2_typography-font-size);--awb-caption-title-transform:var(--h2_typography-text-transform);--awb-caption-title-line-height:var(--h2_typography-line-height);--awb-caption-title-letter-spacing:var(--h2_typography-letter-spacing);\"><span class=\" fusion-imageframe imageframe-none imageframe-3 hover-type-none\"><a class=\"fusion-no-lightbox\" href=\"https:\/\/www.botek.de\/en\/online-shop\/product-overview\/system-ejector\/\" target=\"_self\" aria-label=\"111 386 Kachel_EJEKTOR_H_V1\"><img loading=\"lazy\" decoding=\"async\" width=\"380\" height=\"380\" src=\"https:\/\/www.botek.de\/wp-content\/uploads\/2023\/03\/111-386-Kachel_EJEKTOR_H_V1.png\" alt class=\"img-responsive wp-image-16928\" srcset=\"https:\/\/www.botek.de\/wp-content\/uploads\/2023\/03\/111-386-Kachel_EJEKTOR_H_V1-200x200.png 200w, https:\/\/www.botek.de\/wp-content\/uploads\/2023\/03\/111-386-Kachel_EJEKTOR_H_V1.png 380w\" sizes=\"auto, (max-width: 1023px) 100vw, 380px\" \/><\/a><\/span><\/div><div class=\"fusion-clearfix\"><\/div><\/div><\/div><div class=\"fusion-layout-column fusion_builder_column fusion-builder-column-3 fusion_builder_column_1_5 1_5 fusion-one-fifth\" style=\"--awb-bg-size:cover;width:20%;width:calc(20% - ( ( 2% + 2% + 2% + 2% ) * 0.2 ) );margin-right: 2%;\"><div class=\"fusion-column-wrapper fusion-column-has-shadow fusion-flex-column-wrapper-legacy\"><div class=\"fusion-image-element in-legacy-container\" style=\"--awb-caption-title-font-family:var(--h2_typography-font-family);--awb-caption-title-font-weight:var(--h2_typography-font-weight);--awb-caption-title-font-style:var(--h2_typography-font-style);--awb-caption-title-size:var(--h2_typography-font-size);--awb-caption-title-transform:var(--h2_typography-text-transform);--awb-caption-title-line-height:var(--h2_typography-line-height);--awb-caption-title-letter-spacing:var(--h2_typography-letter-spacing);\"><span class=\" fusion-imageframe imageframe-none imageframe-4 hover-type-none\"><a class=\"fusion-no-lightbox\" href=\"https:\/\/www.botek.de\/en\/online-shop\/product-overview\/solid-carbide-drills\/\" target=\"_self\" aria-label=\"111 386 rzKachel_Icon_VHM_H_Bohrer_V3\"><img loading=\"lazy\" decoding=\"async\" width=\"380\" height=\"380\" src=\"https:\/\/www.botek.de\/wp-content\/uploads\/2023\/03\/111-386-rzKachel_Icon_VHM_H_Bohrer_V3.png\" alt class=\"img-responsive wp-image-16931\" srcset=\"https:\/\/www.botek.de\/wp-content\/uploads\/2023\/03\/111-386-rzKachel_Icon_VHM_H_Bohrer_V3-200x200.png 200w, https:\/\/www.botek.de\/wp-content\/uploads\/2023\/03\/111-386-rzKachel_Icon_VHM_H_Bohrer_V3.png 380w\" sizes=\"auto, (max-width: 1023px) 100vw, 380px\" \/><\/a><\/span><\/div><div class=\"fusion-clearfix\"><\/div><\/div><\/div><div class=\"fusion-layout-column fusion_builder_column fusion-builder-column-4 fusion_builder_column_1_5 1_5 fusion-one-fifth fusion-column-last\" style=\"--awb-bg-size:cover;width:20%;width:calc(20% - ( ( 2% + 2% + 2% + 2% ) * 0.2 ) );\"><div class=\"fusion-column-wrapper fusion-column-has-shadow fusion-flex-column-wrapper-legacy\"><div class=\"fusion-image-element in-legacy-container\" style=\"--awb-caption-title-font-family:var(--h2_typography-font-family);--awb-caption-title-font-weight:var(--h2_typography-font-weight);--awb-caption-title-font-style:var(--h2_typography-font-style);--awb-caption-title-size:var(--h2_typography-font-size);--awb-caption-title-transform:var(--h2_typography-text-transform);--awb-caption-title-line-height:var(--h2_typography-line-height);--awb-caption-title-letter-spacing:var(--h2_typography-letter-spacing);\"><span class=\" fusion-imageframe imageframe-none imageframe-5 hover-type-none\"><a class=\"fusion-no-lightbox\" href=\"https:\/\/www.botek.de\/en\/online-shop\/product-overview\/milling-cutter\/\" target=\"_self\" aria-label=\"111 386 rzKachel_Icon_Fraesen_H_Bohrer_V2\"><img loading=\"lazy\" decoding=\"async\" width=\"380\" height=\"380\" src=\"https:\/\/www.botek.de\/wp-content\/uploads\/2023\/03\/111-386-rzKachel_Icon_Fraesen_H_Bohrer_V2.png\" alt class=\"img-responsive wp-image-16930\" srcset=\"https:\/\/www.botek.de\/wp-content\/uploads\/2023\/03\/111-386-rzKachel_Icon_Fraesen_H_Bohrer_V2-200x200.png 200w, https:\/\/www.botek.de\/wp-content\/uploads\/2023\/03\/111-386-rzKachel_Icon_Fraesen_H_Bohrer_V2.png 380w\" sizes=\"auto, (max-width: 1023px) 100vw, 380px\" \/><\/a><\/span><\/div><div class=\"fusion-clearfix\"><\/div><\/div><\/div><div class=\"fusion-layout-column fusion_builder_column fusion-builder-column-5 fusion_builder_column_1_5 1_5 fusion-one-fifth fusion-column-first\" style=\"--awb-bg-size:cover;width:20%;width:calc(20% - ( ( 2% + 2% + 2% + 2% ) * 0.2 ) );margin-right: 2%;\"><div class=\"fusion-column-wrapper fusion-column-has-shadow fusion-flex-column-wrapper-legacy\"><div class=\"fusion-image-element in-legacy-container\" style=\"--awb-caption-title-font-family:var(--h2_typography-font-family);--awb-caption-title-font-weight:var(--h2_typography-font-weight);--awb-caption-title-font-style:var(--h2_typography-font-style);--awb-caption-title-size:var(--h2_typography-font-size);--awb-caption-title-transform:var(--h2_typography-text-transform);--awb-caption-title-line-height:var(--h2_typography-line-height);--awb-caption-title-letter-spacing:var(--h2_typography-letter-spacing);\"><span class=\" fusion-imageframe imageframe-none imageframe-6 hover-type-none\"><a class=\"fusion-no-lightbox\" href=\"https:\/\/www.botek.de\/en\/online-shop\/product-overview\/accessoires\/\" target=\"_self\" aria-label=\"111 392 rzKachel_Zubehoer_H_V1\"><img loading=\"lazy\" decoding=\"async\" width=\"380\" height=\"380\" src=\"https:\/\/www.botek.de\/wp-content\/uploads\/2023\/03\/111-392-rzKachel_Zubehoer_H_V1.png\" alt class=\"img-responsive wp-image-16926\" srcset=\"https:\/\/www.botek.de\/wp-content\/uploads\/2023\/03\/111-392-rzKachel_Zubehoer_H_V1-200x200.png 200w, https:\/\/www.botek.de\/wp-content\/uploads\/2023\/03\/111-392-rzKachel_Zubehoer_H_V1.png 380w\" sizes=\"auto, (max-width: 1023px) 100vw, 380px\" \/><\/a><\/span><\/div><div class=\"fusion-clearfix\"><\/div><\/div><\/div><div class=\"fusion-layout-column fusion_builder_column fusion-builder-column-6 fusion_builder_column_1_5 1_5 fusion-one-fifth\" style=\"--awb-bg-size:cover;width:20%;width:calc(20% - ( ( 2% + 2% + 2% + 2% ) * 0.2 ) );margin-right: 2%;\"><div class=\"fusion-column-wrapper fusion-column-has-shadow fusion-flex-column-wrapper-legacy\"><div class=\"fusion-image-element in-legacy-container\" style=\"--awb-caption-title-font-family:var(--h2_typography-font-family);--awb-caption-title-font-weight:var(--h2_typography-font-weight);--awb-caption-title-font-style:var(--h2_typography-font-style);--awb-caption-title-size:var(--h2_typography-font-size);--awb-caption-title-transform:var(--h2_typography-text-transform);--awb-caption-title-line-height:var(--h2_typography-line-height);--awb-caption-title-letter-spacing:var(--h2_typography-letter-spacing);\"><span class=\" fusion-imageframe imageframe-none imageframe-7 hover-type-none\"><a class=\"fusion-no-lightbox\" href=\"https:\/\/www.botek.de\/en\/online-shop\/product-overview\/grinding-machines-grinding-devices\/\" target=\"_self\" aria-label=\"111 522 rzKachel_Schleifm_Schleifvorr_H_V1\"><img loading=\"lazy\" decoding=\"async\" width=\"380\" height=\"380\" src=\"https:\/\/www.botek.de\/wp-content\/uploads\/2025\/11\/111-522-rzKachel_Schleifm_Schleifvorr_H_V1.jpg\" alt class=\"img-responsive wp-image-30201\" srcset=\"https:\/\/www.botek.de\/wp-content\/uploads\/2025\/11\/111-522-rzKachel_Schleifm_Schleifvorr_H_V1-200x200.jpg 200w, https:\/\/www.botek.de\/wp-content\/uploads\/2025\/11\/111-522-rzKachel_Schleifm_Schleifvorr_H_V1.jpg 380w\" sizes=\"auto, (max-width: 1023px) 100vw, 380px\" \/><\/a><\/span><\/div><div class=\"fusion-clearfix\"><\/div><\/div><\/div><div class=\"fusion-layout-column fusion_builder_column fusion-builder-column-7 fusion_builder_column_1_5 1_5 fusion-one-fifth\" style=\"--awb-bg-size:cover;width:20%;width:calc(20% - ( ( 2% + 2% + 2% + 2% ) * 0.2 ) );margin-right: 2%;\"><div class=\"fusion-column-wrapper fusion-column-has-shadow fusion-flex-column-wrapper-legacy\"><div class=\"fusion-image-element in-legacy-container\" style=\"--awb-caption-title-font-family:var(--h2_typography-font-family);--awb-caption-title-font-weight:var(--h2_typography-font-weight);--awb-caption-title-font-style:var(--h2_typography-font-style);--awb-caption-title-size:var(--h2_typography-font-size);--awb-caption-title-transform:var(--h2_typography-text-transform);--awb-caption-title-line-height:var(--h2_typography-line-height);--awb-caption-title-letter-spacing:var(--h2_typography-letter-spacing);\"><span class=\" fusion-imageframe imageframe-none imageframe-8 hover-type-none\"><a class=\"fusion-no-lightbox\" href=\"https:\/\/www.botek.de\/en\/online-shop\/product-overview\/coolant-pressure-gauging-kit\/\" target=\"_self\" aria-label=\"111 522 rzKachel_Druckmesskoffer_H_V1\"><img loading=\"lazy\" decoding=\"async\" width=\"380\" height=\"380\" src=\"https:\/\/www.botek.de\/wp-content\/uploads\/2025\/11\/111-522-rzKachel_Druckmesskoffer_H_V1.jpg\" alt class=\"img-responsive wp-image-30207\" srcset=\"https:\/\/www.botek.de\/wp-content\/uploads\/2025\/11\/111-522-rzKachel_Druckmesskoffer_H_V1-200x200.jpg 200w, https:\/\/www.botek.de\/wp-content\/uploads\/2025\/11\/111-522-rzKachel_Druckmesskoffer_H_V1.jpg 380w\" sizes=\"auto, (max-width: 1023px) 100vw, 380px\" \/><\/a><\/span><\/div><div class=\"fusion-clearfix\"><\/div><\/div><\/div><div class=\"fusion-layout-column fusion_builder_column fusion-builder-column-8 fusion_builder_column_1_5 1_5 fusion-one-fifth\" style=\"--awb-bg-size:cover;width:20%;width:calc(20% - ( ( 2% + 2% + 2% + 2% ) * 0.2 ) );margin-right: 2%;\"><div class=\"fusion-column-wrapper fusion-column-has-shadow fusion-flex-column-wrapper-legacy\"><div class=\"fusion-image-element in-legacy-container\" style=\"--awb-caption-title-font-family:var(--h2_typography-font-family);--awb-caption-title-font-weight:var(--h2_typography-font-weight);--awb-caption-title-font-style:var(--h2_typography-font-style);--awb-caption-title-size:var(--h2_typography-font-size);--awb-caption-title-transform:var(--h2_typography-text-transform);--awb-caption-title-line-height:var(--h2_typography-line-height);--awb-caption-title-letter-spacing:var(--h2_typography-letter-spacing);\"><span class=\" fusion-imageframe imageframe-none imageframe-9 hover-type-none\"><a class=\"fusion-no-lightbox\" href=\"https:\/\/www.botek.de\/en\/online-shop\/product-overview\/axial-pulsator\/\" target=\"_self\" aria-label=\"111 522 rzKachel_Axialpulsator_H_V1\"><img loading=\"lazy\" decoding=\"async\" width=\"380\" height=\"380\" src=\"https:\/\/www.botek.de\/wp-content\/uploads\/2025\/11\/111-522-rzKachel_Axialpulsator_H_V1.jpg\" alt class=\"img-responsive wp-image-30225\" srcset=\"https:\/\/www.botek.de\/wp-content\/uploads\/2025\/11\/111-522-rzKachel_Axialpulsator_H_V1-200x200.jpg 200w, https:\/\/www.botek.de\/wp-content\/uploads\/2025\/11\/111-522-rzKachel_Axialpulsator_H_V1.jpg 380w\" sizes=\"auto, (max-width: 1023px) 100vw, 380px\" \/><\/a><\/span><\/div><div class=\"fusion-clearfix\"><\/div><\/div><\/div><div class=\"fusion-layout-column fusion_builder_column fusion-builder-column-9 fusion_builder_column_1_5 1_5 fusion-one-fifth fusion-column-last\" style=\"--awb-bg-size:cover;width:20%;width:calc(20% - ( ( 2% + 2% + 2% + 2% ) * 0.2 ) );\"><div class=\"fusion-column-wrapper fusion-column-has-shadow fusion-flex-column-wrapper-legacy\"><div class=\"fusion-clearfix\"><\/div><\/div><\/div><\/div><\/div>\n","protected":false},"excerpt":{"rendered":"","protected":false},"author":1,"featured_media":0,"parent":3454,"menu_order":0,"comment_status":"closed","ping_status":"closed","template":"","meta":{"footnotes":""},"class_list":["post-16925","page","type-page","status-publish","hentry"],"_links":{"self":[{"href":"https:\/\/www.botek.de\/en\/wp-json\/wp\/v2\/pages\/16925","targetHints":{"allow":["GET"]}}],"collection":[{"href":"https:\/\/www.botek.de\/en\/wp-json\/wp\/v2\/pages"}],"about":[{"href":"https:\/\/www.botek.de\/en\/wp-json\/wp\/v2\/types\/page"}],"author":[{"embeddable":true,"href":"https:\/\/www.botek.de\/en\/wp-json\/wp\/v2\/users\/1"}],"replies":[{"embeddable":true,"href":"https:\/\/www.botek.de\/en\/wp-json\/wp\/v2\/comments?post=16925"}],"version-history":[{"count":4,"href":"https:\/\/www.botek.de\/en\/wp-json\/wp\/v2\/pages\/16925\/revisions"}],"predecessor-version":[{"id":31039,"href":"https:\/\/www.botek.de\/en\/wp-json\/wp\/v2\/pages\/16925\/revisions\/31039"}],"up":[{"embeddable":true,"href":"https:\/\/www.botek.de\/en\/wp-json\/wp\/v2\/pages\/3454"}],"wp:attachment":[{"href":"https:\/\/www.botek.de\/en\/wp-json\/wp\/v2\/media?parent=16925"}],"curies":[{"name":"wp","href":"https:\/\/api.w.org\/{rel}","templated":true}]}}